{"id":10526,"date":"2021-04-17T14:43:28","date_gmt":"2021-04-17T14:43:28","guid":{"rendered":"https:\/\/mariafrieden-hamminkeln.de\/?page_id=10526"},"modified":"2021-04-18T07:56:44","modified_gmt":"2021-04-18T07:56:44","slug":"familiengottesdienst-fuer-zuhause-18-april-2021","status":"publish","type":"page","link":"https:\/\/mariafrieden-hamminkeln.de\/?page_id=10526","title":{"rendered":"Familiengottesdienst f\u00fcr Zuhause (18. April 2021)"},"content":{"rendered":"<table style=\"border-collapse: collapse; width: 100%;\">\n<tbody>\n<tr>\n<td style=\"width: 100%; background-color: #c8c8c8;\">\n<h1 style=\"text-align: center;\"><span style=\"font-size: 14pt; color: #ff6600;\">Gebrauchsanweisung: Familiengottesdienste f\u00fcr Zuhause<\/span><\/h1>\n<ul style=\"list-style-type: square;\">\n<li><span style=\"font-size: 10pt; color: #000000;\">Sie k\u00f6nnen diesen Gottesdienst f\u00fcr sich als Familie feiern. Sie k\u00f6nnen aber auch gemeinsam mit einer befreundeten Familie, den Nachbarn oder Gro\u00dfeltern tun.<\/span><\/li>\n<li><span style=\"font-size: 10pt; color: #000000;\">\u00dcberlegen Sie sich gemeinsam, zu welcher Uhrzeit Sie diesen Gottesdienst feiern m\u00f6chten. Vielleicht nehmen Sie die Gottesdienstzeit Ihrer Kirche.<\/span><\/li>\n<li><span style=\"font-size: 10pt; color: #000000;\">Suchen Sie sich gemeinsam einen Ort, an dem Sie gut diesen Gottesdienst feiern k\u00f6nnen. Das kann der Esstisch, die Couch im Wohnzimmer sein oder auch auf dem Teppichboden sitzend im Kinderzimmer.<\/span><\/li>\n<li><span style=\"font-size: 10pt; color: #000000;\">Schauen Sie, wie Sie diesen Ort gestalten. Wenn m\u00f6glich, z\u00fcnden Sie eine Kerze an und stellen Sie diese in die Mitte, legen eine (Kinder-)Bibel und evtl. ein kleines Wandkreuz dazu.<\/span><\/li>\n<li><span style=\"font-size: 10pt; color: #000000;\">Sie k\u00f6nnen einzelne oder alle Texte nehmen. Sie k\u00f6nnen sie selbst lesen bzw. beten oder auch einige anh\u00f6ren.<\/span><\/li>\n<\/ul>\n<\/td>\n<\/tr>\n<\/tbody>\n<\/table>\n<h1><span style=\"color: #ff0000; font-size: 18pt;\">Familiengottesdienst zum 18. April 2021<\/span><\/h1>\n<p><strong>Material: <\/strong>Legen Sie 5 Teelichter bereit, dann k\u00f6nnen Sie diese zu den F\u00fcrbitten anz\u00fcnden.<\/p>\n<p><em><span style=\"color: #0000ff;\">Per Mausklick auf den Pfeil die Audio-Datei abspielen. Wir starten mit Glockengel\u00e4ut:<\/span><\/em><\/p>\n<!--[if lt IE 9]><script>document.createElement('audio');<\/script><![endif]-->\n<audio class=\"wp-audio-shortcode\" id=\"audio-10526-1\" preload=\"none\" style=\"width: 100%;\" controls=\"controls\"><source type=\"audio\/mpeg\" src=\"https:\/\/mariafrieden-hamminkeln.de\/wp-content\/uploads\/2021\/02\/1-2021-02-21-Glocken-Gelaeut.mp3?_=1\" \/><a href=\"https:\/\/mariafrieden-hamminkeln.de\/wp-content\/uploads\/2021\/02\/1-2021-02-21-Glocken-Gelaeut.mp3\">https:\/\/mariafrieden-hamminkeln.de\/wp-content\/uploads\/2021\/02\/1-2021-02-21-Glocken-Gelaeut.mp3<\/a><\/audio>\n<p>&nbsp;<\/p>\n<p><span style=\"color: #0000ff;\"><em>Per Mausklick auf den Pfeil die Begr\u00fc\u00dfung abspielen:<\/em><\/span><\/p>\n<audio class=\"wp-audio-shortcode\" id=\"audio-10526-2\" preload=\"none\" style=\"width: 100%;\" controls=\"controls\"><source type=\"audio\/mpeg\" src=\"https:\/\/mariafrieden-hamminkeln.de\/wp-content\/uploads\/2021\/04\/2021-04-18-Begruessung.mp3?_=2\" \/><a href=\"https:\/\/mariafrieden-hamminkeln.de\/wp-content\/uploads\/2021\/04\/2021-04-18-Begruessung.mp3\">https:\/\/mariafrieden-hamminkeln.de\/wp-content\/uploads\/2021\/04\/2021-04-18-Begruessung.mp3<\/a><\/audio>\n<p style=\"padding-left: 40px;\"><span style=\"color: #008000;\"><strong>Begr\u00fc\u00dfung<\/strong><\/span><\/p>\n<p style=\"padding-left: 40px;\">Liebe Kinder, liebe Eltern, wie, sch\u00f6n, dass wir auf diesem Wege miteinander Gottesdienst feiern k\u00f6nnen. Der dritte Ostersonntag erz\u00e4hlt, dass der auferstandene Jesu seinen J\u00fcngern erscheint. Immer wieder sp\u00fcren die Freunde: Jesus ist mitten unter uns.<\/p>\n<p style=\"padding-left: 40px;\">Und so ist er nun auch bei uns, in unserer Mitte. Und wir beginnen in seinem Namen, indem wir das Kreuzzeichen machen.<\/p>\n<p style=\"padding-left: 40px;\"><strong>\u00a0<\/strong>Im Namen des Vaters und des Sohnes und des Heiligen Geistes. Amen.<\/p>\n<p style=\"padding-left: 40px;\">Wir feiern Jesus den Auferstandenen &#8211; Halleluja, Halleluja<\/p>\n<p><span style=\"color: #008000;\"><strong>Lied:<\/strong><\/span> Manchmal feiern wir mitten im Tag<\/p>\n<p><iframe loading=\"lazy\" title=\"Splitscreen Video zu Manchmal feiern wir mitten im Tag\" width=\"625\" height=\"352\" src=\"https:\/\/www.youtube.com\/embed\/DKwRgPJY1jI?feature=oembed\" frameborder=\"0\" allow=\"accelerometer; autoplay; clipboard-write; encrypted-media; gyroscope; picture-in-picture\" allowfullscreen><\/iframe><\/p>\n<p><span style=\"color: #008000;\"><span style=\"color: #3366ff;\"><i>F\u00fcr die Einleitung per Mausklick auf den Pfeil die Audio-Datei abspielen:<\/i><\/span><\/span><\/p>\n<audio class=\"wp-audio-shortcode\" id=\"audio-10526-3\" preload=\"none\" style=\"width: 100%;\" controls=\"controls\"><source type=\"audio\/mpeg\" src=\"https:\/\/mariafrieden-hamminkeln.de\/wp-content\/uploads\/2021\/04\/2021-04-18-Einfuehrung.mp3?_=3\" \/><a href=\"https:\/\/mariafrieden-hamminkeln.de\/wp-content\/uploads\/2021\/04\/2021-04-18-Einfuehrung.mp3\">https:\/\/mariafrieden-hamminkeln.de\/wp-content\/uploads\/2021\/04\/2021-04-18-Einfuehrung.mp3<\/a><\/audio>\n<p style=\"padding-left: 40px;\"><span style=\"color: #008000;\"><strong>Einleitung<\/strong><\/span><\/p>\n<p style=\"padding-left: 40px;\">Liebe Familien, ihr kennt doch sicherlich das Spiel: \u201eMein rechter, rechter Platz ist frei\u201c. Das ist ein beliebtes Spiel. Neben dir ist ein Platz frei und du kannst dir einen neuen Nachbarn\/ eine neue Nachbarin w\u00fcnschen. Ich rufe jemanden, den ich bei mir haben m\u00f6chte, der an meiner Seite sitzen soll, den ich ansehen, ansprechen und sogar anfassen kann. Das vermissen wir in der Corona-Zeit vielleicht am meisten. Jemanden nahe an meiner Seite zu haben.<\/p>\n<p style=\"padding-left: 40px;\"><img loading=\"lazy\" decoding=\"async\" class=\"alignright size-medium wp-image-10543\" src=\"https:\/\/mariafrieden-hamminkeln.de\/wp-content\/uploads\/2021\/04\/Entenfuettern-300x281.jpg\" alt=\"\" width=\"300\" height=\"281\" srcset=\"https:\/\/mariafrieden-hamminkeln.de\/wp-content\/uploads\/2021\/04\/Entenfuettern-300x281.jpg 300w, https:\/\/mariafrieden-hamminkeln.de\/wp-content\/uploads\/2021\/04\/Entenfuettern-1024x960.jpg 1024w, https:\/\/mariafrieden-hamminkeln.de\/wp-content\/uploads\/2021\/04\/Entenfuettern-768x720.jpg 768w, https:\/\/mariafrieden-hamminkeln.de\/wp-content\/uploads\/2021\/04\/Entenfuettern-624x585.jpg 624w, https:\/\/mariafrieden-hamminkeln.de\/wp-content\/uploads\/2021\/04\/Entenfuettern.jpg 1431w\" sizes=\"(max-width: 300px) 100vw, 300px\" \/>Das wollten auch die Freunde von Jesus. Sein Platz war frei, denn Jesus war am Kreuz gestorben. Aber seine Freunde w\u00fcnschten sich ihn zur\u00fcck. Ist das nicht ein unerh\u00f6rter Wunsch? Unerf\u00fcllbar? Wie kann Jesus zur\u00fcckkommen auf den freien Platz neben seinen Freunden? Davon h\u00f6ren wir heute im Evangelium und das feiern wir gemeinsam in diesem Gottesdienst.<\/p>\n<p style=\"padding-left: 40px;\">In Zeiten der Corona Pandemie bleibt bei uns auch manchmal ein Stuhl frei, da wir uns gegenseitig nicht besuchen d\u00fcrfen. Wir d\u00fcrfen nicht all unserer Freunde einladen. Vielleicht macht euch diese Leere traurig. So traurig wie die J\u00fcnger, die ihren Freund Jesus vermissten?! \u2013 Ich bin sicher: Jesus hat seinen Platz l\u00e4ngst eingenommen zwischen uns. Er will uns Mut machen, dass wir uns nicht von unseren \u00c4ngsten bestimmen lassen, sondern von unserer Vernunft und unserer Liebe zu anderen Menschen.<\/p>\n<p><span style=\"color: #008000;\"><span style=\"color: #3366ff;\"><i>F\u00fcr das Gebet per Mausklick auf den Pfeil die Audio-Datei abspielen:<\/i><\/span><\/span><\/p>\n<audio class=\"wp-audio-shortcode\" id=\"audio-10526-4\" preload=\"none\" style=\"width: 100%;\" controls=\"controls\"><source type=\"audio\/mpeg\" src=\"https:\/\/mariafrieden-hamminkeln.de\/wp-content\/uploads\/2021\/04\/2021-04-18-Gebet-zu-Beginn-online-audio-converter.com_.mp3?_=4\" \/><a href=\"https:\/\/mariafrieden-hamminkeln.de\/wp-content\/uploads\/2021\/04\/2021-04-18-Gebet-zu-Beginn-online-audio-converter.com_.mp3\">https:\/\/mariafrieden-hamminkeln.de\/wp-content\/uploads\/2021\/04\/2021-04-18-Gebet-zu-Beginn-online-audio-converter.com_.mp3<\/a><\/audio>\n<p style=\"padding-left: 40px;\"><span style=\"color: #008000;\"><strong>Gebet<\/strong><\/span><\/p>\n<p style=\"padding-left: 40px;\">Lasst uns gemeinsam beten: Lebendiger Gott. Du l\u00e4sst den Platz von Jesus nicht frei. Seine Freunde haben nach ihm gerufen, und das hat ihr Leben ver\u00e4ndert. Gib, dass auch wir ihn rufen und dabei feststellen, dass Jesus schon l\u00e4ngst bei uns ist und niemand alleine sein muss. Er f\u00fcllt in unseren Herzen die leeren Sitzpl\u00e4tze um uns herum. Darum bitten wir dich durch ihn, unseren Freund und Bruder. Amen.<\/p>\n<p><span style=\"color: #008000;\"><span style=\"color: #3366ff;\"><i>F\u00fcr das Evangelium per Mausklick auf den Pfeil die Audio-Datei abspielen:<\/i><\/span><\/span><\/p>\n<audio class=\"wp-audio-shortcode\" id=\"audio-10526-5\" preload=\"none\" style=\"width: 100%;\" controls=\"controls\"><source type=\"audio\/mpeg\" src=\"https:\/\/mariafrieden-hamminkeln.de\/wp-content\/uploads\/2021\/04\/2021-04-18-Evangelium.mp3?_=5\" \/><a href=\"https:\/\/mariafrieden-hamminkeln.de\/wp-content\/uploads\/2021\/04\/2021-04-18-Evangelium.mp3\">https:\/\/mariafrieden-hamminkeln.de\/wp-content\/uploads\/2021\/04\/2021-04-18-Evangelium.mp3<\/a><\/audio>\n<p style=\"padding-left: 40px;\"><span style=\"color: #008000;\"><strong>Evangelium<\/strong><\/span><\/p>\n<p style=\"padding-left: 40px;\">\u201eDas kann ich mir nicht vorstellen: Er wird wohl nicht mehr zur\u00fcckkommen.\u201c Alle waren sich unsicher und viele zweifelten. Einige hatten den Gedanken ganz aufgegeben. Niemand konnte etwas erkl\u00e4ren, von dem, was sie geh\u00f6rt hatten. Aber sie ahnten, glaubten und hofften, dass die Geschichte mit Jesus noch offen ist und sein Tod am Kreuz nicht der Schluss sein kann.<\/p>\n<p style=\"padding-left: 40px;\"><a href=\"https:\/\/mariafrieden-hamminkeln.de\/wp-content\/uploads\/2021\/04\/2021-F-EU-03OSo_B-001co.tif\"><img loading=\"lazy\" decoding=\"async\" class=\"alignright size-medium wp-image-10532\" src=\"https:\/\/mariafrieden-hamminkeln.de\/wp-content\/uploads\/2021\/04\/2021-F-EU-03OSo_B-001co.tif\" alt=\"\" width=\"1\" height=\"1\" \/><\/a><img loading=\"lazy\" decoding=\"async\" class=\"alignright size-medium wp-image-10532\" src=\"https:\/\/mariafrieden-hamminkeln.de\/wp-content\/uploads\/2021\/04\/2021-F-EU-03OSo_B-001co.tif\" alt=\"\" width=\"1\" height=\"1\" \/>So ungef\u00e4hr k\u00f6nnen wir uns die Stimmung der Freunde von Jesus vorstellen, die, wie Lukas in seinem Evangelium erz\u00e4hlt, dann allerdings ein sehr besonderes Erlebnis mit Jesus haben.<\/p>\n<p style=\"padding-left: 40px;\">Jesus war auferstanden. Die Freunde konnten das nicht verstehen. Sie waren zusammen und redeten \u00fcber alles, was mit Jesus passiert war. Auf einmal war Jesus auch da. Mitten unter den Freunden. Jesus sagte zu Ihnen: Friede soll mit euch sein. Die Freunde waren erschrocken. Und bekamen Angst. Sie dachten: Das ist ein Gespenst. Jesus sagte zu seinen Freunden: Keine Sorge. Ich bin es wirklich. Seid in eurem Herzen mutig. Ich bin kein Gespenst. Fasst mich an. Ich habe Knochen. Und Muskeln. Und Haut. Gespenster haben das nicht. Jesus zeigte seine H\u00e4nde. Und seine F\u00fc\u00dfe. Die Freunde staunten. Und freuten sich. Aber Sie konnten immer noch nicht glauben, dass Jesus wirklich lebt. Jesus sagte: Habt ihr f\u00fcr mich etwas zu essen? Die Freunde hatten gebratenen Fisch. Jesus a\u00df den gebratenen Fisch. Jesus sagte zu Ihnen: In der Bibel steht schon alles aufgeschrieben: Dass einer von Gott kommt. Dass der alles \u00fcber Gott erz\u00e4hlt. Dass er get\u00f6tet wird. Und dass er von den Toten aufersteht. Jetzt konnten die Freunde die Bibel besser verstehen. Jesus sagte zu Ihnen: Ihr sollt allen Menschen von Gott erz\u00e4hlen. Und alles, was in der Bibel steht. Weil ihr mich kennt. Und weil ihr alles von mir wisst. Und weil ihr alles selber erlebt habt.<\/p>\n<p style=\"padding-left: 40px;\"><em>(Lukas 24,35-48 in leichter Sprache, aus: <\/em><a href=\"https:\/\/www.evangelium-in-leichter-sprache.de\" target=\"_blank\" rel=\"noopener\"><em style=\"font-size: 1rem;\">www.evangelium-in-leichter-sprache.de<\/em><\/a><em style=\"font-size: 1rem;\">)<\/em><\/p>\n<p><span style=\"color: #008000;\"><strong>Katechese<\/strong><\/span><\/p>\n<p><img loading=\"lazy\" decoding=\"async\" class=\"alignright size-medium wp-image-10529\" src=\"https:\/\/mariafrieden-hamminkeln.de\/wp-content\/uploads\/2021\/04\/Titelbild-225x300.jpg\" alt=\"\" width=\"225\" height=\"300\" srcset=\"https:\/\/mariafrieden-hamminkeln.de\/wp-content\/uploads\/2021\/04\/Titelbild-225x300.jpg 225w, https:\/\/mariafrieden-hamminkeln.de\/wp-content\/uploads\/2021\/04\/Titelbild-767x1024.jpg 767w, https:\/\/mariafrieden-hamminkeln.de\/wp-content\/uploads\/2021\/04\/Titelbild-768x1025.jpg 768w, https:\/\/mariafrieden-hamminkeln.de\/wp-content\/uploads\/2021\/04\/Titelbild-624x833.jpg 624w, https:\/\/mariafrieden-hamminkeln.de\/wp-content\/uploads\/2021\/04\/Titelbild.jpg 1059w\" sizes=\"(max-width: 225px) 100vw, 225px\" \/>Vielleicht habt ihr ja Lust das Spiel \u201eMein rechter Platz ist frei\u201c etwas zu ver\u00e4ndern, und zwar so: Setze dich mit verbunden Augen auf einen Stuhl. Der Stuhl neben dir ist frei und du nennst eine Person, die neben dir Platz nehmen soll. Nun kannst du aber nicht sehen, ob auf dem Stuhl wirklich der oder die sitzt, die du gerufen hast.<\/p>\n<p>\u00dcberlegt mal, wie du nun den Unbekannten an deiner rechten Seite mit verbundenen Augen erkennen kannst?<\/p>\n<p>Du kannst ihn nach seinem Namen fragen.<\/p>\n<p>Oder du kannst ihn an seiner Stimme erkennen, wenn er ein Ger\u00e4usch macht.<\/p>\n<p>Du kannst den anderen aber auch anfassen und ertasten.<\/p>\n<p>Das mag in der Familie recht einfach sein. Aber wir machen das Ganze ein bisschen schwieriger. Versuch doch mal den anderen neben dir nur daran zu erkenne, wenn du seine Hand ertastest. Oder erkennst du jeder aus deiner Familie anhand der Nase?<\/p>\n<p>Manche Eltern erkennen ihre Kinder daran, wie sie die Trepper herunterlaufen oder daran, wie sie ins Haus kommen.<\/p>\n<p>Jesus wurde von seinen Freunden zun\u00e4chst nicht erkannt. Erst als er mit ihnen spricht, als sie ihn anfassen k\u00f6nnen und er mit ihnen isst, wissen sie, dass es Jesus ist.<\/p>\n<p>Und f\u00fcr ihn haben sie einen Platz frei. Jesus hat also noch immer \u2013 auch nach seinem Tod \u2013 einen freien und einen festen Platz in ihrem Leben.<\/p>\n<p>Wie kann Jesus einen freien und einen festen Platz in meinem Leben bekommen?<\/p>\n<p><span style=\"color: #008000;\"><strong>Lied:<\/strong><\/span> Wenn einer sagt<\/p>\n<p><iframe loading=\"lazy\" title=\"Kindermutmachlied\" width=\"625\" height=\"352\" src=\"https:\/\/www.youtube.com\/embed\/bGGb6DMHytE?feature=oembed\" frameborder=\"0\" allow=\"accelerometer; autoplay; clipboard-write; encrypted-media; gyroscope; picture-in-picture\" allowfullscreen><\/iframe><\/p>\n<p><span style=\"color: #008000;\"><strong>F\u00fcrbitten<\/strong><\/span><\/p>\n<p>Ein leerer Stuhl, kann zum Zeichen werden, dass wir auf jemanden warten und an ihn denken. So wenden wir uns gemeinsam an dich, Gott, und beten:<\/p>\n<ol>\n<li>F\u00fcr alle, die wir gerne an unserer Seite h\u00e4tten, die aber im Moment zu uns Abstand halten. Gott, wir z\u00fcnden eine Kerze an und bitten dich, erh\u00f6re uns.<\/li>\n<li>F\u00fcr alle, die keinen Platz finden, wo sie geliebt werden. Gott, wir z\u00fcnden eine Kerze an und bitten dich, erh\u00f6re uns.<\/li>\n<li>F\u00fcr Kinder und Jugendliche, die sich daf\u00fcr einsetzen, dass andere einen Platz im Kindergarten, in der Schule, im Freundeskreis oder auf der Arbeit haben. Gott, wir z\u00fcnden eine Kerze an und bitten dich, erh\u00f6re uns.<\/li>\n<li>F\u00fcr alle, die an Jesus glauben und f\u00fcr ihn einen Platz in ihrem Leben frei halten. Gott, wir z\u00fcnden eine Kerze an und bitten dich, erh\u00f6re uns.<\/li>\n<li>Wir beten f\u00fcr unsere lieben Verstorbenen, die immer einen Platz in unserem Leben behalten, und f\u00fcr alle, die gestorben sind und an die niemand mehr denkt. Gott, wir z\u00fcnden eine Kerze an und bitten dich, erh\u00f6re uns.<\/li>\n<\/ol>\n<p><span style=\"font-size: 1rem;\">Gott, immer wenn wir beten, bekommst du einen besonderen Platz in unserem Leben. Gib, dass wir uns f\u00fcr alle einsetzen, damit jeder seinen Platz im Leben finden kann. Darum bitten wir jetzt und allezeit durch Christus, unseren Bruder und Herrn. Amen.<\/span><\/p>\n<p><span style=\"color: #008000;\"><strong>Vaterunser<\/strong><\/span><\/p>\n<p>Wir stehen auf und beten gemeinsam: &#8222;Vater unser \u2026&#8220;<\/p>\n<p><span style=\"color: #0000ff;\"><em>F\u00fcr Schlussgebet und Segen per Mausklick auf den Pfeil die Audio-Datei abspielen:<\/em><\/span><\/p>\n<audio class=\"wp-audio-shortcode\" id=\"audio-10526-6\" preload=\"none\" style=\"width: 100%;\" controls=\"controls\"><source type=\"audio\/mpeg\" src=\"https:\/\/mariafrieden-hamminkeln.de\/wp-content\/uploads\/2021\/04\/2021-04-18-Schlussgbet-und-Segen.mp3?_=6\" \/><a href=\"https:\/\/mariafrieden-hamminkeln.de\/wp-content\/uploads\/2021\/04\/2021-04-18-Schlussgbet-und-Segen.mp3\">https:\/\/mariafrieden-hamminkeln.de\/wp-content\/uploads\/2021\/04\/2021-04-18-Schlussgbet-und-Segen.mp3<\/a><\/audio>\n<p style=\"padding-left: 40px;\"><span style=\"color: #008000;\"><strong>Schlussgebet und Segen<\/strong><\/span><\/p>\n<p style=\"padding-left: 40px;\">Gemeinsam wollen wir beten:<\/p>\n<p style=\"padding-left: 40px;\">Himmlischer Gott \u2013 bei dir ist ein Platz f\u00fcr jeden von uns frei.<br \/>\nGib, dass wir auch einander einen Platz in unserer Gemeinde<br \/>\nund in der Gemeinschaft frei halten und lass uns erkennen,<br \/>\nwenn du an unserer Seite sitzt.<br \/>\nDarum bitten wir dich durch Jesus Christus,<br \/>\nder unser Freund geworden ist.\u00a0 Amen.<\/p>\n<p style=\"padding-left: 40px;\">So wollen wir nun um seinen Segen bitten:<br \/>\nEs segne und besch\u00fctze, der uns liebende Gott.<br \/>\nDer Vater, der Sohn und der Heilige Geist.\u00a0 Amen.<\/p>\n<p><strong>\u00a0<\/strong><span style=\"color: #008000;\"><strong>Lied<\/strong>:<\/span> Herr, wir bitten komm und segne uns<\/p>\n<p><iframe loading=\"lazy\" title=\"Herr, wir bitten komm und segne uns\" width=\"625\" height=\"469\" src=\"https:\/\/www.youtube.com\/embed\/cT0e2iPprCA?feature=oembed\" frameborder=\"0\" allow=\"accelerometer; autoplay; clipboard-write; encrypted-media; gyroscope; picture-in-picture\" allowfullscreen><\/iframe><\/p>\n<p>Hier der <a href=\"https:\/\/mariafrieden-hamminkeln.de\/wp-content\/uploads\/2021\/04\/Ablauf-17.4.21.pdf\" target=\"_blank\" rel=\"noopener noreferrer\">gesamte Ablauf als PDF zum Download<\/a>.<\/p>\n ","protected":false},"excerpt":{"rendered":"<p>Gebrauchsanweisung: Familiengottesdienste f\u00fcr Zuhause Sie k\u00f6nnen diesen Gottesdienst f\u00fcr sich als Familie feiern. Sie k\u00f6nnen aber auch gemeinsam mit einer befreundeten Familie, den Nachbarn oder Gro\u00dfeltern tun. \u00dcberlegen Sie sich gemeinsam, zu welcher Uhrzeit Sie diesen Gottesdienst feiern m\u00f6chten. Vielleicht nehmen Sie die Gottesdienstzeit Ihrer Kirche. Suchen Sie sich gemeinsam einen Ort, an dem Sie [&hellip;]<\/p>\n","protected":false},"author":1,"featured_media":0,"parent":0,"menu_order":0,"comment_status":"closed","ping_status":"closed","template":"","meta":{"footnotes":""},"_links":{"self":[{"href":"https:\/\/mariafrieden-hamminkeln.de\/index.php?rest_route=\/wp\/v2\/pages\/10526"}],"collection":[{"href":"https:\/\/mariafrieden-hamminkeln.de\/index.php?rest_route=\/wp\/v2\/pages"}],"about":[{"href":"https:\/\/mariafrieden-hamminkeln.de\/index.php?rest_route=\/wp\/v2\/types\/page"}],"author":[{"embeddable":true,"href":"https:\/\/mariafrieden-hamminkeln.de\/index.php?rest_route=\/wp\/v2\/users\/1"}],"replies":[{"embeddable":true,"href":"https:\/\/mariafrieden-hamminkeln.de\/index.php?rest_route=%2Fwp%2Fv2%2Fcomments&post=10526"}],"version-history":[{"count":7,"href":"https:\/\/mariafrieden-hamminkeln.de\/index.php?rest_route=\/wp\/v2\/pages\/10526\/revisions"}],"predecessor-version":[{"id":10546,"href":"https:\/\/mariafrieden-hamminkeln.de\/index.php?rest_route=\/wp\/v2\/pages\/10526\/revisions\/10546"}],"wp:attachment":[{"href":"https:\/\/mariafrieden-hamminkeln.de\/index.php?rest_route=%2Fwp%2Fv2%2Fmedia&parent=10526"}],"curies":[{"name":"wp","href":"https:\/\/api.w.org\/{rel}","templated":true}]}}