{"id":12146,"date":"2022-03-03T15:04:17","date_gmt":"2022-03-03T15:04:17","guid":{"rendered":"https:\/\/mariafrieden-hamminkeln.de\/?page_id=12146"},"modified":"2023-11-08T14:21:02","modified_gmt":"2023-11-08T14:21:02","slug":"gemeinsam-gegen-den-krieg","status":"publish","type":"page","link":"https:\/\/mariafrieden-hamminkeln.de\/?page_id=12146","title":{"rendered":"Gemeinsam gegen den Krieg"},"content":{"rendered":"<h1><\/h1>\n<blockquote class=\"wp-embedded-content\" data-secret=\"qoUdNbNskD\"><p><a href=\"https:\/\/mariafrieden-hamminkeln.de\/?p=14647\">Spendenaufruf<\/a><\/p><\/blockquote>\n<p><iframe class=\"wp-embedded-content\" sandbox=\"allow-scripts\" security=\"restricted\" style=\"position: absolute; clip: rect(1px, 1px, 1px, 1px);\" title=\"&#8222;Spendenaufruf&#8220; &#8212; Pfarrei Maria Frieden Hamminkeln\" src=\"https:\/\/mariafrieden-hamminkeln.de\/?p=14647&#038;embed=true#?secret=18MFM70fzZ#?secret=qoUdNbNskD\" data-secret=\"qoUdNbNskD\" width=\"600\" height=\"338\" frameborder=\"0\" marginwidth=\"0\" marginheight=\"0\" scrolling=\"no\"><\/iframe><\/p>\n<h1 class=\"ntm_PLUebersichtH1\"><a href=\"https:\/\/isidor.bistum-muenster.de\/News\/Seiten\/Krieg-Ukraine-.aspx\">Gemeinsam gegen Krieg im Bistum M\u00fcnster<\/a><\/h1>\n<blockquote class=\"wp-embedded-content\" data-secret=\"urCxFxTehQ\"><p><a href=\"https:\/\/mariafrieden-hamminkeln.de\/?p=12369\">Gedanken zur jetzigen Lage in der Welt III<\/a><\/p><\/blockquote>\n<p><iframe class=\"wp-embedded-content\" sandbox=\"allow-scripts\" security=\"restricted\" style=\"position: absolute; clip: rect(1px, 1px, 1px, 1px);\" title=\"&#8222;Gedanken zur jetzigen Lage in der Welt III&#8220; &#8212; Pfarrei Maria Frieden Hamminkeln\" src=\"https:\/\/mariafrieden-hamminkeln.de\/?p=12369&#038;embed=true#?secret=IpvItWYA0B#?secret=urCxFxTehQ\" data-secret=\"urCxFxTehQ\" width=\"600\" height=\"338\" frameborder=\"0\" marginwidth=\"0\" marginheight=\"0\" scrolling=\"no\"><\/iframe><\/p>\n<blockquote class=\"wp-embedded-content\" data-secret=\"p1qGOFPnsX\"><p><a href=\"https:\/\/mariafrieden-hamminkeln.de\/?p=12376\">Spendenaufruf Kleiderkammer<\/a><\/p><\/blockquote>\n<p><iframe class=\"wp-embedded-content\" sandbox=\"allow-scripts\" security=\"restricted\" style=\"position: absolute; clip: rect(1px, 1px, 1px, 1px);\" title=\"&#8222;Spendenaufruf Kleiderkammer&#8220; &#8212; Pfarrei Maria Frieden Hamminkeln\" src=\"https:\/\/mariafrieden-hamminkeln.de\/?p=12376&#038;embed=true#?secret=Anrh0nPBYJ#?secret=p1qGOFPnsX\" data-secret=\"p1qGOFPnsX\" width=\"600\" height=\"338\" frameborder=\"0\" marginwidth=\"0\" marginheight=\"0\" scrolling=\"no\"><\/iframe><\/p>\n<blockquote class=\"wp-embedded-content\" data-secret=\"y3mULzeNrl\"><p><a href=\"https:\/\/mariafrieden-hamminkeln.de\/?p=12353\">Gedanken zur jetzigen Lage in der Welt I<\/a><\/p><\/blockquote>\n<p><iframe class=\"wp-embedded-content\" sandbox=\"allow-scripts\" security=\"restricted\" style=\"position: absolute; clip: rect(1px, 1px, 1px, 1px);\" title=\"&#8222;Gedanken zur jetzigen Lage in der Welt I&#8220; &#8212; Pfarrei Maria Frieden Hamminkeln\" src=\"https:\/\/mariafrieden-hamminkeln.de\/?p=12353&#038;embed=true#?secret=Eto6Wg6qQ9#?secret=y3mULzeNrl\" data-secret=\"y3mULzeNrl\" width=\"600\" height=\"338\" frameborder=\"0\" marginwidth=\"0\" marginheight=\"0\" scrolling=\"no\"><\/iframe><\/p>\n<blockquote class=\"wp-embedded-content\" data-secret=\"qcsVrw2WbK\"><p><a href=\"https:\/\/mariafrieden-hamminkeln.de\/?p=12356\">Ukrainische Griechische-Katholische Kirchengemeinde in M\u00fcnster<\/a><\/p><\/blockquote>\n<p><iframe class=\"wp-embedded-content\" sandbox=\"allow-scripts\" security=\"restricted\" style=\"position: absolute; clip: rect(1px, 1px, 1px, 1px);\" title=\"&#8222;Ukrainische Griechische-Katholische Kirchengemeinde in M\u00fcnster&#8220; &#8212; Pfarrei Maria Frieden Hamminkeln\" src=\"https:\/\/mariafrieden-hamminkeln.de\/?p=12356&#038;embed=true#?secret=e7ZGz3N1Qd#?secret=qcsVrw2WbK\" data-secret=\"qcsVrw2WbK\" width=\"600\" height=\"338\" frameborder=\"0\" marginwidth=\"0\" marginheight=\"0\" scrolling=\"no\"><\/iframe><\/p>\n<blockquote class=\"wp-embedded-content\" data-secret=\"Z8v3VWRZWJ\"><p><a href=\"https:\/\/mariafrieden-hamminkeln.de\/?p=12297\">An alle helfenden Menschen &#8211; Online-Tagesschulung<\/a><\/p><\/blockquote>\n<p><iframe class=\"wp-embedded-content\" sandbox=\"allow-scripts\" security=\"restricted\" style=\"position: absolute; clip: rect(1px, 1px, 1px, 1px);\" title=\"&#8222;An alle helfenden Menschen &#8211; Online-Tagesschulung&#8220; &#8212; Pfarrei Maria Frieden Hamminkeln\" src=\"https:\/\/mariafrieden-hamminkeln.de\/?p=12297&#038;embed=true#?secret=KjLBMJUDwZ#?secret=Z8v3VWRZWJ\" data-secret=\"Z8v3VWRZWJ\" width=\"600\" height=\"338\" frameborder=\"0\" marginwidth=\"0\" marginheight=\"0\" scrolling=\"no\"><\/iframe><\/p>\n<blockquote class=\"wp-embedded-content\" data-secret=\"wWAV494wWK\"><p><a href=\"https:\/\/mariafrieden-hamminkeln.de\/?p=12252\">Friedenszaun<\/a><\/p><\/blockquote>\n<p><iframe class=\"wp-embedded-content\" sandbox=\"allow-scripts\" security=\"restricted\" style=\"position: absolute; clip: rect(1px, 1px, 1px, 1px);\" title=\"&#8222;Friedenszaun&#8220; &#8212; Pfarrei Maria Frieden Hamminkeln\" src=\"https:\/\/mariafrieden-hamminkeln.de\/?p=12252&#038;embed=true#?secret=fiWuoVpd93#?secret=wWAV494wWK\" data-secret=\"wWAV494wWK\" width=\"600\" height=\"338\" frameborder=\"0\" marginwidth=\"0\" marginheight=\"0\" scrolling=\"no\"><\/iframe><\/p>\n<blockquote class=\"wp-embedded-content\" data-secret=\"0coDNFRx7R\"><p><a href=\"https:\/\/mariafrieden-hamminkeln.de\/?p=12217\">Ukraine-Fl\u00fcchtlinge: MehrhoogHilft freut sich \u00fcber breite Unterst\u00fctzung<\/a><\/p><\/blockquote>\n<p><iframe class=\"wp-embedded-content\" sandbox=\"allow-scripts\" security=\"restricted\" style=\"position: absolute; clip: rect(1px, 1px, 1px, 1px);\" title=\"&#8222;Ukraine-Fl\u00fcchtlinge: MehrhoogHilft freut sich \u00fcber breite Unterst\u00fctzung&#8220; &#8212; Pfarrei Maria Frieden Hamminkeln\" src=\"https:\/\/mariafrieden-hamminkeln.de\/?p=12217&#038;embed=true#?secret=Rj9E9XA2yR#?secret=0coDNFRx7R\" data-secret=\"0coDNFRx7R\" width=\"600\" height=\"338\" frameborder=\"0\" marginwidth=\"0\" marginheight=\"0\" scrolling=\"no\"><\/iframe><\/p>\n<blockquote class=\"wp-embedded-content\" data-secret=\"ersf5MCQMz\"><p><a href=\"https:\/\/mariafrieden-hamminkeln.de\/?p=12093\">Friedensgebet<\/a><\/p><\/blockquote>\n<p><iframe class=\"wp-embedded-content\" sandbox=\"allow-scripts\" security=\"restricted\" style=\"position: absolute; clip: rect(1px, 1px, 1px, 1px);\" title=\"&#8222;Friedensgebet&#8220; &#8212; Pfarrei Maria Frieden Hamminkeln\" src=\"https:\/\/mariafrieden-hamminkeln.de\/?p=12093&#038;embed=true#?secret=NlfF7cckwa#?secret=ersf5MCQMz\" data-secret=\"ersf5MCQMz\" width=\"600\" height=\"338\" frameborder=\"0\" marginwidth=\"0\" marginheight=\"0\" scrolling=\"no\"><\/iframe><\/p>\n<blockquote class=\"wp-embedded-content\" data-secret=\"7GdfQH4Sas\"><p><a href=\"https:\/\/mariafrieden-hamminkeln.de\/?p=12132\">Der Generalvikar des Bistums M\u00fcnster gibt folgende Anregung zum Gebet um den Frieden, die wir hiermit weitergeben:<\/a><\/p><\/blockquote>\n<p><iframe class=\"wp-embedded-content\" sandbox=\"allow-scripts\" security=\"restricted\" style=\"position: absolute; clip: rect(1px, 1px, 1px, 1px);\" title=\"&#8222;Der Generalvikar des Bistums M\u00fcnster gibt folgende Anregung zum Gebet um den Frieden, die wir hiermit weitergeben:&#8220; &#8212; Pfarrei Maria Frieden Hamminkeln\" src=\"https:\/\/mariafrieden-hamminkeln.de\/?p=12132&#038;embed=true#?secret=uQExEh7xAT#?secret=7GdfQH4Sas\" data-secret=\"7GdfQH4Sas\" width=\"600\" height=\"338\" frameborder=\"0\" marginwidth=\"0\" marginheight=\"0\" scrolling=\"no\"><\/iframe><\/p>\n<blockquote class=\"wp-embedded-content\" data-secret=\"MFWVLWWK5T\"><p><a href=\"https:\/\/mariafrieden-hamminkeln.de\/?p=12081\">Aus aktuellem Anlass: Friedensgebete<\/a><\/p><\/blockquote>\n<p><iframe class=\"wp-embedded-content\" sandbox=\"allow-scripts\" security=\"restricted\" style=\"position: absolute; clip: rect(1px, 1px, 1px, 1px);\" title=\"&#8222;Aus aktuellem Anlass: Friedensgebete&#8220; &#8212; Pfarrei Maria Frieden Hamminkeln\" src=\"https:\/\/mariafrieden-hamminkeln.de\/?p=12081&#038;embed=true#?secret=b11vr53h1k#?secret=MFWVLWWK5T\" data-secret=\"MFWVLWWK5T\" width=\"600\" height=\"338\" frameborder=\"0\" marginwidth=\"0\" marginheight=\"0\" scrolling=\"no\"><\/iframe><\/p>\n<blockquote class=\"wp-embedded-content\" data-secret=\"GFVDTQhuSP\"><p><a href=\"https:\/\/mariafrieden-hamminkeln.de\/?p=12076\">Wir beten um Frieden und Vers\u00f6hnung: Eucharistisches Gebet zum 1. Fastensonntag<\/a><\/p><\/blockquote>\n<p><iframe class=\"wp-embedded-content\" sandbox=\"allow-scripts\" security=\"restricted\" style=\"position: absolute; clip: rect(1px, 1px, 1px, 1px);\" title=\"&#8222;Wir beten um Frieden und Vers\u00f6hnung: Eucharistisches Gebet zum 1. Fastensonntag&#8220; &#8212; Pfarrei Maria Frieden Hamminkeln\" src=\"https:\/\/mariafrieden-hamminkeln.de\/?p=12076&#038;embed=true#?secret=iUXgNGZeF9#?secret=GFVDTQhuSP\" data-secret=\"GFVDTQhuSP\" width=\"600\" height=\"338\" frameborder=\"0\" marginwidth=\"0\" marginheight=\"0\" scrolling=\"no\"><\/iframe><\/p>\n ","protected":false},"excerpt":{"rendered":"<p>Spendenaufruf Gemeinsam gegen Krieg im Bistum M\u00fcnster Gedanken zur jetzigen Lage in der Welt III Spendenaufruf Kleiderkammer Gedanken zur jetzigen Lage in der Welt I Ukrainische Griechische-Katholische Kirchengemeinde in M\u00fcnster An alle helfenden Menschen &#8211; Online-Tagesschulung Friedenszaun Ukraine-Fl\u00fcchtlinge: MehrhoogHilft freut sich \u00fcber breite Unterst\u00fctzung Friedensgebet Der Generalvikar des Bistums M\u00fcnster gibt folgende Anregung zum Gebet [&hellip;]<\/p>\n","protected":false},"author":1,"featured_media":0,"parent":0,"menu_order":0,"comment_status":"closed","ping_status":"closed","template":"","meta":{"footnotes":""},"_links":{"self":[{"href":"https:\/\/mariafrieden-hamminkeln.de\/index.php?rest_route=\/wp\/v2\/pages\/12146"}],"collection":[{"href":"https:\/\/mariafrieden-hamminkeln.de\/index.php?rest_route=\/wp\/v2\/pages"}],"about":[{"href":"https:\/\/mariafrieden-hamminkeln.de\/index.php?rest_route=\/wp\/v2\/types\/page"}],"author":[{"embeddable":true,"href":"https:\/\/mariafrieden-hamminkeln.de\/index.php?rest_route=\/wp\/v2\/users\/1"}],"replies":[{"embeddable":true,"href":"https:\/\/mariafrieden-hamminkeln.de\/index.php?rest_route=%2Fwp%2Fv2%2Fcomments&post=12146"}],"version-history":[{"count":12,"href":"https:\/\/mariafrieden-hamminkeln.de\/index.php?rest_route=\/wp\/v2\/pages\/12146\/revisions"}],"predecessor-version":[{"id":14650,"href":"https:\/\/mariafrieden-hamminkeln.de\/index.php?rest_route=\/wp\/v2\/pages\/12146\/revisions\/14650"}],"wp:attachment":[{"href":"https:\/\/mariafrieden-hamminkeln.de\/index.php?rest_route=%2Fwp%2Fv2%2Fmedia&parent=12146"}],"curies":[{"name":"wp","href":"https:\/\/api.w.org\/{rel}","templated":true}]}}