{"id":17088,"date":"2026-04-20T08:03:14","date_gmt":"2026-04-20T08:03:14","guid":{"rendered":"https:\/\/mariafrieden-hamminkeln.de\/?page_id=17088"},"modified":"2026-04-20T08:05:27","modified_gmt":"2026-04-20T08:05:27","slug":"kinderchor-maria-frieden","status":"publish","type":"page","link":"https:\/\/mariafrieden-hamminkeln.de\/?page_id=17088","title":{"rendered":"Kinderchor Maria Frieden"},"content":{"rendered":"<p>\u2013 gemeinsam singen, gemeinsam wachsen<\/p>\n<div data-olk-copy-source=\"MessageBody\">\n<p>Fast 30 Kinder treffen sich regelm\u00e4\u00dfig in unserem Kinderchor \u2013 und jedes Mal wird mit Freude, Energie und ganz viel guter Laune gesungen. Hier steht nicht nur die Musik im Mittelpunkt, sondern auch das Miteinander: Freundschaften entstehen, Selbstvertrauen w\u00e4chst, und die Begeisterung f\u00fcrs Singen verbindet.<\/p>\n<p>Eingeladen sind alle Kinder ab dem 1. Schuljahr, die Lust haben, ihre Stimme auszuprobieren und Teil einer fr\u00f6hlichen Gemeinschaft zu werden. <strong>Die Proben finden alle 14 Tage montags um 17:30 Uhr im Pfarrheim St. Pankratius in Dingden statt<\/strong> \u2013 eine perfekte Gelegenheit, dem Alltag eine musikalische Note zu geben.<\/p>\n<p>Ein besonderer Moment war bereits der erste Auftritt bei der Familienosternacht 2026 in Ringenberg. Mit viel Mut und Stolz pr\u00e4sentierten die Kinder ihre Lieder und sorgten f\u00fcr eine wunderbare Atmosph\u00e4re. Wir wollen auch in allen anderen Kirchen unserer Pfarrei singen.<\/p>\n<p>Und das Beste: Unser Chor darf gerne noch wachsen! Neue Stimmen sind jederzeit herzlich willkommen.<\/p>\n<p>Mach mit, sei dabei \u2013 \u201eSing mit oder verpass was!\u201c<\/p>\n<p><span data-olk-copy-source=\"MessageBody\">Ansprechpartner f\u00fcr den Kinderchor sind Mariam van der Linde und Sven Joosten.<\/span><\/p>\n<p><a href=\"https:\/\/mariafrieden-hamminkeln.de\/wp-content\/uploads\/2026\/04\/Kinderchor-2026-04-20.jpg\"><img loading=\"lazy\" decoding=\"async\" class=\"alignleft size-full wp-image-17086\" src=\"https:\/\/mariafrieden-hamminkeln.de\/wp-content\/uploads\/2026\/04\/Kinderchor-2026-04-20.jpg\" alt=\"\" width=\"298\" height=\"420\" srcset=\"https:\/\/mariafrieden-hamminkeln.de\/wp-content\/uploads\/2026\/04\/Kinderchor-2026-04-20.jpg 298w, https:\/\/mariafrieden-hamminkeln.de\/wp-content\/uploads\/2026\/04\/Kinderchor-2026-04-20-213x300.jpg 213w\" sizes=\"(max-width: 298px) 100vw, 298px\" \/><\/a><\/p>\n<\/div>\n ","protected":false},"excerpt":{"rendered":"<p>\u2013 gemeinsam singen, gemeinsam wachsen Fast 30 Kinder treffen sich regelm\u00e4\u00dfig in unserem Kinderchor \u2013 und jedes Mal wird mit Freude, Energie und ganz viel guter Laune gesungen. Hier steht nicht nur die Musik im Mittelpunkt, sondern auch das Miteinander: Freundschaften entstehen, Selbstvertrauen w\u00e4chst, und die Begeisterung f\u00fcrs Singen verbindet. Eingeladen sind alle Kinder ab [&hellip;]<\/p>\n","protected":false},"author":1,"featured_media":0,"parent":0,"menu_order":0,"comment_status":"closed","ping_status":"closed","template":"","meta":{"footnotes":""},"_links":{"self":[{"href":"https:\/\/mariafrieden-hamminkeln.de\/index.php?rest_route=\/wp\/v2\/pages\/17088"}],"collection":[{"href":"https:\/\/mariafrieden-hamminkeln.de\/index.php?rest_route=\/wp\/v2\/pages"}],"about":[{"href":"https:\/\/mariafrieden-hamminkeln.de\/index.php?rest_route=\/wp\/v2\/types\/page"}],"author":[{"embeddable":true,"href":"https:\/\/mariafrieden-hamminkeln.de\/index.php?rest_route=\/wp\/v2\/users\/1"}],"replies":[{"embeddable":true,"href":"https:\/\/mariafrieden-hamminkeln.de\/index.php?rest_route=%2Fwp%2Fv2%2Fcomments&post=17088"}],"version-history":[{"count":2,"href":"https:\/\/mariafrieden-hamminkeln.de\/index.php?rest_route=\/wp\/v2\/pages\/17088\/revisions"}],"predecessor-version":[{"id":17091,"href":"https:\/\/mariafrieden-hamminkeln.de\/index.php?rest_route=\/wp\/v2\/pages\/17088\/revisions\/17091"}],"wp:attachment":[{"href":"https:\/\/mariafrieden-hamminkeln.de\/index.php?rest_route=%2Fwp%2Fv2%2Fmedia&parent=17088"}],"curies":[{"name":"wp","href":"https:\/\/api.w.org\/{rel}","templated":true}]}}