{"id":1777,"date":"2015-08-25T08:04:13","date_gmt":"2015-08-25T08:04:13","guid":{"rendered":"http:\/\/mariafrieden-hamminkeln.de\/?page_id=1777"},"modified":"2023-05-09T09:40:23","modified_gmt":"2023-05-09T09:40:23","slug":"essen-auf-raedern","status":"publish","type":"page","link":"https:\/\/mariafrieden-hamminkeln.de\/?page_id=1777","title":{"rendered":"Essen auf R\u00e4dern"},"content":{"rendered":"<p dir=\"LTR\" align=\"JUSTIFY\"><img loading=\"lazy\" decoding=\"async\" class=\"alignright wp-image-8268 size-medium\" src=\"https:\/\/mariafrieden-hamminkeln.de\/wp-content\/uploads\/2020\/04\/Essen-auf-R\u00e4dern-e1585854379450-300x169.jpg\" alt=\"\" width=\"300\" height=\"169\" srcset=\"https:\/\/mariafrieden-hamminkeln.de\/wp-content\/uploads\/2020\/04\/Essen-auf-R\u00e4dern-e1585854379450-300x169.jpg 300w, https:\/\/mariafrieden-hamminkeln.de\/wp-content\/uploads\/2020\/04\/Essen-auf-R\u00e4dern-e1585854379450-768x432.jpg 768w, https:\/\/mariafrieden-hamminkeln.de\/wp-content\/uploads\/2020\/04\/Essen-auf-R\u00e4dern-e1585854379450-1024x576.jpg 1024w, https:\/\/mariafrieden-hamminkeln.de\/wp-content\/uploads\/2020\/04\/Essen-auf-R\u00e4dern-e1585854379450-624x351.jpg 624w\" sizes=\"(max-width: 300px) 100vw, 300px\" \/>Seit 35 Jahren verteilen wir jetzt schon an unsere \u00e4lteren und bed\u00fcrftigen Mitb\u00fcrger in allen Ortsteilen der Stadt Hamminkeln, aufgeteilt in acht Bezirke, t\u00e4glich eine warme Mahlzeit. Es sind zurzeit etwa 150 regelm\u00e4\u00dfige Essensempf\u00e4nger. Damit alle Essensempf\u00e4nger rechtzeitig ihr Mittagessen bekommen, sind 329 regelm\u00e4\u00dfige Fahrer und Beifahrer unterwegs. Am 1. Januar 2014 wurde die einmillionste Mahlzeit verteilt und die Fahrleistung der Ehrenamtlichen mit ihren privaten Fahrzeugen lag bei \u00fcber drei Millionen Kilometern.<br \/>\nAll den ehrenamtlichen Helferinnen und Helfern hiermit ein \u00f6ffentliches Danke f\u00fcr den treuen und stetigen Einsatz beim Mahlzeitendienst.<br \/>\nDoch leider haben wir bei den Fahrern und Beifahrern ein hohes Durchschnittsalter erreicht, sodass zu der regelm\u00e4\u00dfigen Planerstellung alle 16 Wochen immer wieder eini-<br \/>\nge Helferinnen und Helfer aus Alters- und Gesundheitsgr\u00fcnden ausfallen.<\/p>\n<p dir=\"LTR\" align=\"JUSTIFY\">Um diesen viel gepriesenen Dienst weiterhin anbieten zu k\u00f6nnen, brauchen wir immer wieder j\u00fcngere Helferinnen und Helfer, die bereit sind, etwa einmal\u00a0 pro Monat in der Zeit von 11 bis 13 Uhr in einem Bezirk die Mahlzeiten mit ihrem Privatwagen zu verteilen. Dieser ehrenamtliche Dienst wird so wunschgem\u00e4\u00df eingeteilt und eingeplant und kann zus\u00e4tzlich auch ganz kurzfristig getauscht werden, sodass nie Druck und Stress entstehen.<\/p>\n<p dir=\"LTR\" align=\"LEFT\">Wir suchen sowohl Helferinnen\u00a0 und Helfer f\u00fcr das Wochenende (samstags und\/oder sonntags) als auch f\u00fcr die einzelnen Werktage. Man kann auch drei bis f\u00fcnf Tage hintereinander fahren und hat dann 16 Wochen dienstfrei.<\/p>\n<p dir=\"LTR\" align=\"JUSTIFY\">Die vielen \u00e4lteren und bed\u00fcrftigen Mitb\u00fcrger sind auf die stetige, zuk\u00fcnftige Mithilfe angewiesen und freuen sich. Sie sind dankbar f\u00fcr jeden neuen Helfer. Dieser ehrenamtliche, ambulante Dienst tr\u00e4gt erheblich dazu bei, dass viele \u00e4ltere Mitb\u00fcrger noch weiterhin in ihrer Wohnung leben k\u00f6nnen und nicht in ein Heim umziehen m\u00fcssen.<\/p>\n<p dir=\"LTR\" align=\"LEFT\"><span style=\"color: #ff0000;\">Anmeldungen und Informationen bei:<\/span><\/p>\n<p>Mahlzeitendienst Essen auf R\u00e4dern<br \/>\nSt. Josef-Haus gGmbH<br \/>\nMarienvreder\u00a0 Str. 4<br \/>\n46499 Hamminkeln<\/p>\n<p>Tel.:\u00a0 0157 3105 2697<\/p>\n<p>Email: <a href=\"mailto:U.Kruse@st-josef-haus-dingden.de\">U.Kruse@st-josef-haus-dingden.de<\/a><\/p>\n<blockquote class=\"wp-embedded-content\" data-secret=\"dYoRXYU2ZT\"><p><a href=\"https:\/\/mariafrieden-hamminkeln.de\/?p=12055\">Ehrwin des Monats Februar 2022<\/a><\/p><\/blockquote>\n<p><iframe class=\"wp-embedded-content\" sandbox=\"allow-scripts\" security=\"restricted\" style=\"position: absolute; clip: rect(1px, 1px, 1px, 1px);\" title=\"&#8222;Ehrwin des Monats Februar 2022&#8220; &#8212; Pfarrei Maria Frieden Hamminkeln\" src=\"https:\/\/mariafrieden-hamminkeln.de\/?p=12055&#038;embed=true#?secret=vMwzveekzW#?secret=dYoRXYU2ZT\" data-secret=\"dYoRXYU2ZT\" width=\"600\" height=\"338\" frameborder=\"0\" marginwidth=\"0\" marginheight=\"0\" scrolling=\"no\"><\/iframe><\/p>\n ","protected":false},"excerpt":{"rendered":"<p>Seit 35 Jahren verteilen wir jetzt schon an unsere \u00e4lteren und bed\u00fcrftigen Mitb\u00fcrger in allen Ortsteilen der Stadt Hamminkeln, aufgeteilt in acht Bezirke, t\u00e4glich eine warme Mahlzeit. Es sind zurzeit etwa 150 regelm\u00e4\u00dfige Essensempf\u00e4nger. Damit alle Essensempf\u00e4nger rechtzeitig ihr Mittagessen bekommen, sind 329 regelm\u00e4\u00dfige Fahrer und Beifahrer unterwegs. Am 1. Januar 2014 wurde die einmillionste [&hellip;]<\/p>\n","protected":false},"author":1,"featured_media":0,"parent":1775,"menu_order":0,"comment_status":"closed","ping_status":"closed","template":"","meta":{"footnotes":""},"_links":{"self":[{"href":"https:\/\/mariafrieden-hamminkeln.de\/index.php?rest_route=\/wp\/v2\/pages\/1777"}],"collection":[{"href":"https:\/\/mariafrieden-hamminkeln.de\/index.php?rest_route=\/wp\/v2\/pages"}],"about":[{"href":"https:\/\/mariafrieden-hamminkeln.de\/index.php?rest_route=\/wp\/v2\/types\/page"}],"author":[{"embeddable":true,"href":"https:\/\/mariafrieden-hamminkeln.de\/index.php?rest_route=\/wp\/v2\/users\/1"}],"replies":[{"embeddable":true,"href":"https:\/\/mariafrieden-hamminkeln.de\/index.php?rest_route=%2Fwp%2Fv2%2Fcomments&post=1777"}],"version-history":[{"count":9,"href":"https:\/\/mariafrieden-hamminkeln.de\/index.php?rest_route=\/wp\/v2\/pages\/1777\/revisions"}],"predecessor-version":[{"id":13978,"href":"https:\/\/mariafrieden-hamminkeln.de\/index.php?rest_route=\/wp\/v2\/pages\/1777\/revisions\/13978"}],"up":[{"embeddable":true,"href":"https:\/\/mariafrieden-hamminkeln.de\/index.php?rest_route=\/wp\/v2\/pages\/1775"}],"wp:attachment":[{"href":"https:\/\/mariafrieden-hamminkeln.de\/index.php?rest_route=%2Fwp%2Fv2%2Fmedia&parent=1777"}],"curies":[{"name":"wp","href":"https:\/\/api.w.org\/{rel}","templated":true}]}}