{"id":18,"date":"2014-03-29T10:04:27","date_gmt":"2014-03-29T10:04:27","guid":{"rendered":"http:\/\/mariafrieden-hamminkeln.de\/?page_id=18"},"modified":"2014-09-02T14:45:33","modified_gmt":"2014-09-02T14:45:33","slug":"gruppen-und-verbaende","status":"publish","type":"page","link":"https:\/\/mariafrieden-hamminkeln.de\/?page_id=18","title":{"rendered":"Gruppen"},"content":{"rendered":"<div id=\"attachment_815\" style=\"width: 223px\" class=\"wp-caption alignright\"><a href=\"http:\/\/mariafrieden-hamminkeln.de\/wp-content\/uploads\/2014\/03\/Feiernde_Kirche_farbig_by_factum_adp_pfarrbriefservice1.jpg\"><img loading=\"lazy\" decoding=\"async\" aria-describedby=\"caption-attachment-815\" class=\" wp-image-815    \" alt=\"(c) Pfarrbriefservice.de\" src=\"http:\/\/mariafrieden-hamminkeln.de\/wp-content\/uploads\/2014\/03\/Feiernde_Kirche_farbig_by_factum_adp_pfarrbriefservice1-1024x723.jpg\" width=\"213\" height=\"150\" srcset=\"https:\/\/mariafrieden-hamminkeln.de\/wp-content\/uploads\/2014\/03\/Feiernde_Kirche_farbig_by_factum_adp_pfarrbriefservice1-1024x723.jpg 1024w, https:\/\/mariafrieden-hamminkeln.de\/wp-content\/uploads\/2014\/03\/Feiernde_Kirche_farbig_by_factum_adp_pfarrbriefservice1-300x212.jpg 300w, https:\/\/mariafrieden-hamminkeln.de\/wp-content\/uploads\/2014\/03\/Feiernde_Kirche_farbig_by_factum_adp_pfarrbriefservice1-624x441.jpg 624w\" sizes=\"(max-width: 213px) 100vw, 213px\" \/><\/a><p id=\"caption-attachment-815\" class=\"wp-caption-text\">(c) Pfarrbriefservice.de<\/p><\/div>\n<p>Zahlreiche Gruppierungen und Verb\u00e4nde bereichern das Leben in unserer Pfarrei. Viele hundert Frauen und M\u00e4nner, Jugendliche und Kinder sind aktiv. Sie treffen sich regelm\u00e4\u00dfig zu Gruppenstunden oder Vereinsabenden. Das geistliche Leben ist ebenso wichtig wie das gesellige Miteinander. Maria Frieden ist ohne die Gruppen undenkbar.<\/p>\n<p>\u00dcber das Auswahlmen\u00fc in der Kopfleiste k\u00f6nnen die Verb\u00e4nde und Gruppierungen erreicht werden. Entweder gibt es direkt Informationen zu Aktivit\u00e4ten und Ansprechpartnern oder den Link zur eigenen Homepage.<\/p>\n ","protected":false},"excerpt":{"rendered":"<p>Zahlreiche Gruppierungen und Verb\u00e4nde bereichern das Leben in unserer Pfarrei. Viele hundert Frauen und M\u00e4nner, Jugendliche und Kinder sind aktiv. Sie treffen sich regelm\u00e4\u00dfig zu Gruppenstunden oder Vereinsabenden. Das geistliche Leben ist ebenso wichtig wie das gesellige Miteinander. Maria Frieden ist ohne die Gruppen undenkbar. \u00dcber das Auswahlmen\u00fc in der Kopfleiste k\u00f6nnen die Verb\u00e4nde und [&hellip;]<\/p>\n","protected":false},"author":1,"featured_media":0,"parent":0,"menu_order":5,"comment_status":"closed","ping_status":"closed","template":"","meta":{"footnotes":""},"_links":{"self":[{"href":"https:\/\/mariafrieden-hamminkeln.de\/index.php?rest_route=\/wp\/v2\/pages\/18"}],"collection":[{"href":"https:\/\/mariafrieden-hamminkeln.de\/index.php?rest_route=\/wp\/v2\/pages"}],"about":[{"href":"https:\/\/mariafrieden-hamminkeln.de\/index.php?rest_route=\/wp\/v2\/types\/page"}],"author":[{"embeddable":true,"href":"https:\/\/mariafrieden-hamminkeln.de\/index.php?rest_route=\/wp\/v2\/users\/1"}],"replies":[{"embeddable":true,"href":"https:\/\/mariafrieden-hamminkeln.de\/index.php?rest_route=%2Fwp%2Fv2%2Fcomments&post=18"}],"version-history":[{"count":5,"href":"https:\/\/mariafrieden-hamminkeln.de\/index.php?rest_route=\/wp\/v2\/pages\/18\/revisions"}],"predecessor-version":[{"id":817,"href":"https:\/\/mariafrieden-hamminkeln.de\/index.php?rest_route=\/wp\/v2\/pages\/18\/revisions\/817"}],"wp:attachment":[{"href":"https:\/\/mariafrieden-hamminkeln.de\/index.php?rest_route=%2Fwp%2Fv2%2Fmedia&parent=18"}],"curies":[{"name":"wp","href":"https:\/\/api.w.org\/{rel}","templated":true}]}}