{"id":192,"date":"2014-04-02T09:24:09","date_gmt":"2014-04-02T09:24:09","guid":{"rendered":"http:\/\/mariafrieden-hamminkeln.de\/?page_id=192"},"modified":"2024-04-03T14:55:55","modified_gmt":"2024-04-03T14:55:55","slug":"erstkommunion","status":"publish","type":"page","link":"https:\/\/mariafrieden-hamminkeln.de\/?page_id=192","title":{"rendered":"Erstkommunion"},"content":{"rendered":"<p><span style=\"color: #339966;\"><strong>Ich will bei dir zu Gast sein<\/strong><\/span><\/p>\n<p style=\"text-align: center;\"><a href=\"http:\/\/mariafrieden-hamminkeln.de\/wp-content\/uploads\/2014\/04\/erstkommunion.jpg\"><img loading=\"lazy\" decoding=\"async\" class=\" wp-image-2559 aligncenter\" src=\"http:\/\/mariafrieden-hamminkeln.de\/wp-content\/uploads\/2014\/04\/erstkommunion.jpg\" alt=\"erstkommunion\" width=\"1006\" height=\"407\" srcset=\"https:\/\/mariafrieden-hamminkeln.de\/wp-content\/uploads\/2014\/04\/erstkommunion.jpg 1006w, https:\/\/mariafrieden-hamminkeln.de\/wp-content\/uploads\/2014\/04\/erstkommunion-300x121.jpg 300w, https:\/\/mariafrieden-hamminkeln.de\/wp-content\/uploads\/2014\/04\/erstkommunion-624x252.jpg 624w\" sizes=\"(max-width: 1006px) 100vw, 1006px\" \/><\/a><\/p>\n<p style=\"text-align: justify;\"><em>\u201eUnd er nahm das Brot, sagte Dank, brach es und gab es ihnen mit den Worten: Das ist mein Leib, der f\u00fcr euch hingegeben wird, tut dies zu meinem Ged\u00e4chtnis.\u201c (Lk 22,19)<\/em><\/p>\n<p style=\"text-align: justify;\">In der Erstkommunion erfahren Kinder, dass sie eingeladen sind in die Mahlgemeinschaft mit Jesus Christus, der Gemeinschaft untereinander, also auch mit der Kirche, die aus allen Gl\u00e4ubigen besteht.<\/p>\n<p style=\"text-align: justify;\">In der Mahlgemeinschaft bezeugen katholische Christen, dass es Christus ist der einl\u00e4dt, der sich selber als Brot des Lebens hingibt.\u00a0Damit ist die Erstkommunion ein wichtiger Schritt in die Verbundenheit mit Gott und seiner Kirche.<\/p>\n<p style=\"text-align: justify;\">In unserer Pfarrei Maria Frieden werden die Kinder im dritten Schuljahr eingeladen, sich auf die Erstkommunion vorzubereiten.<\/p>\n<p style=\"text-align: justify;\">In die Erstkommunionvorbereitung geh\u00f6rt f\u00fcr uns auch das Kennenlernen von Verantwortung f\u00fcr das eigene Handeln, Scheitern, S\u00fcnde und Schuld sowie Vergebung und Neuanfang. So werden die Kinder auch das Sakrament der Bu\u00dfe und der Vers\u00f6hnung mit Gott erfahren.<\/p>\n<p style=\"text-align: justify;\">Nach einem Eltern-Informationstreffen im Herbst, k\u00f6nnen die Kinder angemeldet werden.<\/p>\n<p style=\"text-align: justify;\">Die Vorbereitungszeit f\u00fcr die Kinder beginnt Ende November\/ Anfang Dezember eines Jahres und besteht aus mehrere Treffen in der Klein- und Gro\u00dfgruppe, aus Weggottesdiensten und der Teilnahme an den Gemeindegottesdiensten.<\/p>\n<p style=\"text-align: justify;\">Die Termine der Erstkommunionfeiern liegen in dem Zeitraum zwischen Wei\u00dfen Sonntag und dem Sonntag vor Pfingsten.<\/p>\n<p><span style=\"text-decoration: underline;\"><span style=\"color: #339966; text-decoration: underline;\"><strong>Ansprechpartnerin<br \/>\n<\/strong><\/span><\/span>Pastoralreferentin<br \/>\nSandra Joosten<br \/>\n02852 \/ 96 08 09 &#8211; 416<br \/>\nMail: <a href=\"mailto:joosten-s@bistum-muenster.de\">joosten-s@bistum-muenster.de<\/a><\/p>\n ","protected":false},"excerpt":{"rendered":"<p>Ich will bei dir zu Gast sein \u201eUnd er nahm das Brot, sagte Dank, brach es und gab es ihnen mit den Worten: Das ist mein Leib, der f\u00fcr euch hingegeben wird, tut dies zu meinem Ged\u00e4chtnis.\u201c (Lk 22,19) In der Erstkommunion erfahren Kinder, dass sie eingeladen sind in die Mahlgemeinschaft mit Jesus Christus, der [&hellip;]<\/p>\n","protected":false},"author":1,"featured_media":0,"parent":20,"menu_order":3,"comment_status":"closed","ping_status":"closed","template":"","meta":{"footnotes":""},"_links":{"self":[{"href":"https:\/\/mariafrieden-hamminkeln.de\/index.php?rest_route=\/wp\/v2\/pages\/192"}],"collection":[{"href":"https:\/\/mariafrieden-hamminkeln.de\/index.php?rest_route=\/wp\/v2\/pages"}],"about":[{"href":"https:\/\/mariafrieden-hamminkeln.de\/index.php?rest_route=\/wp\/v2\/types\/page"}],"author":[{"embeddable":true,"href":"https:\/\/mariafrieden-hamminkeln.de\/index.php?rest_route=\/wp\/v2\/users\/1"}],"replies":[{"embeddable":true,"href":"https:\/\/mariafrieden-hamminkeln.de\/index.php?rest_route=%2Fwp%2Fv2%2Fcomments&post=192"}],"version-history":[{"count":32,"href":"https:\/\/mariafrieden-hamminkeln.de\/index.php?rest_route=\/wp\/v2\/pages\/192\/revisions"}],"predecessor-version":[{"id":15335,"href":"https:\/\/mariafrieden-hamminkeln.de\/index.php?rest_route=\/wp\/v2\/pages\/192\/revisions\/15335"}],"up":[{"embeddable":true,"href":"https:\/\/mariafrieden-hamminkeln.de\/index.php?rest_route=\/wp\/v2\/pages\/20"}],"wp:attachment":[{"href":"https:\/\/mariafrieden-hamminkeln.de\/index.php?rest_route=%2Fwp%2Fv2%2Fmedia&parent=192"}],"curies":[{"name":"wp","href":"https:\/\/api.w.org\/{rel}","templated":true}]}}