{"id":194,"date":"2014-04-02T09:24:26","date_gmt":"2014-04-02T09:24:26","guid":{"rendered":"http:\/\/mariafrieden-hamminkeln.de\/?page_id=194"},"modified":"2020-12-30T10:52:56","modified_gmt":"2020-12-30T10:52:56","slug":"krankensalbung","status":"publish","type":"page","link":"https:\/\/mariafrieden-hamminkeln.de\/?page_id=194","title":{"rendered":"Krankensalbung"},"content":{"rendered":"<p><a href=\"http:\/\/mariafrieden-hamminkeln.de\/wp-content\/uploads\/2014\/04\/Krankensalbung.jpg\"><img loading=\"lazy\" decoding=\"async\" class=\"alignleft wp-image-276\" style=\"width: 583px;\" src=\"http:\/\/mariafrieden-hamminkeln.de\/wp-content\/uploads\/2014\/04\/Krankensalbung-300x103.jpg\" alt=\"Krankensalbung\" width=\"300\" height=\"113\" \/><\/a><\/p>\n<p>&nbsp;<\/p>\n<p>&nbsp;<\/p>\n<p>&nbsp;<\/p>\n<p>&nbsp;<\/p>\n<p>&nbsp;<\/p>\n<p style=\"text-align: justify;\">Das Sakrament der Krankensalbung k\u00f6nnen alle empfangen, deren Gesundheitszustand angegriffen ist oder die durch ihr Alter sp\u00fcren, wie begrenzt ihr Leben ist. Sie bekommen Heil und Heilung von Christus zugesprochen und werden von ihren S\u00fcnden befreit.<\/p>\n<p style=\"text-align: justify;\">Der Priester salbt nach einigen Gebeten dabei mit folgenden Worten Stirn und H\u00e4nde des Kranken mit geweihtem \u00d6l:<\/p>\n<p style=\"text-align: justify;\"><strong>&#8222;Durch diese heilige Salbung helfe dir der Herr in seinem reichlichen Erbarmen, er stehe dir bei mit der Kraft des Heiligen Geistes. Der Herr, der dich von S\u00fcnden befreit, rette dich, in seiner Gnade richte er dich auf.&#8220;<\/strong><\/p>\n<p style=\"text-align: justify;\">Fr\u00fcher nannte man das Sakrament der Krankensalbung &#8222;letzte \u00d6lung&#8220;. Noch immer scheuen deshalb viele davor zur\u00fcck, diese Salbung zu empfangen, da sie denken, es handle sich dabei um eine &#8222;Salbung vor dem Tod&#8220;. Die Kirche betont, dass die <strong>Krankensalbung ein Sakrament des Lebens<\/strong> ist: Es soll den alten und kranken Menschen an Leib und Seele st\u00e4rken. Daher soll die Krankensalbung keinesfalls einem bereits verstorbenen Menschen gespendet werden. Hier empfiehlt sich das gemeinsame Gebet der Angeh\u00f6rigen f\u00fcr den Verstorbenen.<\/p>\n<p style=\"text-align: justify;\"><strong>Wie oft kann ich die Krankensalbung empfangen?<br \/>\n<\/strong>Im Verlauf einer lang anhaltenden Krankheit oder wenn Menschen nach einer Genesung erneut krank werden, ist eine mehrfache Spendung m\u00f6glich.<\/p>\n<p style=\"text-align: justify;\">Von Zeit zu Zeit finden auch Gottesdienste in einer unserer Kirchen statt, in dem alle, die zwar nicht ernsthaft krank sind, aber doch die Grenzen des Lebens sp\u00fcren, gemeinsam die Krankensalbung empfangen k\u00f6nnen.<\/p>\n<p style=\"text-align: justify;\"><strong>Wer spendet die Krankensalbung?<br \/>\n<\/strong>Wenn jemand im Krankenhaus liegt, kann er den Krankenhausseelsorger bitten.<br \/>\nWenn jemand zu Hause ist, kann es sich an jeden <a href=\"https:\/\/mariafrieden-hamminkeln.de\/?page_id=41\">Seelsorger<\/a> oder an eines unserer <a href=\"https:\/\/mariafrieden-hamminkeln.de\/?page_id=135\">Pfarrb\u00fcros<\/a> wenden.<\/p>\n<p>&nbsp;<\/p>\n ","protected":false},"excerpt":{"rendered":"<p>&nbsp; &nbsp; &nbsp; &nbsp; &nbsp; Das Sakrament der Krankensalbung k\u00f6nnen alle empfangen, deren Gesundheitszustand angegriffen ist oder die durch ihr Alter sp\u00fcren, wie begrenzt ihr Leben ist. Sie bekommen Heil und Heilung von Christus zugesprochen und werden von ihren S\u00fcnden befreit. Der Priester salbt nach einigen Gebeten dabei mit folgenden Worten Stirn und H\u00e4nde des [&hellip;]<\/p>\n","protected":false},"author":1,"featured_media":0,"parent":20,"menu_order":0,"comment_status":"closed","ping_status":"open","template":"","meta":{"footnotes":""},"_links":{"self":[{"href":"https:\/\/mariafrieden-hamminkeln.de\/index.php?rest_route=\/wp\/v2\/pages\/194"}],"collection":[{"href":"https:\/\/mariafrieden-hamminkeln.de\/index.php?rest_route=\/wp\/v2\/pages"}],"about":[{"href":"https:\/\/mariafrieden-hamminkeln.de\/index.php?rest_route=\/wp\/v2\/types\/page"}],"author":[{"embeddable":true,"href":"https:\/\/mariafrieden-hamminkeln.de\/index.php?rest_route=\/wp\/v2\/users\/1"}],"replies":[{"embeddable":true,"href":"https:\/\/mariafrieden-hamminkeln.de\/index.php?rest_route=%2Fwp%2Fv2%2Fcomments&post=194"}],"version-history":[{"count":10,"href":"https:\/\/mariafrieden-hamminkeln.de\/index.php?rest_route=\/wp\/v2\/pages\/194\/revisions"}],"predecessor-version":[{"id":9667,"href":"https:\/\/mariafrieden-hamminkeln.de\/index.php?rest_route=\/wp\/v2\/pages\/194\/revisions\/9667"}],"up":[{"embeddable":true,"href":"https:\/\/mariafrieden-hamminkeln.de\/index.php?rest_route=\/wp\/v2\/pages\/20"}],"wp:attachment":[{"href":"https:\/\/mariafrieden-hamminkeln.de\/index.php?rest_route=%2Fwp%2Fv2%2Fmedia&parent=194"}],"curies":[{"name":"wp","href":"https:\/\/api.w.org\/{rel}","templated":true}]}}