{"id":196,"date":"2014-04-02T09:24:40","date_gmt":"2014-04-02T09:24:40","guid":{"rendered":"http:\/\/mariafrieden-hamminkeln.de\/?page_id=196"},"modified":"2024-02-09T08:16:45","modified_gmt":"2024-02-09T08:16:45","slug":"beerdigung","status":"publish","type":"page","link":"https:\/\/mariafrieden-hamminkeln.de\/?page_id=196","title":{"rendered":"Beerdigung"},"content":{"rendered":"<p><a href=\"http:\/\/mariafrieden-hamminkeln.de\/wp-content\/uploads\/2014\/04\/676882_web_R_K_B_by_PeterFranz_pixelio.de_.jpg\"><img loading=\"lazy\" decoding=\"async\" class=\"size-full wp-image-2488 aligncenter\" src=\"http:\/\/mariafrieden-hamminkeln.de\/wp-content\/uploads\/2014\/04\/676882_web_R_K_B_by_PeterFranz_pixelio.de_.jpg\" alt=\"676882_web_R_K_B_by_PeterFranz_pixelio.de\" width=\"400\" height=\"267\" srcset=\"https:\/\/mariafrieden-hamminkeln.de\/wp-content\/uploads\/2014\/04\/676882_web_R_K_B_by_PeterFranz_pixelio.de_.jpg 400w, https:\/\/mariafrieden-hamminkeln.de\/wp-content\/uploads\/2014\/04\/676882_web_R_K_B_by_PeterFranz_pixelio.de_-300x200.jpg 300w\" sizes=\"(max-width: 400px) 100vw, 400px\" \/><\/a><\/p>\n<p style=\"text-align: justify;\">Wenn ein Mensch gestorben ist, findet in der Regel eine Bestattung auf dem Friedhof statt.<br \/>\nDie unterschiedlichen Bestattungsh\u00e4user k\u00fcmmern sich dabei um den Kontakt mit den Beh\u00f6rden und \u00c4mtern.<br \/>\nWenn nicht von der Familie und den Angeh\u00f6rigen bereits im Vorfeld der Kontakt zur Gemeinde oder zum Seelsorger aufgenommen worden ist, \u00fcbernimmt auch dies der Bestatter.<br \/>\nDer Seelsorger wird dann mit den Angeh\u00f6rigen in einem Trauergespr\u00e4ch seelsorglich die Bestattung besprechen und die Angeh\u00f6rigen in dieser meist schwierigen Situation begleiten.<br \/>\nDie kirchliche Bestattung ist eine gottesdienstliche Handlung. Dabei wird die Auferstehung der Toten verk\u00fcndigt und der Verstorbenen oder des Verstorbenen und ihres oder seines Lebens gedacht.<br \/>\nDiese gottesdienstliche Handlung kann unterschiedliche Orte umfassen. Sie kann in einer der Kirchen als auch in den Friedhofskapellen gehalten werden.<br \/>\nBei dieser Feier k\u00f6nnen individuelle W\u00fcnsche f\u00fcr die Gestaltung der kirchlichen Bestattung ber\u00fccksichtigt werden.<br \/>\nMusikalische Ausgestaltungen und pers\u00f6nliche W\u00fcnsche des Verstorbenen oder der Hinterbliebenen k\u00f6nnen ber\u00fccksichtigt werden, m\u00fcssen aber mit dem Seelsorger abgesprochen werden.<br \/>\nNat\u00fcrlich muss in einem Trauer-Gottesdienst nicht unbedingt gesungen werden. Man kann auch auf Lieder bei der Trauerfeier verzichten.\u00a0Manchmal aber kann der Gesang hilfreich sein und Trost spenden.\u00a0Auch wenn die nahen Angeh\u00f6rigen selbst nicht singen wollen oder k\u00f6nnen, gibt es meist Menschen im Trauergottesdienst, die mitsingen.\u00a0Eine Alternative ist, neben dem Gesang ein oder zwei Instrumentalst\u00fccke spielen zu lassen.<br \/>\nOft taucht auch die Frage auf: Kann kirchlich bestattet werden, wer nicht oder nicht mehr der Kirche angeh\u00f6rt?<br \/>\nIn der Regel werden nur Mitglieder der katholischen Kirche kirchlich bestattet.\u00a0Andere k\u00f6nnen ausnahmsweise kirchlich bestattet werden, wenn dies aus seelsorglichen Gr\u00fcnden angezeigt scheint.\u00a0Dies wird aber unter Umst\u00e4nden der Seelsorger nicht in der kirchlichen Amtskleidung tun.\u00a0Hat der Verstorbene jedoch ausdr\u00fccklich eine kirchliche Bestattung abgelehnt, kann er nicht kirchlich bestattet werden \u2013 auch dann nicht, wenn es der ausdr\u00fcckliche Wunsch der Hinterbliebenen ist.\u00a0In diesem Fall wird aber der Seelsorger die Hinterbliebenen seelsorglich begleiten.<br \/>\nManchmal w\u00fcnschen Angeh\u00f6rige eine Aussegnung vor der eigentlichen Bestattung.\u00a0Eine Aussegnung ist eine Andacht mit Trauernden, die fr\u00fcher meist im Wohnhaus der verstorbenen Person gehalten wurde.\u00a0Heute ist eine Aussegnung an unterschiedlichen Orten denkbar: am Sterbebett zu Hause, im Krankenhaus, im Alters- oder Pflegeheim oder im Abschiedsraum eines Bestattungsunternehmens.\u00a0F\u00fcr viele Menschen ist diese Form der Andacht und die Worte der Tradition hilfreich, Trauer zuzulassen und ein St\u00fcck weit zu bew\u00e4ltigen.\u00a0Bei der Aussegnung k\u00f6nnen Gegenst\u00e4nde einbezogen werden, die im Leben der verstorbenen Person eine Rolle gespielt haben oder die Beziehung der Angeh\u00f6rigen zum Toten zum Ausdruck bringen.\u00a0Bitte sprechen Sie Ihre Seelsorger an, wenn Sie eine Aussegnung w\u00fcnschen oder mehr Informationen ben\u00f6tigen.\u00a0Auch die \u00f6rtlichen Bestatter werden Ihnen hilfreiche Informationen geben k\u00f6nnen.<\/p>\n ","protected":false},"excerpt":{"rendered":"<p>Wenn ein Mensch gestorben ist, findet in der Regel eine Bestattung auf dem Friedhof statt. Die unterschiedlichen Bestattungsh\u00e4user k\u00fcmmern sich dabei um den Kontakt mit den Beh\u00f6rden und \u00c4mtern. Wenn nicht von der Familie und den Angeh\u00f6rigen bereits im Vorfeld der Kontakt zur Gemeinde oder zum Seelsorger aufgenommen worden ist, \u00fcbernimmt auch dies der Bestatter. [&hellip;]<\/p>\n","protected":false},"author":1,"featured_media":0,"parent":20,"menu_order":0,"comment_status":"closed","ping_status":"closed","template":"","meta":{"footnotes":""},"_links":{"self":[{"href":"https:\/\/mariafrieden-hamminkeln.de\/index.php?rest_route=\/wp\/v2\/pages\/196"}],"collection":[{"href":"https:\/\/mariafrieden-hamminkeln.de\/index.php?rest_route=\/wp\/v2\/pages"}],"about":[{"href":"https:\/\/mariafrieden-hamminkeln.de\/index.php?rest_route=\/wp\/v2\/types\/page"}],"author":[{"embeddable":true,"href":"https:\/\/mariafrieden-hamminkeln.de\/index.php?rest_route=\/wp\/v2\/users\/1"}],"replies":[{"embeddable":true,"href":"https:\/\/mariafrieden-hamminkeln.de\/index.php?rest_route=%2Fwp%2Fv2%2Fcomments&post=196"}],"version-history":[{"count":8,"href":"https:\/\/mariafrieden-hamminkeln.de\/index.php?rest_route=\/wp\/v2\/pages\/196\/revisions"}],"predecessor-version":[{"id":15045,"href":"https:\/\/mariafrieden-hamminkeln.de\/index.php?rest_route=\/wp\/v2\/pages\/196\/revisions\/15045"}],"up":[{"embeddable":true,"href":"https:\/\/mariafrieden-hamminkeln.de\/index.php?rest_route=\/wp\/v2\/pages\/20"}],"wp:attachment":[{"href":"https:\/\/mariafrieden-hamminkeln.de\/index.php?rest_route=%2Fwp%2Fv2%2Fmedia&parent=196"}],"curies":[{"name":"wp","href":"https:\/\/api.w.org\/{rel}","templated":true}]}}