{"id":198,"date":"2014-04-02T09:25:05","date_gmt":"2014-04-02T09:25:05","guid":{"rendered":"http:\/\/mariafrieden-hamminkeln.de\/?page_id=198"},"modified":"2022-07-29T09:19:18","modified_gmt":"2022-07-29T09:19:18","slug":"ehe","status":"publish","type":"page","link":"https:\/\/mariafrieden-hamminkeln.de\/?page_id=198","title":{"rendered":"Ehe"},"content":{"rendered":"<p><a href=\"http:\/\/mariafrieden-hamminkeln.de\/wp-content\/uploads\/2014\/04\/680591_web_R_B_by_Lupo_pixelio.de_.jpg\"><img loading=\"lazy\" decoding=\"async\" class=\"wp-image-267 aligncenter\" style=\"width: 450px;\" src=\"http:\/\/mariafrieden-hamminkeln.de\/wp-content\/uploads\/2014\/04\/680591_web_R_B_by_Lupo_pixelio.de_-300x168.jpg\" alt=\"680591_web_R_B_by_Lupo_pixelio.de\" width=\"300\" height=\"228\" \/><\/a><\/p>\n<p style=\"text-align: justify;\"><b>Der Dritte im Bunde<br \/>\n<\/b>\u00dcberlegen Sie, kirchlich zu heiraten? M\u00f6chten Sie, dass Gott Sie auf Ihrem gemeinsamen Weg als Dritter im Bunde begleitet? Mit dem \u201eJa\u201c vor dem Altar versprechen Sie ewige Treue. Umgekehrt wird Ihnen etwas geschenkt: Gottes Zusage, mit Ihnen gemeinsam in die Zukunft zu gehen. Im Sakrament der Ehe sagt Gott sein unverbr\u00fcchliches \u201eJa\u201c zur ehelichen Gemeinschaft. In diesem Sinne ist die Ehe ein Geschenk, das die Eheleute st\u00e4rkt und ermutigt. Der Trauungsgottesdienst macht dies in Wort und Zeichen deutlich.<\/p>\n<p style=\"text-align: justify;\">Gott ist Ihr Wegbegleiter, der sch\u00fctzend seine Hand \u00fcber Sie h\u00e4lt, der auch in schwierigen Zeiten bei Ihnen ist und aus dessen Beistand Sie vertrauen d\u00fcrfen. Der Glaube an Gott versetzt keine Berge im w\u00f6rtlichen Sinn. Aber wer auf Gott setzt erlebt, dass er nie alleine ist.<\/p>\n<p style=\"text-align: justify;\">Die kirchliche Trauung ist ein bedeutender Moment in Ihrem Leben. Sie ist Ausdruck der Liebe f\u00fcreinander und Zeichen der Hoffnung, dass Sie Gott als Dritten im Bunde einladen wollen.<\/p>\n<p><b>Viele Gr\u00fcnde sprechen daf\u00fcr!<\/b><\/p>\n<p style=\"text-align: justify;\"><b>Der Segen Gottes f\u00fcr den gemeinsamen Lebensweg!<br \/>\n<\/b>Das Wort \u201eSegen\u201c hei\u00dft auf Latein benedicere \u2013 etwas Gutes \u00fcber jemanden sagen, ihm etwas Gutes sagen. Im Segen sagt Gott Ihnen zu, dass Sie nicht allein sind und ihm in schweren und in guten Zeiten als Begleiter vertrauen k\u00f6nnen.<\/p>\n<p style=\"text-align: justify;\"><b>An Gott glauben!<br \/>\n<\/b>Der christliche Glaube bietet einen gro\u00dfen Schatz von Erfahrungen, (Lebens-)Wissen und Traditionen. Warum man glaubt, ist letztlich schwer zu erkl\u00e4ren. Der Glaube ist eher ein tiefes, inneres Gef\u00fchl der Liebe, der Geborgenheit und des Vertrauens. Dieser Glaube kann dazu beitragen, den gemeinsamen Lebensweg zu gehen. Gott ist an Ihrer Seite und schenkt Ihnen Zuversicht und Hoffnung.<\/p>\n<p style=\"text-align: justify;\"><b>Ein lebenslanges Versprechen geben!<br \/>\n<\/b>Ein Leben lang \u2013 bis zum Tod! Das ist eine Zumutung, ein Zutrauen und zugleich eine gro\u00dfe Freiheit! Die kirchlich geschlossene Ehe steht nicht unter dem Vorbehalt \u201esolange es gut geht\u201c. Sie geht fest davon aus, dass es gut gehen wird. Dieses Zutrauen macht frei f\u00fcr die Gestaltung des eigenen Lebens.<\/p>\n<p style=\"text-align: justify;\"><b>Den Wunsch des Partners, der Partnerin erf\u00fcllen!<\/b><br \/>\nJemanden etwas zuliebe tun, ist ein gro\u00dfer Ausdruck der Liebe. Wenn Sie distanziert zum Glauben und zur Kirche stehen und dennoch kirchlich heiraten, verdient diese Entscheidung gro\u00dfen Respekt. Ihrer Partnerin\/Ihrem Partner ist die kirchliche Heirat wichtig und Sie erf\u00fcllen ihr\/ihm den Wunsch, Gottes Segen f\u00fcr den gemeinsamen Weg zu erbitten. Gott wird Sie auf Ihrem Lebensweg begleiten.<\/p>\n<p style=\"text-align: justify;\"><b>Den Kindern eine religi\u00f6se Heimat bieten<br \/>\n<\/b>Indem Sie sich in der \u00d6ffentlichkeit der Gemeinde das Ja-Wort geben, gehen Sie auch einen ersten Schritt, Ihren zuk\u00fcnftigen Kindern eine religi\u00f6se Heimat zu geben. Vielleicht wird Ihr Kind eines Tages in dieser Gemeinde getauft werden, geht zur Erstkommunion oder zur Firmung. Es tut gut und stiftet Beziehung, eine gemeinsame religi\u00f6se Heimat zu haben.<\/p>\n<p><b>Es gibt aber auch viele Fragen!<\/b><\/p>\n<p style=\"text-align: justify;\"><b>Welcher Pfarrer ist zust\u00e4ndig?<br \/>\n<\/b>Der zust\u00e4ndige Ansprechpartner ist entweder der katholische Pfarrer der Braut oder des Br\u00e4utigams oder auch der Pfarrer des Zweitwohnsitzes. Der formal zust\u00e4ndige Pfarrer kann selbstverst\u00e4ndlich das Brautpaar an einen anderen Priester verweisen.<\/p>\n<p style=\"text-align: justify;\"><b>Wie nimmt man Kontakt zur Kirche auf, in der getraut werden soll?<br \/>\n<\/b>Viele Paare w\u00e4hlen die Kirche aus dem Ortsteil, in dem einer der Brautleute wohnt oder einen besonderen Bezug zu diesem Gotteshaus hat.<\/p>\n<p style=\"text-align: justify;\"><b>Welche Papiere m\u00fcssen vorgelegt werden?<br \/>\n<\/b>Der katholische Partner braucht einen Taufschein, der nicht \u00e4lter als sechs Monate sein darf. Der Taufschein enth\u00e4lt den Nachweis des Ledigenstandes. Sie bekommen diesen beim Pfarramt ihres Taufortes. F\u00fcr evangelische Partner erfolgt dieser Ledigenstandnachweis durch eine amtliche Bescheinigung (Einwohnermeldeamt), durch ein Zeugnis der Eltern oder durch eine eidesstattliche Erkl\u00e4rung des oder der Betroffenen.<\/p>\n<p style=\"text-align: justify;\"><b>Muss man gefirmt sein?<br \/>\n<\/b>Die Firmung ist nicht zwingend notwendig. Zu einer der christlichen Kirchen geh\u00f6ren Sie dadurch, dass Sie getauft sind. Sie sollten jedoch \u00fcberlegen, ob Sie das Firmsakrament noch empfangen m\u00f6chten, denn in der katholischen Kirche schlie\u00dft die Firmung der Tradition nach die sakramentale Aufnahme in\u00a0 die Kirche ab.<\/p>\n<p style=\"text-align: justify;\"><b>Kostet die kirchliche Trauung etwas?<br \/>\n<\/b>Die kirchliche Trauung ist grunds\u00e4tzlich kostenlos. Aber fragen Sie in Ihrer Pfarrgemeinde, wie die \u00fcbliche Regelung ist. Viele Paare spenden f\u00fcr einen guten Zweck der Gemeinde, um einen Teil der erlebten Freude weiterzugeben. Die Beteiligung an den Kosten f\u00fcr besonderen Blumenschmuck und ein Obolus f\u00fcr den Organisten sind selbstverst\u00e4ndlich.<\/p>\n<p style=\"text-align: justify;\"><b>Muss man einen Ehevorbereitungskurs besuchen?<br \/>\n<\/b>Viele Paare besuchen einen solchen Kurs, um sich eine Auszeit zu nehmen und Fragen f\u00fcr die Vorbereitung etwa der Trauungsliturgie zu kl\u00e4ren. Voraussetzung f\u00fcr die Trauung ist der Besuch des Kurses nicht.<\/p>\n<p style=\"text-align: justify;\"><b>Muss man standesamtlich verheiratet sein?<br \/>\n<\/b>Nein. Paare, die ohne standesamtliche Trauung kirchlich heiraten, m\u00fcssen vor dem katholischen Priester unterschreiben, dass Ihnen das Fehlen der staatlichen Rechtsfolge bewusst ist. Paare gelten ohne standesamtliche Trauung als unverheiratet und k\u00f6nnen die rechtlichen Wirkungen einer staatlich geschlossenen Ehe nicht in Anspruch nehmen.<\/p>\n<p style=\"text-align: justify;\"><b>Was ist das Traugespr\u00e4ch, das der Pfarrer mit dem Brautpaar f\u00fchrt?<br \/>\n<\/b>Einige Wochen vor dem Hochzeitstermin f\u00fchrt der Pfarrer mit Ihnen ein Traugespr\u00e4ch. Bei diesem Gespr\u00e4ch geht es um die Bedeutung der kirchlichen Trauung, um Gestaltungsfragen des Gottesdienstes und um die Aufnahme der Personalien. Au\u00dferdem werden offene Fragen, die notwendige Voraussetzungen einer kirchlichen Eheschlie\u00dfung betreffen, gekl\u00e4rt und m\u00f6gliche Ehehindernisse besprochen. Die Ergebnisse des Gespr\u00e4ches werden im so genannten \u201eEhevorbereitungsprotokoll\u201c, der kirchenamtlichen Niederschrift, festgehalten, das vom Brautpaar und dem Pfarrer unterschrieben wird.<\/p>\n<p style=\"text-align: justify;\"><b>Sind Trauzeugen f\u00fcr die kirchliche Trauung notwendig?<br \/>\n<\/b>Anders als die zivilrechtliche Eheschlie\u00dfung auf dem Standesamt sieht die kirchliche Trauung nach wie vor zwei Zeugen zwingend vor. Dass sie katholisch sind, ist keine notwendige Voraussetzung, jedoch m\u00fcssen sie das 14. Lebensjahr vollendet haben. Es ist nicht notwendig, dass ein Mann und eine Frau Trauzeugen sind. Es k\u00f6nnen auch zwei M\u00e4nner\u00a0 oder zwei Frauen dieses Amt \u00fcbernehmen.<\/p>\n<p><b>Was ist wenn?<\/b><\/p>\n<p style=\"text-align: justify;\"><b>\u2026ein Partner einer anderen Konfession angeh\u00f6rt?<br \/>\n<\/b>Die Trauung kann unter Beteiligung von Seelsorgern beider Konfessionen gefeiert werden. Bei der Feier der Trauung, zum Beispiel in einer evangelischen Kirche, braucht der katholische Partner\/die katholische Partnerin eine Befreiung der Formpflicht (Dispens), die das Brautpaar durch den zust\u00e4ndigen katholischen Pfarrer bekommt. Aufgrund dieser Dispens kann ein katholischer Partner auch in einer evangelische Kirche sakramental g\u00fcltig heiraten.<\/p>\n<p style=\"text-align: justify;\"><b>\u2026ein Partner nicht getauft ist?<br \/>\n<\/b>Die Feier der Trauung findet dann in einem Wortgottesdienst statt. Die Texte und Gebete sind der Situation des Brautpaares angepasst.<\/p>\n<p style=\"text-align: justify;\"><b>\u2026ein Partner Moslem ist?<br \/>\n<\/b>In den meisten F\u00e4llen entscheidet man sich f\u00fcr eine zivilrechtliche Trauung. Trotzdem kann die Eheschlie\u00dfung im katholischen Sinn rechtlich g\u00fcltig sein. Der katholische Partner braucht daf\u00fcr eine Befreiung (Dispens) vom \u201eEhehindernis der Religionsverschiedenheit\u201c und von der \u201eFormpflicht\u201c. Beide Befreiungen k\u00f6nnen mit dem zust\u00e4ndigen Pfarrer besprochen und (durch ihn) beim Bischof beantragt werden.<\/p>\n<p style=\"text-align: justify;\"><b>\u2026einer der Partner schon mal verheiratet war?<br \/>\n<\/b>Nach dem katholischen Eheverst\u00e4ndnis kann eine Ehe nicht geschieden werden. Dennoch kann es F\u00e4lle geben, in denen eine kirchliche Trauung m\u00f6glich ist.<\/p>\n<p style=\"text-align: justify;\"><b>\u2026einer der Partner aus der Kirche ausgetreten ist?<br \/>\n<\/b>Der Partner, der zur Kirche geh\u00f6rt, muss seine Bereitschaft zur katholischen Lebensf\u00fchrung und das Bem\u00fchen um die katholische Taufe und Erziehung der gemeinsamen Kinder erkl\u00e4ren.<\/p>\n<p><b>Wie geht es weiter?<\/b><\/p>\n<p style=\"text-align: justify;\">Nehmen Sie schon fr\u00fchzeitig Kontakt zu einem unserer <a href=\"https:\/\/mariafrieden-hamminkeln.de\/?page_id=135\">Pfarrb\u00fcros<\/a> auf \u2013 am besten parallel zur Planung der standesamtlichen Trauung und treffen Sie eine Terminabsprache.<\/p>\n<p style=\"text-align: justify;\">Traugottesdienste sind haupts\u00e4chlich an den Wochenenden;<br \/>\nBitte beachten Sie, dass der sp\u00e4teste Zeitpunkt zum Beginn des Trauungsgottesdienstes am Samstag um 15 Uhr ist.<\/p>\n<p style=\"text-align: justify;\">Trauungen k\u00f6nnen auch in den sonnt\u00e4glichen Messen stattfinden.<\/p>\n<p style=\"text-align: justify;\">An Sonn- und Feiertagen sind keine eigenen Traugottesdienste m\u00f6glich.<\/p>\n<p style=\"text-align: justify;\">Trauung und Taufe eines gemeinsamen Kindes k\u00f6nnen in einer Feier stattfinden.<\/p>\n<p style=\"text-align: justify;\">Innerhalb der Pfarrei Maria Frieden k\u00f6nnen sie eine der f\u00fcnf katholischen Kirchen (Ringenberg, Dingden, Hamminkeln, Loikum, Mehrhoog) w\u00e4hlen.<\/p>\n<p><b><br \/>\nDas Traugespr\u00e4ch hat folgende Inhalte:<br \/>\n<\/b><\/p>\n<ul>\n<li>Vorbereitung und Kl\u00e4rung pers\u00f6nlicher Fragen<b><\/b><\/li>\n<li>Kennenlernen das Aufbaus und des Inhalts eines Traugottesdienstes<b><\/b><\/li>\n<li>Vorstellung eigener W\u00fcnsche (Lieder, Gebete oder Texte) f\u00fcr die Gestaltung der Feier<b><\/b><\/li>\n<li>Kl\u00e4rung organisatorischer Details<b><\/b><\/li>\n<li>Ausf\u00fcllen des Ehevorbereitungsprotokolls<b><\/b><\/li>\n<\/ul>\n<p><b>Ehevorbereitungskurse<br \/>\n<\/b>Bei Ihrem Pfarrer erfahren Sie auch die Anbieter von Kursen, die Gespr\u00e4che mit anderen Brautpaaren erm\u00f6glichen und weitere Informationen um die kirchliche Trauung geben.<b><\/b><\/p>\n<p><a href=\"http:\/\/mariafrieden-hamminkeln.de\/wp-content\/uploads\/2014\/04\/Trauen-sie-sich.pdf\">Trauen sie sich!<\/a>\u00a0(Flyer der deutschen Bischofskonferenz)<\/p>\n<p>Weitere Infos und Gestaltungshinweise:\u00a0<a href=\"https:\/\/eur01.safelinks.protection.outlook.com\/?url=http%3A%2F%2Fwww.kirchlich-heiraten.de%2F&amp;data=04%7C01%7Csack-a%40bistum-muenster.de%7C9bcd2a5499e94fd00ed108d87fdfa247%7C810164a5596d439fb9bf84f68aa6f191%7C0%7C0%7C637399945754403852%7CUnknown%7CTWFpbGZsb3d8eyJWIjoiMC4wLjAwMDAiLCJQIjoiV2luMzIiLCJBTiI6Ik1haWwiLCJXVCI6Mn0%3D%7C1000&amp;sdata=IfzCk903X3gmETmQsNFaJQzWdXOXuABv1g7KDy0XgTM%3D&amp;reserved=0\">www.kirchlich-heiraten.de<\/a><\/p>\n<p><b>\u00a0<\/b><\/p>\n<p><b>\u00a0<\/b><\/p>\n<p>&nbsp;<\/p>\n<p>&nbsp;<\/p>\n<p>&nbsp;<\/p>\n ","protected":false},"excerpt":{"rendered":"<p>Der Dritte im Bunde \u00dcberlegen Sie, kirchlich zu heiraten? M\u00f6chten Sie, dass Gott Sie auf Ihrem gemeinsamen Weg als Dritter im Bunde begleitet? Mit dem \u201eJa\u201c vor dem Altar versprechen Sie ewige Treue. Umgekehrt wird Ihnen etwas geschenkt: Gottes Zusage, mit Ihnen gemeinsam in die Zukunft zu gehen. Im Sakrament der Ehe sagt Gott sein [&hellip;]<\/p>\n","protected":false},"author":1,"featured_media":0,"parent":20,"menu_order":0,"comment_status":"closed","ping_status":"closed","template":"","meta":{"footnotes":""},"_links":{"self":[{"href":"https:\/\/mariafrieden-hamminkeln.de\/index.php?rest_route=\/wp\/v2\/pages\/198"}],"collection":[{"href":"https:\/\/mariafrieden-hamminkeln.de\/index.php?rest_route=\/wp\/v2\/pages"}],"about":[{"href":"https:\/\/mariafrieden-hamminkeln.de\/index.php?rest_route=\/wp\/v2\/types\/page"}],"author":[{"embeddable":true,"href":"https:\/\/mariafrieden-hamminkeln.de\/index.php?rest_route=\/wp\/v2\/users\/1"}],"replies":[{"embeddable":true,"href":"https:\/\/mariafrieden-hamminkeln.de\/index.php?rest_route=%2Fwp%2Fv2%2Fcomments&post=198"}],"version-history":[{"count":18,"href":"https:\/\/mariafrieden-hamminkeln.de\/index.php?rest_route=\/wp\/v2\/pages\/198\/revisions"}],"predecessor-version":[{"id":12768,"href":"https:\/\/mariafrieden-hamminkeln.de\/index.php?rest_route=\/wp\/v2\/pages\/198\/revisions\/12768"}],"up":[{"embeddable":true,"href":"https:\/\/mariafrieden-hamminkeln.de\/index.php?rest_route=\/wp\/v2\/pages\/20"}],"wp:attachment":[{"href":"https:\/\/mariafrieden-hamminkeln.de\/index.php?rest_route=%2Fwp%2Fv2%2Fmedia&parent=198"}],"curies":[{"name":"wp","href":"https:\/\/api.w.org\/{rel}","templated":true}]}}