{"id":200,"date":"2014-04-02T09:26:21","date_gmt":"2014-04-02T09:26:21","guid":{"rendered":"http:\/\/mariafrieden-hamminkeln.de\/?page_id=200"},"modified":"2021-02-16T08:48:26","modified_gmt":"2021-02-16T08:48:26","slug":"sakrament-der-versoehnungbeichte","status":"publish","type":"page","link":"https:\/\/mariafrieden-hamminkeln.de\/?page_id=200","title":{"rendered":"Sakrament der Vers\u00f6hnung\/Beichte"},"content":{"rendered":"<p><strong><a href=\"https:\/\/mariafrieden-hamminkeln.de\/wp-content\/uploads\/2020\/11\/Beichte.jpg\"><img loading=\"lazy\" decoding=\"async\" class=\"alignleft wp-image-9236 size-thumbnail\" src=\"https:\/\/mariafrieden-hamminkeln.de\/wp-content\/uploads\/2020\/11\/Beichte-150x150.jpg\" alt=\"\" width=\"150\" height=\"150\" \/><\/a>Beichte &#8211; Vers\u00f6hnung<br \/>\n<\/strong><em>\u00a0\u201e&#8230;denn alle meine S\u00fcnden warfst Du hinter Deinen R\u00fccken&#8230;vgl. Jes 38,17<br \/>\n<\/em><em>\u201e&#8230;ich denke nicht mehr an Deine S\u00fcnden&#8230;vgl. Jes 43, 25\u201c<br \/>\n<\/em><em>\u201e&#8230;da bekannte ich Dir meine S\u00fcnde und verbarg nicht l\u00e4nger meine Schuld vor Dir&#8230;vgl. Ps 32,5<br \/>\n<\/em><em>\u201e&#8230;vergebt einander, weil auch Gott Euch durch Christus vergeben hat&#8230;vgl. Eph 4,32\u201c<\/em><\/p>\n<p><strong>Was bedeutet das Sakrament der Vers\u00f6hnung<\/strong><\/p>\n<p>Wir sprechen heute des \u00d6fteren dar\u00fcber, dass die Beichte in eine Krise geraten ist. Daf\u00fcr mag es viele geschichtliche und pers\u00f6nliche Gr\u00fcnde geben. Die einscheidendste Beichterfahrung der Generation unter 40 Jahren ist heute allerdings eher wohl die der \u201eNichterfahrung\u201c. Das erleichtert in gewisser Hinsicht einen unbelasteteren Neuanfang auf dieses wertvolle Sakrament.<br \/>\nGleichzeitig nehmen wir wahr, dass es ein gesteigertes Bed\u00fcrfnis unter uns Menschen gibt, sich mitzuteilen und auszutauschen. Bei der Beichte soll es ja auch um eine echte Kommunikation, eine Ber\u00fchrung zwischen Gott und Mensch kommen, die eine Befreiung und Entlastung sp\u00fcrbar zum Ausdruck bringt. In der Vergangenheit mag manche Reglementierung eher das Gef\u00fchl von Belastung im Kontext von Beichte bei vielen als bitterer Beigeschmack hinterlassen haben. Es ist unbestritten, dass es in den zwischenmenschlichen Zusammenh\u00e4ngen immer auch um Schuldkomplexe geht, die der L\u00f6sung von au\u00dfen bed\u00fcrfen. Wir Menschen haben dabei ein untr\u00fcgliches Gesp\u00fcr f\u00fcr die Gerechtigkeit. Es geht dabei immer einmal wieder auch um die Frage der \u201eS\u00fchne\u201c bzw. der \u201eWieder-Gut-Machung\u201c. Dabei gibt es oftmals auch die schmerzliche Erkenntnis, dass manches nicht wieder gut zu machen ist. Ein Leben, das ausgel\u00f6scht wurde, kann nicht ersetzt werden, die Verletzung einer zerbrochenen Liebe hinterl\u00e4sst Spuren, die bleiben, mit denen wir lernen m\u00fcssen zu leben.<br \/>\nAls Christen sprechen wir von der \u201eErl\u00f6sung\u201c, die uns von au\u00dfen zu\u00a0 kommt, durch Jesus Christus, den Sohn Gottes, der in vergebender Liebe sein Leben am Kreuz geschenkt hat und dadurch wei\u00df wie es sich anf\u00fchlt, als Mensch zu leiden.<br \/>\nIn dieser zentralen Glaubensaussage steckt etwas ungemein Hoffnungsvolles und Tr\u00f6stliches. Ich kann nicht alles und jedes im Leben wieder gut machen, was irgendwann einmal verkehrt gelaufen ist.\u00a0 Alles noch so \u201eVerkorkste\u201c kann aber sehr wohl vergeben werden. Vergebung schenkt eine Vers\u00f6hnung, die letztlich erst wirklichen Frieden m\u00f6glich macht. Uns Menschen f\u00e4llt dieses oftmals schwer. Wir k\u00f6nnen das nicht immer sofort leisten, brauchen Zeit daf\u00fcr.<\/p>\n<p>So gibt es \u201eAn-wege zur Vers\u00f6hnung\u201c. Dazu z\u00e4hlen<\/p>\n<ul>\n<li>nat\u00fcrlich die zwischenmenschliche Aussprache und das geistliche Leben oder z.B. das Lesen der Heiligen Schrift mit den vielen Texten, die uns zur Vergebung einladen,<\/li>\n<li>das Bu\u00dfbekenntnis am Beginn einer jeden Eucharistiefeier,<\/li>\n<li>Vers\u00f6hnungs- oder Bu\u00dfgottesdienste,<\/li>\n<li>das bewusste Beten des Vater unsers,<\/li>\n<li>eine kurze Betrachtung am Ende des Tages und<\/li>\n<li>als letzte, sakramentale Vollendung &#8211; das Beichtbekenntnis vor Gott, entgegen genommen durch einen Priester.<\/li>\n<\/ul>\n<p>Wir Menschen brauchen immer einmal wieder die Erfahrung, dass uns eine Lebenslast, ein Versagen oder eine menschliche Schuld nicht \u201enach-getragen\u201c, sondern abgenommen wird. Im Alltag des Lebens geschieht dies durch die Kommunikation mit einem Priester, der stellvertretend f\u00fcr den gekreuzigten und auferstandenen Christus die Vergebung Gottes ausspricht und so oftmals erst dadurch befreiend erfahrbar werden l\u00e4sst.<\/p>\n<p><strong>Vers\u00f6hnung<\/strong><\/p>\n<p>Wir Menschen brauchen Vers\u00f6hnung, denn kein Mensch ist ohne Schuld. Ein einfaches \u201eTut mir leid\u201c schafft in der Beziehung zwischen Menschen manches aus der Welt. Aber oft gen\u00fcgt die Vers\u00f6hnung zwischen Menschen nicht oder ist vielleicht aus unterschiedlichen Gr\u00fcnden nicht (mehr) m\u00f6glich.<br \/>\nDie Frohe Botschaft ist, Gott liebt jeden Menschen, auch und trotz all dem, was er an Schuld auf sich geladen hat. Im Sakrament der Vers\u00f6hnung, der Beichte kommt dies in besonderer Weise zum Ausdruck.<\/p>\n<p><strong><span style=\"color: #ff0000;\">Wenn Sie ein Beichtgespr\u00e4ch w\u00fcnschen, um die eigene Schuld zu benenn und zugesprochen zu bekommen, dass Gott Ihnen verzeiht, dann wenden sie sich direkt an einen unserer <a href=\"https:\/\/mariafrieden-hamminkeln.de\/?page_id=41\">Priester<\/a>, mit dem Sie auch den \u00e4u\u00dferen Rahmen absprechen (Kirche oder privater Raum etc.).<\/span><\/strong><\/p>\n ","protected":false},"excerpt":{"rendered":"<p>Beichte &#8211; Vers\u00f6hnung \u00a0\u201e&#8230;denn alle meine S\u00fcnden warfst Du hinter Deinen R\u00fccken&#8230;vgl. Jes 38,17 \u201e&#8230;ich denke nicht mehr an Deine S\u00fcnden&#8230;vgl. Jes 43, 25\u201c \u201e&#8230;da bekannte ich Dir meine S\u00fcnde und verbarg nicht l\u00e4nger meine Schuld vor Dir&#8230;vgl. Ps 32,5 \u201e&#8230;vergebt einander, weil auch Gott Euch durch Christus vergeben hat&#8230;vgl. Eph 4,32\u201c Was bedeutet das [&hellip;]<\/p>\n","protected":false},"author":1,"featured_media":0,"parent":20,"menu_order":2,"comment_status":"closed","ping_status":"closed","template":"","meta":{"footnotes":""},"_links":{"self":[{"href":"https:\/\/mariafrieden-hamminkeln.de\/index.php?rest_route=\/wp\/v2\/pages\/200"}],"collection":[{"href":"https:\/\/mariafrieden-hamminkeln.de\/index.php?rest_route=\/wp\/v2\/pages"}],"about":[{"href":"https:\/\/mariafrieden-hamminkeln.de\/index.php?rest_route=\/wp\/v2\/types\/page"}],"author":[{"embeddable":true,"href":"https:\/\/mariafrieden-hamminkeln.de\/index.php?rest_route=\/wp\/v2\/users\/1"}],"replies":[{"embeddable":true,"href":"https:\/\/mariafrieden-hamminkeln.de\/index.php?rest_route=%2Fwp%2Fv2%2Fcomments&post=200"}],"version-history":[{"count":4,"href":"https:\/\/mariafrieden-hamminkeln.de\/index.php?rest_route=\/wp\/v2\/pages\/200\/revisions"}],"predecessor-version":[{"id":9668,"href":"https:\/\/mariafrieden-hamminkeln.de\/index.php?rest_route=\/wp\/v2\/pages\/200\/revisions\/9668"}],"up":[{"embeddable":true,"href":"https:\/\/mariafrieden-hamminkeln.de\/index.php?rest_route=\/wp\/v2\/pages\/20"}],"wp:attachment":[{"href":"https:\/\/mariafrieden-hamminkeln.de\/index.php?rest_route=%2Fwp%2Fv2%2Fmedia&parent=200"}],"curies":[{"name":"wp","href":"https:\/\/api.w.org\/{rel}","templated":true}]}}