{"id":202,"date":"2014-04-02T09:26:34","date_gmt":"2014-04-02T09:26:34","guid":{"rendered":"http:\/\/mariafrieden-hamminkeln.de\/?page_id=202"},"modified":"2022-12-22T10:21:03","modified_gmt":"2022-12-22T10:21:03","slug":"taufe","status":"publish","type":"page","link":"https:\/\/mariafrieden-hamminkeln.de\/?page_id=202","title":{"rendered":"Taufe"},"content":{"rendered":"<p><a href=\"http:\/\/mariafrieden-hamminkeln.de\/wp-content\/uploads\/2014\/04\/KGrHqRngFH5qEllBSHC8kM6g60_12.jpg\"><img loading=\"lazy\" decoding=\"async\" class=\" wp-image-271 aligncenter\" style=\"width: 388px;\" src=\"http:\/\/mariafrieden-hamminkeln.de\/wp-content\/uploads\/2014\/04\/KGrHqRngFH5qEllBSHC8kM6g60_12-300x225.jpg\" alt=\"$(KGrHqR,!ngFH5qEl()lBSH)C8kM6g~~60_12\" width=\"300\" height=\"279\" \/><\/a><\/p>\n<p style=\"text-align: justify;\">Wenn Sie ihr Kind taufen lassen m\u00f6chten, nehmen Sie bitte zuerst Kontakt mit unserem Pfarrb\u00fcro auf. Dort erfahren Sie, an welchen Terminen in den einzelnen Kirchen getauft wird und welche Termine noch frei sind. Taufen sind wie folgt:<\/p>\n<table style=\"width: 52.524%; height: 144px;\" border=\"0\">\n<tbody>\n<tr style=\"height: 24px;\">\n<td style=\"width: 153.75px; height: 24px;\">1. Sonntag im Monat<\/td>\n<td style=\"width: 67.89px; height: 24px;\">15:00 Uhr<\/td>\n<td style=\"width: 78.36px; height: 24px;\">Ringenberg<\/td>\n<\/tr>\n<tr style=\"height: 24px;\">\n<td style=\"width: 153.75px; height: 24px;\">2. Sonntag im Monat<\/td>\n<td style=\"width: 67.89px; height: 24px;\">11:45 Uhr<\/td>\n<td style=\"width: 78.36px; height: 24px;\">Dingden<\/td>\n<\/tr>\n<tr style=\"height: 24px;\">\n<td style=\"width: 153.75px; height: 24px;\"><\/td>\n<td style=\"width: 67.89px; height: 24px;\">15:00 Uhr<\/td>\n<td style=\"width: 78.36px; height: 24px;\">Mehrhoog<\/td>\n<\/tr>\n<tr style=\"height: 24px;\">\n<td style=\"width: 153.75px; height: 24px;\">3. Sonntag im Monat<\/td>\n<td style=\"width: 67.89px; height: 24px;\">15:00 Uhr<\/td>\n<td style=\"width: 78.36px; height: 24px;\">Loikum<\/td>\n<\/tr>\n<tr style=\"height: 24px;\">\n<td style=\"width: 153.75px; height: 24px;\">4. Sonntag im Monat<\/td>\n<td style=\"width: 67.89px; height: 24px;\">11:45 Uhr<\/td>\n<td style=\"width: 78.36px; height: 24px;\">Dingden<\/td>\n<\/tr>\n<tr>\n<td style=\"width: 153.75px;\"><\/td>\n<td style=\"width: 67.89px;\">15:00 Uhr<\/td>\n<td style=\"width: 78.36px;\">Hamminkeln<\/td>\n<\/tr>\n<\/tbody>\n<\/table>\n<p style=\"text-align: justify;\">Bitte melden Sie sich zur Taufe pers\u00f6nlich in einem der <a href=\"https:\/\/mariafrieden-hamminkeln.de\/?page_id=135\">Pfarrb\u00fcros<\/a>. Bringen Sie zur Anmeldung bitte das <strong>Familienstammbuch<\/strong>, oder wenn nicht vorhanden, die Geburtsurkunde des T\u00e4uflings mit. Ebenfalls wird die <strong>Bescheinigung\u00a0f\u00fcr religi\u00f6se Zwecke<\/strong> ben\u00f6tigt, die Ihnen am Standesamt mit der Geburtsurkunde ausgeh\u00e4ndigt wird.\u00a0 Etwa vierzehn Tage vor der Taufe werden die beteiligten Eltern zum Taufgespr\u00e4ch eingeladen, in dessen Verlauf unter anderem der Ablauf der Tauffeier besprochen wird.<\/p>\n<p style=\"text-align: justify;\">Der Taufpate hat bei einer\u00a0Kindertaufe\u00a0die Aufgabe, den T\u00e4ufling gemeinsam\u00a0mit den\u00a0Eltern zur Taufe zu bringen und mitzuhelfen, den T\u00e4ufling im katholischen Glauben zu erziehen. Es k\u00f6nnen zwei Paten bzw. Patinnen gew\u00e4hlt werden. <strong>Die Taufpaten m\u00fcssen katholisch, sollten wenigstens 16 Jahre alt und nicht aus der Kirche ausgetreten sein.<\/strong>\u00a0Dies muss durch einen Patenschein bzw. eine Mitgliedsbescheinigung nachgewiesen werden, den die Taufpaten in ihrer Wohnortpfarrei erhalten. Das Dokument muss sp\u00e4testens eine Woche vor dem Tauftermin im Pfarrb\u00fcro vorliegen.<\/p>\n<p style=\"text-align: justify;\">Die Taufpatenschaft entsteht dadurch, dass der Taufpate bei der Taufe anwesend ist und verspricht, sich um eine katholische Erziehung des T\u00e4uflings zu bem\u00fchen. Eine sp\u00e4tere Streichung oder Ersetzung des Taufpaten ist daher nicht m\u00f6glich.<\/p>\n<p style=\"text-align: justify;\">Nicht katholische Christen k\u00f6nnen nicht als Taufpaten, wohl aber als christliche Taufzeugen zugelassen werden, allerdings nur zusammen mit einem katholischen Paten. Die Zulassung nicht katholischer Christen ohne einen katholischen Paten ist nicht erlaubt.<\/p>\n<p style=\"text-align: justify;\"><a href=\"http:\/\/mariafrieden-hamminkeln.de\/wp-content\/uploads\/2014\/04\/Interview-mit-Frau-Reinhild-Ahlers-Kirchenrechtlerin-des-Bistums-M\u00fcnster.pdf\">Interview mit Frau Reinhild Ahlers, Kirchenrechtlerin des Bistums M\u00fcnster<\/a><\/p>\n<p><span style=\"font-size: 1rem; text-align: justify;\">Wenn Sie eine\u00a0<\/span><strong style=\"font-size: 1rem; text-align: justify;\">Patenbescheinigung<\/strong><span style=\"font-size: 1rem; text-align: justify;\">\u00a0f\u00fcr eine Taufe in einer anderen Pfarrei ben\u00f6tigen, wenden Sie sich bitte an das\u00a0<\/span><a style=\"font-size: 1rem; text-align: justify;\" href=\"mailto: mariafrieden-hamminkeln@bistum-muenster.de\">Pfarrb\u00fcro<\/a><span style=\"font-size: 1rem; text-align: justify;\">.<\/span><\/p>\n ","protected":false},"excerpt":{"rendered":"<p>Wenn Sie ihr Kind taufen lassen m\u00f6chten, nehmen Sie bitte zuerst Kontakt mit unserem Pfarrb\u00fcro auf. Dort erfahren Sie, an welchen Terminen in den einzelnen Kirchen getauft wird und welche Termine noch frei sind. Taufen sind wie folgt: 1. Sonntag im Monat 15:00 Uhr Ringenberg 2. Sonntag im Monat 11:45 Uhr Dingden 15:00 Uhr Mehrhoog [&hellip;]<\/p>\n","protected":false},"author":1,"featured_media":0,"parent":20,"menu_order":1,"comment_status":"closed","ping_status":"closed","template":"","meta":{"footnotes":""},"_links":{"self":[{"href":"https:\/\/mariafrieden-hamminkeln.de\/index.php?rest_route=\/wp\/v2\/pages\/202"}],"collection":[{"href":"https:\/\/mariafrieden-hamminkeln.de\/index.php?rest_route=\/wp\/v2\/pages"}],"about":[{"href":"https:\/\/mariafrieden-hamminkeln.de\/index.php?rest_route=\/wp\/v2\/types\/page"}],"author":[{"embeddable":true,"href":"https:\/\/mariafrieden-hamminkeln.de\/index.php?rest_route=\/wp\/v2\/users\/1"}],"replies":[{"embeddable":true,"href":"https:\/\/mariafrieden-hamminkeln.de\/index.php?rest_route=%2Fwp%2Fv2%2Fcomments&post=202"}],"version-history":[{"count":16,"href":"https:\/\/mariafrieden-hamminkeln.de\/index.php?rest_route=\/wp\/v2\/pages\/202\/revisions"}],"predecessor-version":[{"id":13306,"href":"https:\/\/mariafrieden-hamminkeln.de\/index.php?rest_route=\/wp\/v2\/pages\/202\/revisions\/13306"}],"up":[{"embeddable":true,"href":"https:\/\/mariafrieden-hamminkeln.de\/index.php?rest_route=\/wp\/v2\/pages\/20"}],"wp:attachment":[{"href":"https:\/\/mariafrieden-hamminkeln.de\/index.php?rest_route=%2Fwp%2Fv2%2Fmedia&parent=202"}],"curies":[{"name":"wp","href":"https:\/\/api.w.org\/{rel}","templated":true}]}}