{"id":227,"date":"2014-04-07T07:34:52","date_gmt":"2014-04-07T07:34:52","guid":{"rendered":"http:\/\/mariafrieden-hamminkeln.de\/?page_id=227"},"modified":"2026-01-20T11:17:32","modified_gmt":"2026-01-20T11:17:32","slug":"kfd","status":"publish","type":"page","link":"https:\/\/mariafrieden-hamminkeln.de\/?page_id=227","title":{"rendered":"kfd"},"content":{"rendered":"<h2><a href=\"http:\/\/mariafrieden-hamminkeln.de\/wp-content\/uploads\/2014\/04\/kfd1.jpg\"><img loading=\"lazy\" decoding=\"async\" class=\"alignleft wp-image-323 size-full\" src=\"https:\/\/mariafrieden-hamminkeln.de\/wp-content\/uploads\/2014\/04\/kfd1.jpg\" alt=\"kfd\" width=\"843\" height=\"448\" srcset=\"https:\/\/mariafrieden-hamminkeln.de\/wp-content\/uploads\/2014\/04\/kfd1.jpg 843w, https:\/\/mariafrieden-hamminkeln.de\/wp-content\/uploads\/2014\/04\/kfd1-300x159.jpg 300w, https:\/\/mariafrieden-hamminkeln.de\/wp-content\/uploads\/2014\/04\/kfd1-624x331.jpg 624w\" sizes=\"(max-width: 843px) 100vw, 843px\" \/><\/a><\/h2>\n<p>&nbsp;<\/p>\n<h2><span style=\"color: #ff0000;\">Die kfd ist<\/span><\/h2>\n<ul>\n<li>ein Verband von Christinnen, die sich mutig und wirksam f\u00fcr andere einsetzen<\/li>\n<li>eine Gemeinschaft, die tr\u00e4gt, und in der Frauen in verschiedenen Lebenssituationen sich wechselseitig unterst\u00fctzen<\/li>\n<li>eine Weggemeinschaft in der katholischen Kirche, in der Frauen ihren Glauben neu entdecken und Kirche mitgestalten<\/li>\n<li>ein Verband, in dem Frauen Vielfalt erleben, u. a. durch Kontakte und Begegnungen mit Frauen anderer Konfessionen und Kulturen<\/li>\n<li>ein Forum f\u00fcr Initiativen im politischen Raum, in das jede Frau Vorschl\u00e4ge einbringen kann, Gesellschaft mitzugestalten.<\/li>\n<\/ul>\n<p>Auch in unserer Pfarrei Maria Frieden gibt es in jedem Ortsteil eine kfd-Gruppe.<\/p>\n<p style=\"text-align: center;\"><span style=\"color: #ff0000;\">Frauen, die sich mit Kirche auseinandersetzen m\u00f6chten,<\/span><br \/>\n<span style=\"color: #ff0000;\"> Frauen, die mit Gleichgesinnten ins Gespr\u00e4ch kommen wollen,<\/span><br \/>\n<span style=\"color: #ff0000;\"> Frauen, die Lust auf Gemeinschaft haben oder <\/span><br \/>\n<span style=\"color: #ff0000;\"> Frauen, die einfach nur Interesse an unserem Programm finden,<\/span><br \/>\n<span style=\"color: #ff0000;\"> sind uns herzlich willkommen.<\/span><\/p>\n<p>Aktuelles vom kfd Di\u00f6zesanverband M\u00fcnster <a href=\"http:\/\/www.kfd-muenster.de\">hier<\/a><\/p>\n<hr \/>\n<p><span style=\"color: #333333;\"><strong>kfd Christus K\u00f6nig Ringenberg<\/strong><\/span><\/p>\n<p><span style=\"color: #ff0000;\"><strong>Teamsprecherin:<br \/>\n<\/strong><\/span>Mechthild Klein-Hitpa\u00df<br \/>\nHauptstra\u00dfe 1 f<br \/>\nTelefon: 0173 \/ 8339247<br \/>\n<a href=\"mailto:m.kleinhitpass@web.de\">m.kleinhitpass@web.de<\/a><\/p>\n<hr \/>\n<p><span style=\"color: #333333;\"><strong>kfd Heilig Kreuz Mehrhoog<\/strong><\/span><\/p>\n<p><strong><span style=\"color: #ff0000;\">Teamsprecherin:<br \/>\n<\/span><\/strong>Anneliese Kamps<br \/>\nGrenzweg 50<br \/>\n46499 Hamminkeln<br \/>\nTelefon: 02857 \/ 37 69<\/p>\n<p>Aktuelles <a href=\"https:\/\/mariafrieden-hamminkeln.de\/wp-content\/uploads\/2026\/01\/kfd-Programm-1.-Halbjahr-2026.pdf\">kfd-Programm 1. Halbjahr 2026<\/a><\/p>\n<hr \/>\n<p><span style=\"color: #333333;\"><strong>kfd St. Antonius Loikum<\/strong><\/span><\/p>\n<p><span style=\"color: #ff0000;\"><strong>Teamsprecherin:<br \/>\n<\/strong><\/span>Irmgard Stenkamp<br \/>\nHeisterweg 1<br \/>\n46499 Hamminkeln<br \/>\nTelefon: 02852 \/ 16 36<br \/>\n<a href=\"mailto:i.stenkamp@gmx.net\">i.stenkamp@gmx.net<\/a><\/p>\n<p>&nbsp;<\/p>\n<hr \/>\n<p><span style=\"color: #333333;\"><strong>kfd St. Maria Himmelfahrt Hamminkeln<\/strong><\/span><\/p>\n<p><strong><span style=\"color: #ff0000;\">Teamsprecherin:<br \/>\n<\/span><\/strong>Hildegard Derksen<br \/>\nIm Sonnentau 3<br \/>\n46499 Hamminkeln<br \/>\nTelefon: 02852 \/ 9 09 09 79<br \/>\n<a href=\"mailto:kfd-hamminkeln@t-online.de\">kfd-hamminkeln@t-online.de<\/a><\/p>\n<p>Aktuelles <a href=\"https:\/\/mariafrieden-hamminkeln.de\/wp-content\/uploads\/2025\/12\/kfd-Programm-Hamminkeln-Januar-Juni-2026.pdf\">kfd Programm Hamminkeln Januar &#8211; Juni 2026<\/a><\/p>\n<hr \/>\n<p><span style=\"color: #333333;\"><strong>kfd St. Pankratius Dingden<br \/>\n<\/strong><\/span><\/p>\n<p><strong><span style=\"color: #ff0000;\">Ansprechpartnerin:<br \/>\n<\/span><\/strong>Maria Arping<br \/>\nBlumenstr. 14<br \/>\n46499 Hamminkeln<br \/>\nTelefon: 02852 \/ 30 59<br \/>\n<a href=\"mailto:diearpings@gmx.de\">diearpings@gmx.de<\/a><\/p>\n<p>Aktuelles <a href=\"https:\/\/mariafrieden-hamminkeln.de\/wp-content\/uploads\/2026\/01\/KFD-Programm-1.-Halbjahr-2026-2.pdf\">kfd Programm 1. Halbjahr 2026<\/a><\/p>\n ","protected":false},"excerpt":{"rendered":"<p>&nbsp; Die kfd ist ein Verband von Christinnen, die sich mutig und wirksam f\u00fcr andere einsetzen eine Gemeinschaft, die tr\u00e4gt, und in der Frauen in verschiedenen Lebenssituationen sich wechselseitig unterst\u00fctzen eine Weggemeinschaft in der katholischen Kirche, in der Frauen ihren Glauben neu entdecken und Kirche mitgestalten ein Verband, in dem Frauen Vielfalt erleben, u. a. [&hellip;]<\/p>\n","protected":false},"author":1,"featured_media":0,"parent":18,"menu_order":0,"comment_status":"closed","ping_status":"closed","template":"","meta":{"footnotes":""},"_links":{"self":[{"href":"https:\/\/mariafrieden-hamminkeln.de\/index.php?rest_route=\/wp\/v2\/pages\/227"}],"collection":[{"href":"https:\/\/mariafrieden-hamminkeln.de\/index.php?rest_route=\/wp\/v2\/pages"}],"about":[{"href":"https:\/\/mariafrieden-hamminkeln.de\/index.php?rest_route=\/wp\/v2\/types\/page"}],"author":[{"embeddable":true,"href":"https:\/\/mariafrieden-hamminkeln.de\/index.php?rest_route=\/wp\/v2\/users\/1"}],"replies":[{"embeddable":true,"href":"https:\/\/mariafrieden-hamminkeln.de\/index.php?rest_route=%2Fwp%2Fv2%2Fcomments&post=227"}],"version-history":[{"count":146,"href":"https:\/\/mariafrieden-hamminkeln.de\/index.php?rest_route=\/wp\/v2\/pages\/227\/revisions"}],"predecessor-version":[{"id":16890,"href":"https:\/\/mariafrieden-hamminkeln.de\/index.php?rest_route=\/wp\/v2\/pages\/227\/revisions\/16890"}],"up":[{"embeddable":true,"href":"https:\/\/mariafrieden-hamminkeln.de\/index.php?rest_route=\/wp\/v2\/pages\/18"}],"wp:attachment":[{"href":"https:\/\/mariafrieden-hamminkeln.de\/index.php?rest_route=%2Fwp%2Fv2%2Fmedia&parent=227"}],"curies":[{"name":"wp","href":"https:\/\/api.w.org\/{rel}","templated":true}]}}