{"id":239,"date":"2014-04-07T07:38:13","date_gmt":"2014-04-07T07:38:13","guid":{"rendered":"http:\/\/mariafrieden-hamminkeln.de\/?page_id=239"},"modified":"2024-11-19T15:36:37","modified_gmt":"2024-11-19T15:36:37","slug":"messdiener","status":"publish","type":"page","link":"https:\/\/mariafrieden-hamminkeln.de\/?page_id=239","title":{"rendered":"Messdiener"},"content":{"rendered":"<p><span style=\"color: #800080;\"><strong>In allen 5 Kirchorten (Dingden, Hamminkeln, Loikum, Mehrhoog und Ringenberg) unserer Pfarrei gibt es Messdiener*innen, die dort regelm\u00e4\u00dfig den Dienst am Altar \u00fcbernehmen. Auf diesen wichtigen Dienst k\u00f6nnen und wollen wir auf keinen Fall verzichten und wir sind dankbar daf\u00fcr, dass sich immer wieder Kinder und Jugendliche bereit erkl\u00e4ren, diesen Dienst zu tun.<\/strong><\/span><\/p>\n<p><span style=\"color: #339966;\"><strong><u>Grunds\u00e4tzlich gilt<\/u><\/strong><u>:<\/u> <\/span>Messdiener*in kann jede\/r werden, die\/der schon zur Erstkommunion gegangen ist. Jedes Jahr werden\u00a0neue Messdiener*innen in unsere Messdienergemeinschaft aufgenommen. Wir freuen uns auf jede und jeden die\/der mitmachen m\u00f6chte!<\/p>\n<p>Damit unsere Messdiener*innen auf ihren Dienst gut vorbereitet, sprich ausgebildet werden, gibt es an allen 5 Kirchenorten Leiter*innen, die daf\u00fcr verantwortlich sind. Die verantwortlichen Leiter*innen erstellen auch die Einsatzpl\u00e4ne f\u00fcr unsere Messdiener*innen und planen Aktionen an den einzelnen Kirchorten, damit ein gutes Miteinander m\u00f6glich ist und auch bleibt.<\/p>\n<p>Alle Messdienerleiter*innen bilden unsere Messdiener-Leiterrunde. Diese Leiterrunde trifft sich mehrmals im Jahr (mittlerweile auch Online), um sich \u00fcber die Dinge auszutauschen, die an den einzelnen Kirchorten anstehen. Weiterhin plant die Leiterrunde Aktionen und Fahrten f\u00fcr unsere aktiven Messdiener*innen, wie z.B. Fahrten mit \u00dcbernachtungen, Tagesfahrten, besondere Gottesdienste, Spiele- und Kinoabende, Grillfeste und nat\u00fcrlich auch Wallfahrten.<\/p>\n<p><span style=\"color: #800080;\"><strong>Damit ihr einen \u00dcberblick bekommt, wer als Leiter*in f\u00fcr die einzelne Kirchengemeinde vertreten ist, stellen wir uns hier einmal vor:<\/strong><\/span><\/p>\n<p><strong><u><span style=\"color: #0000ff;\">Dingden<\/span><\/u><\/strong><strong><span style=\"color: #0000ff;\">\u00a0\u00a0\u00a0\u00a0\u00a0\u00a0\u00a0\u00a0\u00a0\u00a0\u00a0\u00a0\u00a0\u00a0\u00a0\u00a0\u00a0\u00a0\u00a0\u00a0\u00a0\u00a0\u00a0\u00a0\u00a0\u00a0\u00a0\u00a0\u00a0\u00a0\u00a0\u00a0\u00a0\u00a0\u00a0\u00a0\u00a0\u00a0\u00a0\u00a0\u00a0\u00a0 <u>Loikum<\/u>\u00a0\u00a0\u00a0\u00a0\u00a0\u00a0\u00a0\u00a0\u00a0\u00a0\u00a0\u00a0\u00a0\u00a0\u00a0\u00a0\u00a0\u00a0\u00a0\u00a0 \u00a0\u00a0\u00a0\u00a0\u00a0\u00a0\u00a0\u00a0\u00a0\u00a0\u00a0 <\/span><u><span style=\"color: #0000ff;\">Mehrhoog<\/span><br \/>\n<\/u><\/strong>Nicole Brinks\u00a0\u00a0\u00a0\u00a0\u00a0\u00a0\u00a0\u00a0\u00a0\u00a0\u00a0\u00a0\u00a0\u00a0\u00a0\u00a0\u00a0\u00a0\u00a0\u00a0\u00a0\u00a0\u00a0\u00a0\u00a0\u00a0\u00a0\u00a0\u00a0\u00a0\u00a0\u00a0\u00a0\u00a0\u00a0 Alina Dr\u00e4ger\u00a0\u00a0\u00a0\u00a0\u00a0\u00a0\u00a0\u00a0\u00a0\u00a0\u00a0\u00a0 \u00a0\u00a0\u00a0\u00a0\u00a0\u00a0\u00a0\u00a0\u00a0\u00a0\u00a0 Ann-Kathrin Becker<br \/>\nMiriam Peters\u00a0\u00a0\u00a0\u00a0\u00a0\u00a0\u00a0\u00a0\u00a0\u00a0\u00a0\u00a0\u00a0\u00a0\u00a0\u00a0\u00a0\u00a0\u00a0\u00a0\u00a0\u00a0\u00a0\u00a0\u00a0\u00a0\u00a0\u00a0\u00a0\u00a0\u00a0\u00a0\u00a0\u00a0 Jana Dr\u00e4ger\u00a0\u00a0\u00a0\u00a0\u00a0\u00a0\u00a0\u00a0\u00a0\u00a0\u00a0\u00a0\u00a0 \u00a0\u00a0\u00a0\u00a0\u00a0\u00a0\u00a0\u00a0\u00a0\u00a0\u00a0 Lea-Marie Becker<br \/>\nSimon van Hal\u00a0 \u00a0 \u00a0 \u00a0 \u00a0 \u00a0 \u00a0 \u00a0 \u00a0 \u00a0 \u00a0 \u00a0 \u00a0 \u00a0 \u00a0 \u00a0 \u00a0 \u00a0 \u00a0 \u00a0 \u00a0 \u00a0 \u00a0 \u00a0 \u00a0 \u00a0 \u00a0 \u00a0 \u00a0 \u00a0 \u00a0 \u00a0 \u00a0 \u00a0 \u00a0 \u00a0 \u00a0 \u00a0 \u00a0 \u00a0 Marvin Terhorst<br \/>\nPaula Weyer\u00b9<br \/>\nLisa Ter\u00f6rde\u00b9<br \/>\nSilke Schawag\u00b9<\/p>\n<p><span style=\"color: #0000ff;\"><strong><u>Hamminkeln<\/u><\/strong><\/span><strong><span style=\"color: #0000ff;\">\u00a0\u00a0\u00a0\u00a0\u00a0\u00a0\u00a0\u00a0\u00a0\u00a0\u00a0\u00a0\u00a0\u00a0\u00a0\u00a0\u00a0\u00a0\u00a0\u00a0\u00a0\u00a0\u00a0\u00a0\u00a0\u00a0\u00a0\u00a0\u00a0\u00a0\u00a0\u00a0\u00a0\u00a0 <\/span><u><span style=\"color: #0000ff;\">Ringenberg<\/span><br \/>\n<\/u><\/strong>Katharina Feldmann\u00a0 \u00a0 \u00a0 \u00a0 \u00a0 \u00a0 \u00a0 \u00a0 \u00a0 \u00a0 \u00a0 \u00a0 Josefine Brinks<\/p>\n<p><span style=\"color: #0000ff;\"><strong><u>Zust\u00e4ndige von Seiten des Seelsorgeteams sind:<br \/>\n<\/u><\/strong><\/span>Pastor Abraham<br \/>\nMaria Thier<\/p>\n<p><span style=\"color: #339966;\"><strong>F\u00fcr Fragen rund um die Messdienerarbeit stehen wir alle gerne zur Verf\u00fcgung.<br \/>\nKontakt k\u00f6nnt ihr gerne \u00fcber Nicole Brinks aufnehmen:<br \/>\n<\/strong><\/span>Telefon: 02852-2259<br \/>\nMobil:\u00a0 \u00a0 0176-62289034<br \/>\nE-Mail:\u00a0 \u00a0<a href=\"mailto:brinks.nicole@gmx.de\">brinks.nicole@gmx.de<\/a><\/p>\n<p><span style=\"font-size: 8pt;\">\u00b9 sind f\u00fcr die Ausbildung und Aktionen vor Ort mit verantwortlich, aber nicht Teil der Messdienerleiterrunde.<\/span><\/p>\n<p><a href=\"https:\/\/mariafrieden-hamminkeln.de\/?p=14141\"><img loading=\"lazy\" decoding=\"async\" class=\"alignleft wp-image-14142\" src=\"https:\/\/mariafrieden-hamminkeln.de\/wp-content\/uploads\/2023\/06\/Messdiener-Zelten-2023-06.17.jpg\" alt=\"\" width=\"314\" height=\"314\" srcset=\"https:\/\/mariafrieden-hamminkeln.de\/wp-content\/uploads\/2023\/06\/Messdiener-Zelten-2023-06.17.jpg 1200w, https:\/\/mariafrieden-hamminkeln.de\/wp-content\/uploads\/2023\/06\/Messdiener-Zelten-2023-06.17-300x300.jpg 300w, https:\/\/mariafrieden-hamminkeln.de\/wp-content\/uploads\/2023\/06\/Messdiener-Zelten-2023-06.17-1024x1024.jpg 1024w, https:\/\/mariafrieden-hamminkeln.de\/wp-content\/uploads\/2023\/06\/Messdiener-Zelten-2023-06.17-150x150.jpg 150w, https:\/\/mariafrieden-hamminkeln.de\/wp-content\/uploads\/2023\/06\/Messdiener-Zelten-2023-06.17-768x768.jpg 768w, https:\/\/mariafrieden-hamminkeln.de\/wp-content\/uploads\/2023\/06\/Messdiener-Zelten-2023-06.17-624x624.jpg 624w\" sizes=\"(max-width: 314px) 100vw, 314px\" \/><\/a><\/p>\n<p>&nbsp;<\/p>\n ","protected":false},"excerpt":{"rendered":"<p>In allen 5 Kirchorten (Dingden, Hamminkeln, Loikum, Mehrhoog und Ringenberg) unserer Pfarrei gibt es Messdiener*innen, die dort regelm\u00e4\u00dfig den Dienst am Altar \u00fcbernehmen. Auf diesen wichtigen Dienst k\u00f6nnen und wollen wir auf keinen Fall verzichten und wir sind dankbar daf\u00fcr, dass sich immer wieder Kinder und Jugendliche bereit erkl\u00e4ren, diesen Dienst zu tun. Grunds\u00e4tzlich gilt: [&hellip;]<\/p>\n","protected":false},"author":1,"featured_media":0,"parent":237,"menu_order":0,"comment_status":"closed","ping_status":"open","template":"","meta":{"footnotes":""},"_links":{"self":[{"href":"https:\/\/mariafrieden-hamminkeln.de\/index.php?rest_route=\/wp\/v2\/pages\/239"}],"collection":[{"href":"https:\/\/mariafrieden-hamminkeln.de\/index.php?rest_route=\/wp\/v2\/pages"}],"about":[{"href":"https:\/\/mariafrieden-hamminkeln.de\/index.php?rest_route=\/wp\/v2\/types\/page"}],"author":[{"embeddable":true,"href":"https:\/\/mariafrieden-hamminkeln.de\/index.php?rest_route=\/wp\/v2\/users\/1"}],"replies":[{"embeddable":true,"href":"https:\/\/mariafrieden-hamminkeln.de\/index.php?rest_route=%2Fwp%2Fv2%2Fcomments&post=239"}],"version-history":[{"count":30,"href":"https:\/\/mariafrieden-hamminkeln.de\/index.php?rest_route=\/wp\/v2\/pages\/239\/revisions"}],"predecessor-version":[{"id":15970,"href":"https:\/\/mariafrieden-hamminkeln.de\/index.php?rest_route=\/wp\/v2\/pages\/239\/revisions\/15970"}],"up":[{"embeddable":true,"href":"https:\/\/mariafrieden-hamminkeln.de\/index.php?rest_route=\/wp\/v2\/pages\/237"}],"wp:attachment":[{"href":"https:\/\/mariafrieden-hamminkeln.de\/index.php?rest_route=%2Fwp%2Fv2%2Fmedia&parent=239"}],"curies":[{"name":"wp","href":"https:\/\/api.w.org\/{rel}","templated":true}]}}