{"id":241,"date":"2014-04-07T07:39:18","date_gmt":"2014-04-07T07:39:18","guid":{"rendered":"http:\/\/mariafrieden-hamminkeln.de\/?page_id=241"},"modified":"2026-01-15T10:57:27","modified_gmt":"2026-01-15T10:57:27","slug":"pfadfinder","status":"publish","type":"page","link":"https:\/\/mariafrieden-hamminkeln.de\/?page_id=241","title":{"rendered":"Pfadfinder"},"content":{"rendered":"<p><a href=\"http:\/\/mariafrieden-hamminkeln.de\/wp-content\/uploads\/2014\/04\/images.png\"><img loading=\"lazy\" decoding=\"async\" class=\"alignleft size-thumbnail wp-image-4217\" src=\"http:\/\/mariafrieden-hamminkeln.de\/wp-content\/uploads\/2014\/04\/images-150x150.png\" alt=\"images\" width=\"150\" height=\"150\" srcset=\"https:\/\/mariafrieden-hamminkeln.de\/wp-content\/uploads\/2014\/04\/images-150x150.png 150w, https:\/\/mariafrieden-hamminkeln.de\/wp-content\/uploads\/2014\/04\/images.png 224w\" sizes=\"(max-width: 150px) 100vw, 150px\" \/><\/a><\/p>\n<p>Die Deutsche Pfadfinderschaft Sankt Georg (DPSG) versteht sich als Kinder- und Jugendverband mit p\u00e4dagogischen Zielen.<\/p>\n<p>Im urspr\u00fcnglichen Jungen- und M\u00e4nnerverband ist die Mitgliedschaft von M\u00e4dchen und Frauen seit 1971 selbstverst\u00e4ndlich.<\/p>\n<p>Die DPSG unterscheidet vier Altersstufen:<\/p>\n<p>Sieben- bis Zehnj\u00e4hrige hei\u00dfen<strong> W\u00f6lflinge<\/strong>,<br \/>\nZehn- bis 13-J\u00e4hrige <strong>Jungpfadfinderinnen und Jungpfadfinder<\/strong>.<br \/>\nZwischen 13 und 16 Jahren werden die Jugendlichen<strong> Pfadfinderinnen und Pfadfinder<\/strong>, zwischen 16 und 20 Jahren <strong>Roverinnen und Rover<\/strong>.<br \/>\nIn jeder Altersgruppe begleiten Teams von erwachsenen Frauen und M\u00e4nnern die jungen Leute als Leiterinnen und Leiter \u2013 ehrenamtlich.<br \/>\nDie Gruppen vor Ort hei\u00dfen St\u00e4mme, f\u00fcnf bis 15 werden zu Bezirken zusammengefasst. Alle St\u00e4mme eines Bistums bilden den Di\u00f6zesanverband.<\/p>\n<p><strong>Auch in der Pfarrei Maria Frieden gibt es die Pfadfinder. <\/strong><br \/>\n<strong>Und wenn du nun Lust hast bei den Pfadfindern mitzumachen, dann melde dich einfach bei den Stammesvorsitzenden!!<\/strong><\/p>\n<hr \/>\n<p><span style=\"color: #ff6600;\"><strong>Stamm St. Maria Himmelfahrt Hamminkeln<\/strong><\/span><\/p>\n<p><strong><span style=\"text-decoration: underline;\">Gruppenstunden<\/span><\/strong><\/p>\n<table style=\"width: 99.52%; height: 92px;\" border=\"0\">\n<tbody>\n<tr style=\"height: 24px;\">\n<td style=\"width: 26.24%; height: 24px;\">W\u00f6lflinge<\/td>\n<td style=\"width: 73.6%; height: 24px;\">Mittwoch\u00a0 \u00a0 \u00a0 \u00a015:15 &#8211; 16:45 Uhr\u00a0 \u00a0 \u00a0Pfarrheim Hamminkeln<\/td>\n<\/tr>\n<tr style=\"height: 10px;\">\n<td style=\"width: 26.24%; height: 10px;\">Jungpfadfinder\/<br \/>\nPfadfinder<\/td>\n<td style=\"width: 73.6%; height: 10px;\">Donnerstag\u00a0 \u00a017:00 &#8211; 18:00 Uhr\u00a0 \u00a0 \u00a0Pfarrheim Hamminkeln<\/td>\n<\/tr>\n<tr style=\"height: 48px;\">\n<td style=\"width: 26.24%; height: 48px;\">Roverrunde<\/td>\n<td style=\"width: 73.6%; height: 48px;\">Mittwoch\u00a0 \u00a0 \u00a0 \u00a0 17:00 &#8211; 18:30 Uhr\u00a0 \u00a0 Pfarrheim Hamminkeln<\/td>\n<\/tr>\n<tr style=\"height: 10px;\">\n<td style=\"width: 26.24%; height: 10px;\"><\/td>\n<td style=\"width: 73.6%; height: 10px;\"><\/td>\n<\/tr>\n<\/tbody>\n<\/table>\n<p><span style=\"color: #ff6600;\"><strong>Stammesvorsitzende:<\/strong><\/span><br \/>\nTim Decker<br \/>\nTelefon: 0176 30187456<\/p>\n<p>Luis Overkamp<br \/>\nTelefon: 0163 8732768<\/p>\n<p>&nbsp;<\/p>\n ","protected":false},"excerpt":{"rendered":"<p>Die Deutsche Pfadfinderschaft Sankt Georg (DPSG) versteht sich als Kinder- und Jugendverband mit p\u00e4dagogischen Zielen. Im urspr\u00fcnglichen Jungen- und M\u00e4nnerverband ist die Mitgliedschaft von M\u00e4dchen und Frauen seit 1971 selbstverst\u00e4ndlich. Die DPSG unterscheidet vier Altersstufen: Sieben- bis Zehnj\u00e4hrige hei\u00dfen W\u00f6lflinge, Zehn- bis 13-J\u00e4hrige Jungpfadfinderinnen und Jungpfadfinder. Zwischen 13 und 16 Jahren werden die Jugendlichen Pfadfinderinnen [&hellip;]<\/p>\n","protected":false},"author":1,"featured_media":0,"parent":237,"menu_order":0,"comment_status":"closed","ping_status":"open","template":"","meta":{"footnotes":""},"_links":{"self":[{"href":"https:\/\/mariafrieden-hamminkeln.de\/index.php?rest_route=\/wp\/v2\/pages\/241"}],"collection":[{"href":"https:\/\/mariafrieden-hamminkeln.de\/index.php?rest_route=\/wp\/v2\/pages"}],"about":[{"href":"https:\/\/mariafrieden-hamminkeln.de\/index.php?rest_route=\/wp\/v2\/types\/page"}],"author":[{"embeddable":true,"href":"https:\/\/mariafrieden-hamminkeln.de\/index.php?rest_route=\/wp\/v2\/users\/1"}],"replies":[{"embeddable":true,"href":"https:\/\/mariafrieden-hamminkeln.de\/index.php?rest_route=%2Fwp%2Fv2%2Fcomments&post=241"}],"version-history":[{"count":16,"href":"https:\/\/mariafrieden-hamminkeln.de\/index.php?rest_route=\/wp\/v2\/pages\/241\/revisions"}],"predecessor-version":[{"id":16870,"href":"https:\/\/mariafrieden-hamminkeln.de\/index.php?rest_route=\/wp\/v2\/pages\/241\/revisions\/16870"}],"up":[{"embeddable":true,"href":"https:\/\/mariafrieden-hamminkeln.de\/index.php?rest_route=\/wp\/v2\/pages\/237"}],"wp:attachment":[{"href":"https:\/\/mariafrieden-hamminkeln.de\/index.php?rest_route=%2Fwp%2Fv2%2Fmedia&parent=241"}],"curies":[{"name":"wp","href":"https:\/\/api.w.org\/{rel}","templated":true}]}}