{"id":245,"date":"2014-04-07T07:42:48","date_gmt":"2014-04-07T07:42:48","guid":{"rendered":"http:\/\/mariafrieden-hamminkeln.de\/?page_id=245"},"modified":"2022-03-08T15:23:33","modified_gmt":"2022-03-08T15:23:33","slug":"kirchenchoere","status":"publish","type":"page","link":"https:\/\/mariafrieden-hamminkeln.de\/?page_id=245","title":{"rendered":"Kirchenmusik"},"content":{"rendered":"<p>&nbsp;<\/p>\n<p><img loading=\"lazy\" decoding=\"async\" class=\"size-thumbnail wp-image-7133 alignleft\" src=\"https:\/\/mariafrieden-hamminkeln.de\/wp-content\/uploads\/2019\/06\/Logo-Baustelle-150x150.jpg\" alt=\"\" width=\"150\" height=\"150\" \/><\/p>\n<p>&nbsp;<\/p>\n<p>Diese Internet-Seite wird derzeit \u00fcberarbeitet!<\/p>\n<p>&nbsp;<\/p>\n<p>&nbsp;<\/p>\n<p>&nbsp;<\/p>\n<p>Die Kirchenmusik in Maria Frieden ist vielf\u00e4ltig und abwechslungsreich.<\/p>\n<p style=\"text-align: justify;\">Vom gregorianischen Choral bis zum Neuen Geistlichen Lied decken die unterschiedlichen Gruppen das ganze musikalische Spektrum ab. Die \u00fcber 100 S\u00e4ngerinnen und S\u00e4nger leisten mit viel Freude, \u00dcberzeugung und Engagement einen gro\u00dfen und wertvollen Beitrag zur Kirchenmusik.<\/p>\n<p>&nbsp;<\/p>\n ","protected":false},"excerpt":{"rendered":"<p>&nbsp; &nbsp; Diese Internet-Seite wird derzeit \u00fcberarbeitet! &nbsp; &nbsp; &nbsp; Die Kirchenmusik in Maria Frieden ist vielf\u00e4ltig und abwechslungsreich. Vom gregorianischen Choral bis zum Neuen Geistlichen Lied decken die unterschiedlichen Gruppen das ganze musikalische Spektrum ab. Die \u00fcber 100 S\u00e4ngerinnen und S\u00e4nger leisten mit viel Freude, \u00dcberzeugung und Engagement einen gro\u00dfen und wertvollen Beitrag zur [&hellip;]<\/p>\n","protected":false},"author":1,"featured_media":0,"parent":18,"menu_order":0,"comment_status":"closed","ping_status":"closed","template":"","meta":{"footnotes":""},"_links":{"self":[{"href":"https:\/\/mariafrieden-hamminkeln.de\/index.php?rest_route=\/wp\/v2\/pages\/245"}],"collection":[{"href":"https:\/\/mariafrieden-hamminkeln.de\/index.php?rest_route=\/wp\/v2\/pages"}],"about":[{"href":"https:\/\/mariafrieden-hamminkeln.de\/index.php?rest_route=\/wp\/v2\/types\/page"}],"author":[{"embeddable":true,"href":"https:\/\/mariafrieden-hamminkeln.de\/index.php?rest_route=\/wp\/v2\/users\/1"}],"replies":[{"embeddable":true,"href":"https:\/\/mariafrieden-hamminkeln.de\/index.php?rest_route=%2Fwp%2Fv2%2Fcomments&post=245"}],"version-history":[{"count":36,"href":"https:\/\/mariafrieden-hamminkeln.de\/index.php?rest_route=\/wp\/v2\/pages\/245\/revisions"}],"predecessor-version":[{"id":12183,"href":"https:\/\/mariafrieden-hamminkeln.de\/index.php?rest_route=\/wp\/v2\/pages\/245\/revisions\/12183"}],"up":[{"embeddable":true,"href":"https:\/\/mariafrieden-hamminkeln.de\/index.php?rest_route=\/wp\/v2\/pages\/18"}],"wp:attachment":[{"href":"https:\/\/mariafrieden-hamminkeln.de\/index.php?rest_route=%2Fwp%2Fv2%2Fmedia&parent=245"}],"curies":[{"name":"wp","href":"https:\/\/api.w.org\/{rel}","templated":true}]}}