{"id":36,"date":"2014-03-29T10:25:19","date_gmt":"2014-03-29T10:25:19","guid":{"rendered":"http:\/\/mariafrieden-hamminkeln.de\/?page_id=36"},"modified":"2022-08-24T14:16:12","modified_gmt":"2022-08-24T14:16:12","slug":"buechereien","status":"publish","type":"page","link":"https:\/\/mariafrieden-hamminkeln.de\/?page_id=36","title":{"rendered":"B\u00fccherei"},"content":{"rendered":"<p><img loading=\"lazy\" decoding=\"async\" class=\"size-medium wp-image-10944 aligncenter\" src=\"https:\/\/mariafrieden-hamminkeln.de\/wp-content\/uploads\/2021\/06\/Logo-Buecherei-2-e1624429678727-300x148.png\" alt=\"\" width=\"300\" height=\"148\" \/><\/p>\n<p><span style=\"font-size: 18pt;\"><strong>A<\/strong><\/span>usleihe rund um die Uhr. Das ist inzwischen m\u00f6glich, da unsere B\u00fccherei dem Verbund der Onleihe libell-e.de angeh\u00f6rt. Alle Leser, die im Besitz eines g\u00fcltigen B\u00fcchereiausweises sind, k\u00f6nnen diesen Service nutzen. Zum Ausleihen meldet man sich mit den Zugangsdaten seines B\u00fcchereiausweises unter libell-e.de an. Unter dem Punkt Hilfe gibt es viele Tipps zum Installieren und Fragen rund um die Onleihe. Dieses Angebot erm\u00f6glicht es unseren Lesern, eMedien von zu Hause auszuleihen.<\/p>\n<p><sub><img loading=\"lazy\" decoding=\"async\" class=\"alignright size-medium wp-image-10947\" src=\"https:\/\/mariafrieden-hamminkeln.de\/wp-content\/uploads\/2021\/06\/Buecherei-Ansicht-300x171.jpg\" alt=\"\" width=\"300\" height=\"171\" srcset=\"https:\/\/mariafrieden-hamminkeln.de\/wp-content\/uploads\/2021\/06\/Buecherei-Ansicht-300x171.jpg 300w, https:\/\/mariafrieden-hamminkeln.de\/wp-content\/uploads\/2021\/06\/Buecherei-Ansicht-768x437.jpg 768w, https:\/\/mariafrieden-hamminkeln.de\/wp-content\/uploads\/2021\/06\/Buecherei-Ansicht-624x355.jpg 624w, https:\/\/mariafrieden-hamminkeln.de\/wp-content\/uploads\/2021\/06\/Buecherei-Ansicht.jpg 836w\" sizes=\"(max-width: 300px) 100vw, 300px\" \/><\/sub>In unserer B\u00fccherei finden Sie nach wie vor ein gro\u00dfes Angebot an aktueller Literatur. Die Allerkleinsten werden in den B\u00fccherkisten f\u00fcndig. Besonders gefragt in unserer B\u00fccherei sind die Tonies. Das ist ein H\u00f6r-Spiel-Spa\u00df im Kinderzimmer. Das System besteht aus einer Tonie-Box zum Abspielen der H\u00f6rspielfiguren und den Tonies. \u00c4ltere Kinder finden in den Regalen umfangreiche Kinderliteratur, Sachb\u00fccher, CDs, Bookiis und Videos. F\u00fcr Erwachsene stehen in unserer B\u00fccherei in gro\u00dfer Anzahl Romane, Sachb\u00fccher und verschiedene Zeitschriften zur Ausleihe bereit. Monatlich werden neue Medien angeschafft, darunter auch viele Bestseller.<\/p>\n<p>Unsere B\u00fccherei verf\u00fcgt \u00fcber einen Bestand von ca. 5.600 Medien. Jeder Leser hat Zugriff auf sein Leserkonto unter:\u00a0 <a href=\"https:\/\/webopac.bistum-muenster.de\">https:\/\/webopac.bistum-muenster.de<\/a>. Hier kann er seine ausgeliehenen Medien verl\u00e4ngern, B\u00fccher vorbestellen und sich \u00fcber den Medienbestand unserer B\u00fccherei informieren. Sollte ein bestimmtes Buch in unserer B\u00fccherei nicht vorhanden sein, wird angezeigt, ob es in der Onleihe zum Herunterladen zur Verf\u00fcgung steht.<\/p>\n<p>18 ehrenamtliche Mitarbeiterinnen stehen Ihnen jederzeit hilfreich zur Seite.<\/p>\n<p><b>Sie finden uns unter:<\/b><br \/>\nAm Kirchplatz 2 (direkt neben der Kirche)<br \/>\n46499 Hamminkeln-Dingden<br \/>\nTel. 02852 \/ 909131<br \/>\n<a href=\"mailto:buecherei-dingden@bistum-muenster.de\">buecherei-dingden@bistum-muenster.de<\/a><\/p>\n<p><strong>Unsere \u00d6ffnungszeiten sind:<br \/>\n<\/strong>Sonntag:\u00a0\u00a0\u00a0\u00a0\u00a0\u00a0\u00a0\u00a0\u00a0\u00a0\u00a0\u00a0 10:00 Uhr bis 12:00 Uhr<br \/>\nDienstag:\u00a0\u00a0\u00a0\u00a0\u00a0\u00a0\u00a0\u00a0\u00a0\u00a0\u00a0 16:00 Uhr bis 18:00 Uhr<br \/>\nMittwoch:\u00a0 \u00a0 \u00a0 \u00a0 \u00a0 \u00a010:00 Uhr bis 12:00 Uhr<br \/>\nDonnerstag:\u00a0 \u00a0 \u00a0 \u00a016:00 Uhr bis 18:00 Uhr<\/p>\n<p><strong> Ausleihgeb\u00fchren:<br \/>\n<\/strong>Jahresgeb\u00fchr f\u00fcr Erwachsene\u00a0 8 \u20ac<br \/>\nDie Ausleihe f\u00fcr Kinder und Jugendliche ist kostenlos<br \/>\nBei Nutzung der Onleihe betr\u00e4gt die Jahresgeb\u00fchr f\u00fcr alle Leser 12 \u20ac<\/p>\n<p><strong>Wir freuen uns \u00fcber eine vielf\u00e4ltige Nutzung unseres Angebotes.<\/strong><\/p>\n ","protected":false},"excerpt":{"rendered":"<p>Ausleihe rund um die Uhr. Das ist inzwischen m\u00f6glich, da unsere B\u00fccherei dem Verbund der Onleihe libell-e.de angeh\u00f6rt. Alle Leser, die im Besitz eines g\u00fcltigen B\u00fcchereiausweises sind, k\u00f6nnen diesen Service nutzen. Zum Ausleihen meldet man sich mit den Zugangsdaten seines B\u00fcchereiausweises unter libell-e.de an. Unter dem Punkt Hilfe gibt es viele Tipps zum Installieren und [&hellip;]<\/p>\n","protected":false},"author":1,"featured_media":0,"parent":16,"menu_order":0,"comment_status":"closed","ping_status":"closed","template":"","meta":{"footnotes":""},"_links":{"self":[{"href":"https:\/\/mariafrieden-hamminkeln.de\/index.php?rest_route=\/wp\/v2\/pages\/36"}],"collection":[{"href":"https:\/\/mariafrieden-hamminkeln.de\/index.php?rest_route=\/wp\/v2\/pages"}],"about":[{"href":"https:\/\/mariafrieden-hamminkeln.de\/index.php?rest_route=\/wp\/v2\/types\/page"}],"author":[{"embeddable":true,"href":"https:\/\/mariafrieden-hamminkeln.de\/index.php?rest_route=\/wp\/v2\/users\/1"}],"replies":[{"embeddable":true,"href":"https:\/\/mariafrieden-hamminkeln.de\/index.php?rest_route=%2Fwp%2Fv2%2Fcomments&post=36"}],"version-history":[{"count":24,"href":"https:\/\/mariafrieden-hamminkeln.de\/index.php?rest_route=\/wp\/v2\/pages\/36\/revisions"}],"predecessor-version":[{"id":12837,"href":"https:\/\/mariafrieden-hamminkeln.de\/index.php?rest_route=\/wp\/v2\/pages\/36\/revisions\/12837"}],"up":[{"embeddable":true,"href":"https:\/\/mariafrieden-hamminkeln.de\/index.php?rest_route=\/wp\/v2\/pages\/16"}],"wp:attachment":[{"href":"https:\/\/mariafrieden-hamminkeln.de\/index.php?rest_route=%2Fwp%2Fv2%2Fmedia&parent=36"}],"curies":[{"name":"wp","href":"https:\/\/api.w.org\/{rel}","templated":true}]}}