{"id":372,"date":"2014-04-10T18:12:27","date_gmt":"2014-04-10T18:12:27","guid":{"rendered":"http:\/\/mariafrieden-hamminkeln.de\/?page_id=372"},"modified":"2019-02-18T07:59:27","modified_gmt":"2019-02-18T07:59:27","slug":"schuetzenbruderschaft","status":"publish","type":"page","link":"https:\/\/mariafrieden-hamminkeln.de\/?page_id=372","title":{"rendered":"Sch\u00fctzenbruderschaft St. Antonius Loikum"},"content":{"rendered":"<p style=\"text-align: justify;\">Die Sch\u00fctzenbruderschaft ist die \u00e4lteste Gemeinschaft in Loikum. Die Aufgaben der Sch\u00fctzen haben sich im Laufe der Jahre grundlegend ge\u00e4ndert. Urspr\u00fcnglich ging es um den Schutz der Loikumer Bev\u00f6lkerung. Heute nimmt die Bruderschaft eine andere wichtige Funktion ein: Hier finden neue Mitglieder schnell eine Gemeinschaft. Zudem haben die Sch\u00fctzen in den zur\u00fcckliegenden Jahrzehnten das Dorfbild wesentlich mitgepr\u00e4gt und viele Vorhaben angesto\u00dfen und umgesetzt. Die Sch\u00fctzenbruderschaft kann also nicht nur Feste feiern, sondern auch feste arbeiten.<\/p>\n<p style=\"text-align: justify;\">Die Sch\u00fctzenbruderschaft hat sich seit jeher der Brauchtumspflege gewidmet. Schlie\u00dflich ist und war der Leitspruch unserer Bruderschaft \u201ef\u00fcr Glaube, Sitte und Heimat\u201c einzustehen. Trotz allem Traditionsbewusstsein bem\u00fchen wir uns gleichzeitig, offen zu sein, f\u00fcr Ver\u00e4nderungen und neue Aktivit\u00e4ten.<\/p>\n<p style=\"text-align: justify;\">Die Sch\u00fctzen haben in Loikum einen gro\u00dfen Stellenwert. Das zeigt sich schon allein an der \u00a0&#8211; gemessen an der Zahl der Einwohner &#8211; \u00a0hohen Mitgliederzahl: Unsere Bruderschaft hat aktuell rund 350 Sch\u00fctzen, davon sind immerhin 24 weiblich.<\/p>\n<p style=\"text-align: justify;\">Damit diese Tradition und Brauchtumspflege auch morgen und \u00fcbermorgen weiterlebt, war die Einbindung der Jugend in der j\u00fcngeren Vergangenheit ein wesentlicher Schwerpunkt der Vereinsarbeit. Die Entwicklung der letzten Jahre stimmt diesbez\u00fcglich sehr zuversichtlich.<\/p>\n<p><strong><span style=\"color: #008000;\"><span style=\"color: #ff6600;\">Brudermeister:<\/span><br \/>\n<\/span><\/strong>Michael Borkes-Bu\u00dfhaus<br \/>\nM\u00f6llenweg 47 a<br \/>\n46499 Hamminkeln<br \/>\nMail: <a href=\"mailto:mborkesb@web.de\">mborkesb@web.de<\/a><\/p>\n<p><strong><span style=\"color: #008000;\"><span style=\"color: #ff6600;\">Stellvertretender Brudermeister:<\/span><br \/>\n<\/span><\/strong>Detlef Dr\u00e4ger<br \/>\nMehrbruch 1<br \/>\n46499 Hamminkeln<br \/>\nMail: <a href=\"mailto:draeger197@freenet.de\">draeger197@freenet.de<\/a><\/p>\n<p><strong><span style=\"color: #008000;\"><span style=\"color: #ff6600;\">Schriftf\u00fchrer:<\/span><br \/>\n<\/span><\/strong>Christian Kommelter<br \/>\nHeisterweg 25 a<br \/>\n46499 Hamminkeln<br \/>\nMail: <a href=\"mailto:kommelter@gmx.de\">kommelter@gmx.de<\/a><\/p>\n ","protected":false},"excerpt":{"rendered":"<p>Die Sch\u00fctzenbruderschaft ist die \u00e4lteste Gemeinschaft in Loikum. Die Aufgaben der Sch\u00fctzen haben sich im Laufe der Jahre grundlegend ge\u00e4ndert. Urspr\u00fcnglich ging es um den Schutz der Loikumer Bev\u00f6lkerung. Heute nimmt die Bruderschaft eine andere wichtige Funktion ein: Hier finden neue Mitglieder schnell eine Gemeinschaft. Zudem haben die Sch\u00fctzen in den zur\u00fcckliegenden Jahrzehnten das Dorfbild [&hellip;]<\/p>\n","protected":false},"author":1,"featured_media":0,"parent":18,"menu_order":0,"comment_status":"closed","ping_status":"closed","template":"","meta":{"footnotes":""},"_links":{"self":[{"href":"https:\/\/mariafrieden-hamminkeln.de\/index.php?rest_route=\/wp\/v2\/pages\/372"}],"collection":[{"href":"https:\/\/mariafrieden-hamminkeln.de\/index.php?rest_route=\/wp\/v2\/pages"}],"about":[{"href":"https:\/\/mariafrieden-hamminkeln.de\/index.php?rest_route=\/wp\/v2\/types\/page"}],"author":[{"embeddable":true,"href":"https:\/\/mariafrieden-hamminkeln.de\/index.php?rest_route=\/wp\/v2\/users\/1"}],"replies":[{"embeddable":true,"href":"https:\/\/mariafrieden-hamminkeln.de\/index.php?rest_route=%2Fwp%2Fv2%2Fcomments&post=372"}],"version-history":[{"count":7,"href":"https:\/\/mariafrieden-hamminkeln.de\/index.php?rest_route=\/wp\/v2\/pages\/372\/revisions"}],"predecessor-version":[{"id":6752,"href":"https:\/\/mariafrieden-hamminkeln.de\/index.php?rest_route=\/wp\/v2\/pages\/372\/revisions\/6752"}],"up":[{"embeddable":true,"href":"https:\/\/mariafrieden-hamminkeln.de\/index.php?rest_route=\/wp\/v2\/pages\/18"}],"wp:attachment":[{"href":"https:\/\/mariafrieden-hamminkeln.de\/index.php?rest_route=%2Fwp%2Fv2%2Fmedia&parent=372"}],"curies":[{"name":"wp","href":"https:\/\/api.w.org\/{rel}","templated":true}]}}