{"id":38,"date":"2014-03-29T10:25:48","date_gmt":"2014-03-29T10:25:48","guid":{"rendered":"http:\/\/mariafrieden-hamminkeln.de\/?page_id=38"},"modified":"2025-07-09T14:27:59","modified_gmt":"2025-07-09T14:27:59","slug":"fuer-junge-leute","status":"publish","type":"page","link":"https:\/\/mariafrieden-hamminkeln.de\/?page_id=38","title":{"rendered":"Kinder &#8211; und Jugendtreff &#8222;Next Generation&#8220;"},"content":{"rendered":"<p><img loading=\"lazy\" decoding=\"async\" class=\"alignnone wp-image-793\" style=\"width: 485px;\" src=\"http:\/\/mariafrieden-hamminkeln.de\/wp-content\/uploads\/2014\/03\/aussen-009-1024x802.jpg\" alt=\"Camera\" width=\"625\" height=\"411\" \/><\/p>\n<p>Der Kinder-und Jugendtreff St. Pankratius <strong>\u201eNext Generation\u201c<\/strong> bietet Kinder und Jugendlichen ab 6 Jahren die M\u00f6glichkeit an Angeboten und Projekten teilzunehmen oder die M\u00f6glichkeiten die Einrichtung zur Freizeitgestaltung zu nutzen.<\/p>\n<p>F\u00fcr alle Kinder und Jugendliche jeder sozialen Herkunft, Bildung und Konfession stehen die T\u00fcren offen, denn unser Bestreben ist es ein soziales, tolerantes Miteinander zu f\u00f6rdern.<\/p>\n<p><strong>Die Einrichtung wird von Frau Schmeink geleitet<\/strong>. Hinzu kommen ehrenamtlichen Mitarbeitern und Mitarbeiterinnen, die mit viel Engagement an der inhaltlichen Gestaltung des Treffs mitarbeiten.<\/p>\n\n\t\t<style type=\"text\/css\">\n\t\t\t#gallery-1 {\n\t\t\t\tmargin: auto;\n\t\t\t}\n\t\t\t#gallery-1 .gallery-item {\n\t\t\t\tfloat: left;\n\t\t\t\tmargin-top: 10px;\n\t\t\t\ttext-align: center;\n\t\t\t\twidth: 33%;\n\t\t\t}\n\t\t\t#gallery-1 img {\n\t\t\t\tborder: 2px solid #cfcfcf;\n\t\t\t}\n\t\t\t#gallery-1 .gallery-caption {\n\t\t\t\tmargin-left: 0;\n\t\t\t}\n\t\t\t\/* see gallery_shortcode() in wp-includes\/media.php *\/\n\t\t<\/style>\n\t\t<div id='gallery-1' class='gallery galleryid-38 gallery-columns-3 gallery-size-thumbnail'><dl class='gallery-item'>\n\t\t\t<dt class='gallery-icon landscape'>\n\t\t\t\t<a href='https:\/\/mariafrieden-hamminkeln.de\/?attachment_id=16492'><img loading=\"lazy\" decoding=\"async\" width=\"150\" height=\"150\" src=\"https:\/\/mariafrieden-hamminkeln.de\/wp-content\/uploads\/2025\/07\/20220718_150505-150x150.jpg\" class=\"attachment-thumbnail size-thumbnail\" alt=\"\" \/><\/a>\n\t\t\t<\/dt><\/dl><dl class='gallery-item'>\n\t\t\t<dt class='gallery-icon landscape'>\n\t\t\t\t<a href='https:\/\/mariafrieden-hamminkeln.de\/?attachment_id=16493'><img loading=\"lazy\" decoding=\"async\" width=\"150\" height=\"150\" src=\"https:\/\/mariafrieden-hamminkeln.de\/wp-content\/uploads\/2025\/07\/20220718_150604-150x150.jpg\" class=\"attachment-thumbnail size-thumbnail\" alt=\"\" \/><\/a>\n\t\t\t<\/dt><\/dl><dl class='gallery-item'>\n\t\t\t<dt class='gallery-icon landscape'>\n\t\t\t\t<a href='https:\/\/mariafrieden-hamminkeln.de\/?attachment_id=16494'><img loading=\"lazy\" decoding=\"async\" width=\"150\" height=\"150\" src=\"https:\/\/mariafrieden-hamminkeln.de\/wp-content\/uploads\/2025\/07\/20220718_150654-150x150.jpg\" class=\"attachment-thumbnail size-thumbnail\" alt=\"\" \/><\/a>\n\t\t\t<\/dt><\/dl><br style=\"clear: both\" \/><dl class='gallery-item'>\n\t\t\t<dt class='gallery-icon portrait'>\n\t\t\t\t<a href='https:\/\/mariafrieden-hamminkeln.de\/?attachment_id=16495'><img loading=\"lazy\" decoding=\"async\" width=\"150\" height=\"150\" src=\"https:\/\/mariafrieden-hamminkeln.de\/wp-content\/uploads\/2025\/07\/20220718_150722-150x150.jpg\" class=\"attachment-thumbnail size-thumbnail\" alt=\"\" \/><\/a>\n\t\t\t<\/dt><\/dl><dl class='gallery-item'>\n\t\t\t<dt class='gallery-icon portrait'>\n\t\t\t\t<a href='https:\/\/mariafrieden-hamminkeln.de\/?attachment_id=16496'><img loading=\"lazy\" decoding=\"async\" width=\"150\" height=\"150\" src=\"https:\/\/mariafrieden-hamminkeln.de\/wp-content\/uploads\/2025\/07\/20220718_150731-150x150.jpg\" class=\"attachment-thumbnail size-thumbnail\" alt=\"\" \/><\/a>\n\t\t\t<\/dt><\/dl><dl class='gallery-item'>\n\t\t\t<dt class='gallery-icon landscape'>\n\t\t\t\t<a href='https:\/\/mariafrieden-hamminkeln.de\/?attachment_id=16497'><img loading=\"lazy\" decoding=\"async\" width=\"150\" height=\"150\" src=\"https:\/\/mariafrieden-hamminkeln.de\/wp-content\/uploads\/2025\/07\/20220718_150448-150x150.jpg\" class=\"attachment-thumbnail size-thumbnail\" alt=\"\" \/><\/a>\n\t\t\t<\/dt><\/dl><br style=\"clear: both\" \/>\n\t\t<\/div>\n\n<p>Es besteht nach telefonischer Absprache die M\u00f6glichkeit auch f\u00fcr Eltern, Alleinerziehende und alle weiteren Interessierten sich \u00fcber die Einrichtung\u00a0 zu informieren, Informationen \u00fcber Hilfsangebote bei Problemlagen zu bekommen\u00a0 oder\u00a0 ein offenes Ohr f\u00fcr alle Lebenslagen zu finden.<\/p>\n<p><strong>Hier finden Sie die\u00a0<a href=\"https:\/\/mariafrieden-hamminkeln.de\/wp-content\/uploads\/2018\/09\/\u00d6ffnungszeiten-ab-2018.pdf\">\u00d6ffnungszeiten<\/a>\u00a0!!<\/strong><\/p>\n<p><span style=\"color: #339966;\"><strong>Ansprechpartnerin:<\/strong><\/span><br \/>\nSylvia Schmeink<br \/>\nAm Kirchplatz 5<br \/>\n02852 \/ 90 90 30<br \/>\nMail: <a title=\"Loslassen, was ungl\u00fccklich macht\" href=\"mailto: jugendtreff-dingden@bistum-muenster.de\">jugendtreff-dingden@bistum-muenster.de<\/a><\/p>\n<div><\/div>\n ","protected":false},"excerpt":{"rendered":"<p>Der Kinder-und Jugendtreff St. Pankratius \u201eNext Generation\u201c bietet Kinder und Jugendlichen ab 6 Jahren die M\u00f6glichkeit an Angeboten und Projekten teilzunehmen oder die M\u00f6glichkeiten die Einrichtung zur Freizeitgestaltung zu nutzen. F\u00fcr alle Kinder und Jugendliche jeder sozialen Herkunft, Bildung und Konfession stehen die T\u00fcren offen, denn unser Bestreben ist es ein soziales, tolerantes Miteinander zu [&hellip;]<\/p>\n","protected":false},"author":1,"featured_media":0,"parent":16,"menu_order":0,"comment_status":"closed","ping_status":"closed","template":"","meta":{"footnotes":""},"_links":{"self":[{"href":"https:\/\/mariafrieden-hamminkeln.de\/index.php?rest_route=\/wp\/v2\/pages\/38"}],"collection":[{"href":"https:\/\/mariafrieden-hamminkeln.de\/index.php?rest_route=\/wp\/v2\/pages"}],"about":[{"href":"https:\/\/mariafrieden-hamminkeln.de\/index.php?rest_route=\/wp\/v2\/types\/page"}],"author":[{"embeddable":true,"href":"https:\/\/mariafrieden-hamminkeln.de\/index.php?rest_route=\/wp\/v2\/users\/1"}],"replies":[{"embeddable":true,"href":"https:\/\/mariafrieden-hamminkeln.de\/index.php?rest_route=%2Fwp%2Fv2%2Fcomments&post=38"}],"version-history":[{"count":79,"href":"https:\/\/mariafrieden-hamminkeln.de\/index.php?rest_route=\/wp\/v2\/pages\/38\/revisions"}],"predecessor-version":[{"id":16498,"href":"https:\/\/mariafrieden-hamminkeln.de\/index.php?rest_route=\/wp\/v2\/pages\/38\/revisions\/16498"}],"up":[{"embeddable":true,"href":"https:\/\/mariafrieden-hamminkeln.de\/index.php?rest_route=\/wp\/v2\/pages\/16"}],"wp:attachment":[{"href":"https:\/\/mariafrieden-hamminkeln.de\/index.php?rest_route=%2Fwp%2Fv2%2Fmedia&parent=38"}],"curies":[{"name":"wp","href":"https:\/\/api.w.org\/{rel}","templated":true}]}}