{"id":41,"date":"2014-03-29T10:27:41","date_gmt":"2014-03-29T10:27:41","guid":{"rendered":"http:\/\/mariafrieden-hamminkeln.de\/?page_id=41"},"modified":"2026-04-02T07:42:45","modified_gmt":"2026-04-02T07:42:45","slug":"seelsorger","status":"publish","type":"page","link":"https:\/\/mariafrieden-hamminkeln.de\/?page_id=41","title":{"rendered":"Seelsorgeteam"},"content":{"rendered":"<p><img loading=\"lazy\" decoding=\"async\" class=\"alignleft wp-image-15162\" src=\"https:\/\/mariafrieden-hamminkeln.de\/wp-content\/uploads\/2024\/03\/2024-03-01-Linsen-BiT-240x300.jpg\" alt=\"\" width=\"200\" height=\"250\" srcset=\"https:\/\/mariafrieden-hamminkeln.de\/wp-content\/uploads\/2024\/03\/2024-03-01-Linsen-BiT-240x300.jpg 240w, https:\/\/mariafrieden-hamminkeln.de\/wp-content\/uploads\/2024\/03\/2024-03-01-Linsen-BiT.jpg 300w\" sizes=\"(max-width: 200px) 100vw, 200px\" \/><\/p>\n<p><span style=\"color: #000080;\"><strong>Pastor<\/strong><\/span><br \/>\n<span style=\"color: #000080;\"><strong>Thomas Linsen<br \/>\n<\/strong><\/span>Am Wedem Hoven 1<br \/>\n46499 Hamminkeln<br \/>\nTelefon 02852 960809 120<br \/>\nMobil 0171 3648858<br \/>\n<span style=\"color: #3366ff;\"><a style=\"color: #3366ff;\" href=\"mailto:linsen@bistum-muenster.de\">linsen@bistum-muenster.de<\/a><\/span><\/p>\n<p><a href=\"https:\/\/mariafrieden-hamminkeln.de\/wp-content\/uploads\/2024\/07\/Thomas-Linsen-hat-die-Leitung-der-Pfarrei-Maria-Frieden-uebernommen.pdf\">Thomas Linsen hat die Leitung der Pfarrei Maria Frieden \u00fcbernommen<\/a> (PDF, aus dem Pfarrbrief Sommer 2024<\/p>\n<p>&nbsp;<\/p>\n<hr \/>\n<p><a href=\"https:\/\/mariafrieden-hamminkeln.de\/wp-content\/uploads\/2019\/08\/Abraham-Manalil.jpg\"><img loading=\"lazy\" decoding=\"async\" class=\"alignleft wp-image-7364\" src=\"https:\/\/mariafrieden-hamminkeln.de\/wp-content\/uploads\/2019\/08\/Abraham-Manalil-768x1024.jpg\" alt=\"\" width=\"202\" height=\"270\" srcset=\"https:\/\/mariafrieden-hamminkeln.de\/wp-content\/uploads\/2019\/08\/Abraham-Manalil-768x1024.jpg 768w, https:\/\/mariafrieden-hamminkeln.de\/wp-content\/uploads\/2019\/08\/Abraham-Manalil-225x300.jpg 225w, https:\/\/mariafrieden-hamminkeln.de\/wp-content\/uploads\/2019\/08\/Abraham-Manalil-624x832.jpg 624w\" sizes=\"(max-width: 202px) 100vw, 202px\" \/><\/a><\/p>\n<p><span style=\"color: #000080;\"><strong>Pastor<\/strong><\/span><br \/>\n<span style=\"color: #000080;\"><strong>Abraham Manalil<br \/>\n<\/strong><\/span>Marienplatz 2<br \/>\n46499 Hamminkeln<br \/>\nTelefon 02852 960809 420<br \/>\nMobil 0160\u00a0\/ 97651962<br \/>\n<span style=\"color: #3366ff;\"><a style=\"color: #3366ff;\" href=\"mailto:manalil@gmx.de\">manalil@gmx.de<\/a><\/span><br \/>\n<span style=\"color: #3366ff;\"><a style=\"color: #3366ff;\" href=\"mailto:manalil@bistum-muenster.de\">manalil@bistum-muenster.de<\/a><\/span><\/p>\n<p><a href=\"https:\/\/mariafrieden-hamminkeln.de\/wp-content\/uploads\/2019\/08\/Vorstellung-Pastor-Abraham-Manalil-2019.pdf\">Vorstellung Pastor Abraham Manalil 2019<\/a><br \/>\n<a href=\"https:\/\/mariafrieden-hamminkeln.de\/wp-content\/uploads\/2019\/11\/Zur\u00fcck-in-der-zweiten-Heimat.pdf\">Zur\u00fcck in der zweiten Heimat<\/a> (PDF, aus dem Pfarrbrief Advent 2019)<\/p>\n<hr \/>\n<p><a href=\"https:\/\/mariafrieden-hamminkeln.de\/wp-content\/uploads\/2020\/11\/DSC_0011-2.jpg\"><img loading=\"lazy\" decoding=\"async\" class=\"alignleft wp-image-9282\" src=\"https:\/\/mariafrieden-hamminkeln.de\/wp-content\/uploads\/2020\/11\/DSC_0011-2-769x1024.jpg\" alt=\"\" width=\"202\" height=\"269\" srcset=\"https:\/\/mariafrieden-hamminkeln.de\/wp-content\/uploads\/2020\/11\/DSC_0011-2-769x1024.jpg 769w, https:\/\/mariafrieden-hamminkeln.de\/wp-content\/uploads\/2020\/11\/DSC_0011-2-225x300.jpg 225w, https:\/\/mariafrieden-hamminkeln.de\/wp-content\/uploads\/2020\/11\/DSC_0011-2-768x1023.jpg 768w, https:\/\/mariafrieden-hamminkeln.de\/wp-content\/uploads\/2020\/11\/DSC_0011-2-624x831.jpg 624w, https:\/\/mariafrieden-hamminkeln.de\/wp-content\/uploads\/2020\/11\/DSC_0011-2.jpg 978w\" sizes=\"(max-width: 202px) 100vw, 202px\" \/><\/a><\/p>\n<p>&nbsp;<\/p>\n<p><span style=\"color: #000066;\"><strong>Pastor em.<\/strong><\/span><br \/>\n<strong><span style=\"color: #000066;\">Franz-Josef Pail<br \/>\n<\/span><\/strong>Dorfbruch 11<strong><br \/>\n<\/strong>46499 Hamminkeln<br \/>\nTelefon 02852 9579650<\/p>\n<p><a href=\"https:\/\/mariafrieden-hamminkeln.de\/wp-content\/uploads\/2018\/11\/Abschied-aus-Loikum-Neuanfang-in-Dingden.pdf\">Abschied aus Loikum &#8211; Neuanfang in Dingden<\/a><br \/>\n(PDF, aus dem Pfarrbrief Advent 2018)<\/p>\n<p>&nbsp;<\/p>\n<hr \/>\n<p><a href=\"https:\/\/mariafrieden-hamminkeln.de\/wp-content\/uploads\/2021\/08\/Maria-Thier-scaled-e1627890892339.jpg\"><img loading=\"lazy\" decoding=\"async\" class=\"alignleft wp-image-11127\" src=\"https:\/\/mariafrieden-hamminkeln.de\/wp-content\/uploads\/2021\/08\/Maria-Thier-scaled-e1627890892339-709x1024.jpg\" alt=\"\" width=\"198\" height=\"286\" srcset=\"https:\/\/mariafrieden-hamminkeln.de\/wp-content\/uploads\/2021\/08\/Maria-Thier-scaled-e1627890892339-709x1024.jpg 709w, https:\/\/mariafrieden-hamminkeln.de\/wp-content\/uploads\/2021\/08\/Maria-Thier-scaled-e1627890892339-208x300.jpg 208w, https:\/\/mariafrieden-hamminkeln.de\/wp-content\/uploads\/2021\/08\/Maria-Thier-scaled-e1627890892339-768x1110.jpg 768w, https:\/\/mariafrieden-hamminkeln.de\/wp-content\/uploads\/2021\/08\/Maria-Thier-scaled-e1627890892339-1063x1536.jpg 1063w, https:\/\/mariafrieden-hamminkeln.de\/wp-content\/uploads\/2021\/08\/Maria-Thier-scaled-e1627890892339-624x902.jpg 624w, https:\/\/mariafrieden-hamminkeln.de\/wp-content\/uploads\/2021\/08\/Maria-Thier-scaled-e1627890892339.jpg 1180w\" sizes=\"(max-width: 198px) 100vw, 198px\" \/><\/a><\/p>\n<p>&nbsp;<\/p>\n<p><strong><span style=\"color: #000066;\">Pastoralreferentin<br \/>\nMaria Thier<\/span><br \/>\n<\/strong>Marienplatz 2<br \/>\n46499 Hamminkeln<br \/>\nTelefon 02852 960809 430<br \/>\n<a href=\"mailto:thier-ma@bistum-muenster.de\">thier-ma@bistum-muenster.de<\/a><\/p>\n<p><a href=\"https:\/\/mariafrieden-hamminkeln.de\/?p=10564\">Eine neue pastorale Mitarbeiterin<\/a><\/p>\n<p>&nbsp;<\/p>\n<hr \/>\n<p><a href=\"https:\/\/mariafrieden-hamminkeln.de\/wp-content\/uploads\/2022\/08\/Sandra-Joosten.jpg\"><img loading=\"lazy\" decoding=\"async\" class=\"alignleft wp-image-12776\" src=\"https:\/\/mariafrieden-hamminkeln.de\/wp-content\/uploads\/2022\/08\/Sandra-Joosten-640x1024.jpg\" alt=\"\" width=\"200\" height=\"320\" srcset=\"https:\/\/mariafrieden-hamminkeln.de\/wp-content\/uploads\/2022\/08\/Sandra-Joosten-640x1024.jpg 640w, https:\/\/mariafrieden-hamminkeln.de\/wp-content\/uploads\/2022\/08\/Sandra-Joosten-188x300.jpg 188w, https:\/\/mariafrieden-hamminkeln.de\/wp-content\/uploads\/2022\/08\/Sandra-Joosten-768x1229.jpg 768w, https:\/\/mariafrieden-hamminkeln.de\/wp-content\/uploads\/2022\/08\/Sandra-Joosten-960x1536.jpg 960w, https:\/\/mariafrieden-hamminkeln.de\/wp-content\/uploads\/2022\/08\/Sandra-Joosten-1280x2048.jpg 1280w, https:\/\/mariafrieden-hamminkeln.de\/wp-content\/uploads\/2022\/08\/Sandra-Joosten-624x998.jpg 624w, https:\/\/mariafrieden-hamminkeln.de\/wp-content\/uploads\/2022\/08\/Sandra-Joosten.jpg 1519w\" sizes=\"(max-width: 200px) 100vw, 200px\" \/><\/a><\/p>\n<p>&nbsp;<\/p>\n<p><strong><span style=\"color: #000066;\">Pastoralreferentin<br \/>\nSandra Joosten<\/span><br \/>\n<\/strong>Marienplatz 2<br \/>\n46499 Hamminkeln<br \/>\nTelefon 02852 960809 416<br \/>\nHandy 0179 2314875<br \/>\n<a href=\"mailto:joosten-s@bistum-muenster.de\">joosten-s@bistum-muenster.de<\/a><\/p>\n<p><a href=\"https:\/\/mariafrieden-hamminkeln.de\/wp-content\/uploads\/2022\/08\/Ich-bin-wieder-hier....pdf\">Ich bin wieder hier&#8230;<\/a> Aus dem Sommer-Pfarrbrief 2022<\/p>\n<p>&nbsp;<\/p>\n<p>&nbsp;<\/p>\n<hr \/>\n<p><a href=\"https:\/\/mariafrieden-hamminkeln.de\/wp-content\/uploads\/2016\/06\/Portrait-Wenk.jpg\"><img loading=\"lazy\" decoding=\"async\" class=\"alignleft wp-image-2426\" src=\"https:\/\/mariafrieden-hamminkeln.de\/wp-content\/uploads\/2016\/06\/Portrait-Wenk-640x1024.jpg\" alt=\"\" width=\"200\" height=\"320\" srcset=\"https:\/\/mariafrieden-hamminkeln.de\/wp-content\/uploads\/2016\/06\/Portrait-Wenk-640x1024.jpg 640w, https:\/\/mariafrieden-hamminkeln.de\/wp-content\/uploads\/2016\/06\/Portrait-Wenk-187x300.jpg 187w, https:\/\/mariafrieden-hamminkeln.de\/wp-content\/uploads\/2016\/06\/Portrait-Wenk-624x998.jpg 624w, https:\/\/mariafrieden-hamminkeln.de\/wp-content\/uploads\/2016\/06\/Portrait-Wenk.jpg 2025w\" sizes=\"(max-width: 200px) 100vw, 200px\" \/><\/a><\/p>\n<p>&nbsp;<\/p>\n<p><span style=\"color: #000066;\"><strong>st\u00e4ndiger Diakon mit Zivilberuf<\/strong><\/span><br \/>\n<span style=\"color: #000066;\"> <strong> Michael Wenk<\/strong><\/span><br \/>\nAkazienweg\u00a030<br \/>\n46499 Hamminkeln<br \/>\nTelefon 02852 2990<br \/>\n<a href=\"mailto:wenk.dingden@freenet.de\">wenk.dingden@freenet.de<\/a><\/p>\n<p>&nbsp;<\/p>\n<p>&nbsp;<\/p>\n<p>&nbsp;<\/p>\n<hr \/>\n<p><a href=\"https:\/\/mariafrieden-hamminkeln.de\/wp-content\/uploads\/2014\/03\/grunden-3.jpg\"><img loading=\"lazy\" decoding=\"async\" class=\"alignleft wp-image-1014\" src=\"https:\/\/mariafrieden-hamminkeln.de\/wp-content\/uploads\/2014\/03\/grunden-3.jpg\" alt=\"\" width=\"199\" height=\"256\" \/><\/a><\/p>\n<p>&nbsp;<\/p>\n<p><span style=\"color: #000066;\"><strong>Diakon em.<\/strong><\/span><br \/>\n<span style=\"color: #000066;\"> <strong> Heinz Grunden<\/strong><\/span><br \/>\nMelkweg 2<br \/>\n46499 Hamminkeln<br \/>\nTelefon 02856 1356<br \/>\n<a href=\"mailto: heinz.grunden@web.de\">heinz.grunden@web.de<\/a><\/p>\n<p><a href=\"https:\/\/mariafrieden-hamminkeln.de\/?p=9447\">Verabschiedung zum 1. Dezember 2020<\/a><\/p>\n<p>&nbsp;<\/p>\n<hr \/>\n<p><span style=\"color: #000066;\"><strong>Diakon em.<\/strong><\/span><br \/>\n<span style=\"color: #000066;\"> <strong> Dr. Gernot L\u00f6hnert<\/strong><\/span><br \/>\nRottweg 16<br \/>\n46499 Hamminkeln<br \/>\nTelefon 02852 2171<\/p>\n<p><a href=\"http:\/\/mariafrieden-hamminkeln.de\/wp-content\/uploads\/2014\/04\/l%C3%B6hnert.pdf\" target=\"_blank\" rel=\"noopener noreferrer\">Portr\u00e4t \u00fcber Diakon L\u00f6hnert<\/a> (PDF, aus dem Hamminkelner Osterpfarrbrief 2012)<\/p>\n ","protected":false},"excerpt":{"rendered":"<p>Pastor Thomas Linsen Am Wedem Hoven 1 46499 Hamminkeln Telefon 02852 960809 120 Mobil 0171 3648858 linsen@bistum-muenster.de Thomas Linsen hat die Leitung der Pfarrei Maria Frieden \u00fcbernommen (PDF, aus dem Pfarrbrief Sommer 2024 &nbsp; Pastor Abraham Manalil Marienplatz 2 46499 Hamminkeln Telefon 02852 960809 420 Mobil 0160\u00a0\/ 97651962 manalil@gmx.de manalil@bistum-muenster.de Vorstellung Pastor Abraham Manalil 2019 [&hellip;]<\/p>\n","protected":false},"author":1,"featured_media":0,"parent":14,"menu_order":1,"comment_status":"closed","ping_status":"closed","template":"","meta":{"footnotes":""},"_links":{"self":[{"href":"https:\/\/mariafrieden-hamminkeln.de\/index.php?rest_route=\/wp\/v2\/pages\/41"}],"collection":[{"href":"https:\/\/mariafrieden-hamminkeln.de\/index.php?rest_route=\/wp\/v2\/pages"}],"about":[{"href":"https:\/\/mariafrieden-hamminkeln.de\/index.php?rest_route=\/wp\/v2\/types\/page"}],"author":[{"embeddable":true,"href":"https:\/\/mariafrieden-hamminkeln.de\/index.php?rest_route=\/wp\/v2\/users\/1"}],"replies":[{"embeddable":true,"href":"https:\/\/mariafrieden-hamminkeln.de\/index.php?rest_route=%2Fwp%2Fv2%2Fcomments&post=41"}],"version-history":[{"count":230,"href":"https:\/\/mariafrieden-hamminkeln.de\/index.php?rest_route=\/wp\/v2\/pages\/41\/revisions"}],"predecessor-version":[{"id":17053,"href":"https:\/\/mariafrieden-hamminkeln.de\/index.php?rest_route=\/wp\/v2\/pages\/41\/revisions\/17053"}],"up":[{"embeddable":true,"href":"https:\/\/mariafrieden-hamminkeln.de\/index.php?rest_route=\/wp\/v2\/pages\/14"}],"wp:attachment":[{"href":"https:\/\/mariafrieden-hamminkeln.de\/index.php?rest_route=%2Fwp%2Fv2%2Fmedia&parent=41"}],"curies":[{"name":"wp","href":"https:\/\/api.w.org\/{rel}","templated":true}]}}