{"id":45,"date":"2014-03-29T10:28:14","date_gmt":"2014-03-29T10:28:14","guid":{"rendered":"http:\/\/mariafrieden-hamminkeln.de\/?page_id=45"},"modified":"2025-12-04T13:34:27","modified_gmt":"2025-12-04T13:34:27","slug":"gremien","status":"publish","type":"page","link":"https:\/\/mariafrieden-hamminkeln.de\/?page_id=45","title":{"rendered":"Gremien"},"content":{"rendered":"<p>Beratungsorgan f\u00fcr den Pfarrer in seelsorglichen Fragen ist der Pfarreirat. Er soll ferner die Interessen der Gl\u00e4ubigen in der \u00d6ffentlichkeit vertreten.\u00a0In den f\u00fcnf Gemeinden arbeiten die Gemeindeaussch\u00fcsse.<br \/>\nF\u00fcr die Verm\u00f6gensfragen ist in den Pfarreien der Kirchenvorstand zust\u00e4ndig.<\/p>\n<p>Hier gibt&#8217;s n\u00e4here Informationen:<\/p>\n<p><a title=\"Pfarreirat\" href=\"http:\/\/mariafrieden-hamminkeln.de\/?page_id=47\">Pfarreirat<\/a><\/p>\n<p><a title=\"Die Ortsaussch\u00fcsse\" href=\"http:\/\/mariafrieden-hamminkeln.de\/?page_id=405\">Die Gemeindeaussch\u00fcsse<\/a><\/p>\n<p><a title=\"Verwaltungsausschuss (Kirchenvorstand)\" href=\"http:\/\/mariafrieden-hamminkeln.de\/?page_id=49\">Kirchenvorstand<\/a><\/p>\n<blockquote class=\"wp-embedded-content\" data-secret=\"jN35DI05fK\"><p><a href=\"https:\/\/mariafrieden-hamminkeln.de\/?p=16718\">Kirchenvorstands- und Pfarreiratswahl 2025: Bekanntgabe der Wahlergebnisse<\/a><\/p><\/blockquote>\n<p><iframe class=\"wp-embedded-content\" sandbox=\"allow-scripts\" security=\"restricted\" style=\"position: absolute; clip: rect(1px, 1px, 1px, 1px);\" title=\"&#8222;Kirchenvorstands- und Pfarreiratswahl 2025: Bekanntgabe der Wahlergebnisse&#8220; &#8212; Pfarrei Maria Frieden Hamminkeln\" src=\"https:\/\/mariafrieden-hamminkeln.de\/?p=16718&#038;embed=true#?secret=lhj7HUZEcx#?secret=jN35DI05fK\" data-secret=\"jN35DI05fK\" width=\"600\" height=\"338\" frameborder=\"0\" marginwidth=\"0\" marginheight=\"0\" scrolling=\"no\"><\/iframe><\/p>\n ","protected":false},"excerpt":{"rendered":"<p>Beratungsorgan f\u00fcr den Pfarrer in seelsorglichen Fragen ist der Pfarreirat. Er soll ferner die Interessen der Gl\u00e4ubigen in der \u00d6ffentlichkeit vertreten.\u00a0In den f\u00fcnf Gemeinden arbeiten die Gemeindeaussch\u00fcsse. F\u00fcr die Verm\u00f6gensfragen ist in den Pfarreien der Kirchenvorstand zust\u00e4ndig. Hier gibt&#8217;s n\u00e4here Informationen: Pfarreirat Die Gemeindeaussch\u00fcsse Kirchenvorstand Kirchenvorstands- und Pfarreiratswahl 2025: Bekanntgabe der Wahlergebnisse<\/p>\n","protected":false},"author":1,"featured_media":0,"parent":14,"menu_order":0,"comment_status":"closed","ping_status":"closed","template":"","meta":{"footnotes":""},"_links":{"self":[{"href":"https:\/\/mariafrieden-hamminkeln.de\/index.php?rest_route=\/wp\/v2\/pages\/45"}],"collection":[{"href":"https:\/\/mariafrieden-hamminkeln.de\/index.php?rest_route=\/wp\/v2\/pages"}],"about":[{"href":"https:\/\/mariafrieden-hamminkeln.de\/index.php?rest_route=\/wp\/v2\/types\/page"}],"author":[{"embeddable":true,"href":"https:\/\/mariafrieden-hamminkeln.de\/index.php?rest_route=\/wp\/v2\/users\/1"}],"replies":[{"embeddable":true,"href":"https:\/\/mariafrieden-hamminkeln.de\/index.php?rest_route=%2Fwp%2Fv2%2Fcomments&post=45"}],"version-history":[{"count":12,"href":"https:\/\/mariafrieden-hamminkeln.de\/index.php?rest_route=\/wp\/v2\/pages\/45\/revisions"}],"predecessor-version":[{"id":16785,"href":"https:\/\/mariafrieden-hamminkeln.de\/index.php?rest_route=\/wp\/v2\/pages\/45\/revisions\/16785"}],"up":[{"embeddable":true,"href":"https:\/\/mariafrieden-hamminkeln.de\/index.php?rest_route=\/wp\/v2\/pages\/14"}],"wp:attachment":[{"href":"https:\/\/mariafrieden-hamminkeln.de\/index.php?rest_route=%2Fwp%2Fv2%2Fmedia&parent=45"}],"curies":[{"name":"wp","href":"https:\/\/api.w.org\/{rel}","templated":true}]}}