{"id":452,"date":"2014-04-10T20:06:21","date_gmt":"2014-04-10T20:06:21","guid":{"rendered":"http:\/\/mariafrieden-hamminkeln.de\/?page_id=452"},"modified":"2022-11-02T10:27:05","modified_gmt":"2022-11-02T10:27:05","slug":"st-josef-haus-dingden","status":"publish","type":"page","link":"https:\/\/mariafrieden-hamminkeln.de\/?page_id=452","title":{"rendered":"St. Josef-Haus Dingden"},"content":{"rendered":"<p dir=\"ltr\" data-angle=\"0\" data-font-name=\"g_font_218_0\" data-canvas-width=\"220.13332687377925\"><a href=\"http:\/\/mariafrieden-hamminkeln.de\/wp-content\/uploads\/2014\/04\/josefhaus.jpg\"><img loading=\"lazy\" decoding=\"async\" class=\"alignleft size-full wp-image-455\" src=\"http:\/\/mariafrieden-hamminkeln.de\/wp-content\/uploads\/2014\/04\/josefhaus.jpg\" alt=\"josefhaus\" width=\"600\" height=\"400\" srcset=\"https:\/\/mariafrieden-hamminkeln.de\/wp-content\/uploads\/2014\/04\/josefhaus.jpg 600w, https:\/\/mariafrieden-hamminkeln.de\/wp-content\/uploads\/2014\/04\/josefhaus-300x200.jpg 300w\" sizes=\"(max-width: 600px) 100vw, 600px\" \/><\/a><\/p>\n<p dir=\"ltr\" data-angle=\"0\" data-font-name=\"g_font_218_0\" data-canvas-width=\"220.13332687377925\"><span style=\"color: #003300;\"><strong>Aus der Selbstbeschreibung des St. Josef-Hauses:<\/strong><\/span><\/p>\n<ul style=\"list-style-type: square;\">\n<li>Eigenst\u00e4ndiges Altenpflegeheim in\u00a0Eigentum der katholischen Kirchengemeinde<\/li>\n<li>\u00dcber 100-j\u00e4hrige Erfahrung im Bereich der Pflege<\/li>\n<li>Mitglied im Caritasverband<\/li>\n<\/ul>\n<p dir=\"ltr\" data-angle=\"0\" data-font-name=\"g_font_218_0\" data-canvas-width=\"220.13332687377925\"><span style=\"color: #003300;\"><strong>Ein neues Zuhause finden<\/strong><\/span><\/p>\n<p dir=\"ltr\" data-angle=\"0\" data-font-name=\"g_font_128_0\" data-canvas-width=\"320.11831113052364\">Im Haus selbst mit seinen hellen Zimmern und gem\u00fctlichen Gemeinschaftsr\u00e4umen herrscht eine angenehme und ruhige Atmosph\u00e4re. Jede Wohneinheit, ob Einzel- oder Doppelzimmer sowie die drei ger\u00e4umigen Partnerappartements (42 qm), hat eine gehobene Ausstattung (Telefon- und TV-Anschluss, K\u00fchlschrank) und verf\u00fcgt \u00fcber ein eigenes Duschbad.<\/p>\n<p dir=\"ltr\" data-angle=\"0\" data-font-name=\"g_font_128_0\" data-canvas-width=\"332.56664360046386\">Um die pers\u00f6nlich vertraute Atmosph\u00e4re zu bewahren, k\u00f6nnen die Wohnr\u00e4ume im Rahmen der M\u00f6glichkeiten mit eigenen M\u00f6beln eingerichtet werden.<\/p>\n<p dir=\"ltr\" data-angle=\"0\" data-font-name=\"g_font_128_0\" data-canvas-width=\"283.15831369400024\">Das hauseigene Caf\u00e9, die Winterg\u00e4rten und die gro\u00dfz\u00fcgigen Terrassen laden zum Verweilen ein.<\/p>\n<p dir=\"ltr\" data-angle=\"0\" data-font-name=\"g_font_128_0\" data-canvas-width=\"385.01830662918087\">Zum St. Josef-Haus geh\u00f6rt auch das Franziskushaus mit 11 Wohnungen \u201eBetreutes Wohnen\u201c f\u00fcr Senioren. Das St. Josef-Haus selbst verf\u00fcgt \u00fcber 8 Seniorenwohnungen.<\/p>\n<p><span style=\"color: #003300;\"><strong>Homepage:<\/strong><\/span><br \/>\n<a href=\"https:\/\/wohnen-leben-pflege.de\/st-josef\/\" target=\"_blank\" rel=\"noopener\">https:\/\/wohnen-leben-pflege.de\/st-josef\/<\/a><\/p>\n<p><span style=\"color: #003300;\"><strong>Facebook:<\/strong><\/span><br \/>\n<a href=\"https:\/\/www.facebook.com\/sjhdingden\" target=\"_blank\" rel=\"noopener\">https:\/\/www.facebook.com\/sjhdingden<\/a><\/p>\n ","protected":false},"excerpt":{"rendered":"<p>Aus der Selbstbeschreibung des St. Josef-Hauses: Eigenst\u00e4ndiges Altenpflegeheim in\u00a0Eigentum der katholischen Kirchengemeinde \u00dcber 100-j\u00e4hrige Erfahrung im Bereich der Pflege Mitglied im Caritasverband Ein neues Zuhause finden Im Haus selbst mit seinen hellen Zimmern und gem\u00fctlichen Gemeinschaftsr\u00e4umen herrscht eine angenehme und ruhige Atmosph\u00e4re. Jede Wohneinheit, ob Einzel- oder Doppelzimmer sowie die drei ger\u00e4umigen Partnerappartements (42 qm), [&hellip;]<\/p>\n","protected":false},"author":1,"featured_media":0,"parent":16,"menu_order":0,"comment_status":"closed","ping_status":"open","template":"","meta":{"footnotes":""},"_links":{"self":[{"href":"https:\/\/mariafrieden-hamminkeln.de\/index.php?rest_route=\/wp\/v2\/pages\/452"}],"collection":[{"href":"https:\/\/mariafrieden-hamminkeln.de\/index.php?rest_route=\/wp\/v2\/pages"}],"about":[{"href":"https:\/\/mariafrieden-hamminkeln.de\/index.php?rest_route=\/wp\/v2\/types\/page"}],"author":[{"embeddable":true,"href":"https:\/\/mariafrieden-hamminkeln.de\/index.php?rest_route=\/wp\/v2\/users\/1"}],"replies":[{"embeddable":true,"href":"https:\/\/mariafrieden-hamminkeln.de\/index.php?rest_route=%2Fwp%2Fv2%2Fcomments&post=452"}],"version-history":[{"count":7,"href":"https:\/\/mariafrieden-hamminkeln.de\/index.php?rest_route=\/wp\/v2\/pages\/452\/revisions"}],"predecessor-version":[{"id":13070,"href":"https:\/\/mariafrieden-hamminkeln.de\/index.php?rest_route=\/wp\/v2\/pages\/452\/revisions\/13070"}],"up":[{"embeddable":true,"href":"https:\/\/mariafrieden-hamminkeln.de\/index.php?rest_route=\/wp\/v2\/pages\/16"}],"wp:attachment":[{"href":"https:\/\/mariafrieden-hamminkeln.de\/index.php?rest_route=%2Fwp%2Fv2%2Fmedia&parent=452"}],"curies":[{"name":"wp","href":"https:\/\/api.w.org\/{rel}","templated":true}]}}