{"id":51,"date":"2014-03-29T10:32:53","date_gmt":"2014-03-29T10:32:53","guid":{"rendered":"http:\/\/mariafrieden-hamminkeln.de\/?page_id=51"},"modified":"2020-12-31T07:24:19","modified_gmt":"2020-12-31T07:24:19","slug":"maria-frieden","status":"publish","type":"page","link":"https:\/\/mariafrieden-hamminkeln.de\/?page_id=51","title":{"rendered":"Pfarrei Maria Frieden"},"content":{"rendered":"<p>Am 1. Advent 2013 wurde die neue Pfarrei Maria Frieden gegr\u00fcndet. Sie besteht aus den Gemeinden St. Pankratius Dingden, St. Maria Himmelfahrt Hamminkeln, St. Antonius Loikum, Heilig Kreuz Mehrhoog und Christus K\u00f6nig Ringenberg.<\/p>\n<p>Im Pfarrbrief aus Advent 2013 wurde ausf\u00fchrlich \u00fcber die Gr\u00fcndung berichtet sowie die Geschichte des Klosters Marienvrede beschrieben; das ehemalige Kloster stand Pate f\u00fcr den Namen Maria Frieden.<\/p>\n<p>Die Artikel k\u00f6nnen <a href=\"http:\/\/mariafrieden-hamminkeln.de\/wp-content\/uploads\/2014\/03\/Maria-Frieden-aus-dem-Pfarrbrief-Advent-2013.pdf\" target=\"_blank\" rel=\"noopener\">hier als PDF<\/a>\u00a0geladen werden.<\/p>\n ","protected":false},"excerpt":{"rendered":"<p>Am 1. Advent 2013 wurde die neue Pfarrei Maria Frieden gegr\u00fcndet. Sie besteht aus den Gemeinden St. Pankratius Dingden, St. Maria Himmelfahrt Hamminkeln, St. Antonius Loikum, Heilig Kreuz Mehrhoog und Christus K\u00f6nig Ringenberg. Im Pfarrbrief aus Advent 2013 wurde ausf\u00fchrlich \u00fcber die Gr\u00fcndung berichtet sowie die Geschichte des Klosters Marienvrede beschrieben; das ehemalige Kloster stand [&hellip;]<\/p>\n","protected":false},"author":1,"featured_media":0,"parent":7,"menu_order":0,"comment_status":"closed","ping_status":"closed","template":"","meta":{"footnotes":""},"_links":{"self":[{"href":"https:\/\/mariafrieden-hamminkeln.de\/index.php?rest_route=\/wp\/v2\/pages\/51"}],"collection":[{"href":"https:\/\/mariafrieden-hamminkeln.de\/index.php?rest_route=\/wp\/v2\/pages"}],"about":[{"href":"https:\/\/mariafrieden-hamminkeln.de\/index.php?rest_route=\/wp\/v2\/types\/page"}],"author":[{"embeddable":true,"href":"https:\/\/mariafrieden-hamminkeln.de\/index.php?rest_route=\/wp\/v2\/users\/1"}],"replies":[{"embeddable":true,"href":"https:\/\/mariafrieden-hamminkeln.de\/index.php?rest_route=%2Fwp%2Fv2%2Fcomments&post=51"}],"version-history":[{"count":5,"href":"https:\/\/mariafrieden-hamminkeln.de\/index.php?rest_route=\/wp\/v2\/pages\/51\/revisions"}],"predecessor-version":[{"id":9683,"href":"https:\/\/mariafrieden-hamminkeln.de\/index.php?rest_route=\/wp\/v2\/pages\/51\/revisions\/9683"}],"up":[{"embeddable":true,"href":"https:\/\/mariafrieden-hamminkeln.de\/index.php?rest_route=\/wp\/v2\/pages\/7"}],"wp:attachment":[{"href":"https:\/\/mariafrieden-hamminkeln.de\/index.php?rest_route=%2Fwp%2Fv2%2Fmedia&parent=51"}],"curies":[{"name":"wp","href":"https:\/\/api.w.org\/{rel}","templated":true}]}}