{"id":57,"date":"2014-03-29T10:33:40","date_gmt":"2014-03-29T10:33:40","guid":{"rendered":"http:\/\/mariafrieden-hamminkeln.de\/?page_id=57"},"modified":"2026-01-08T12:00:20","modified_gmt":"2026-01-08T12:00:20","slug":"st-antonius-loikum","status":"publish","type":"page","link":"https:\/\/mariafrieden-hamminkeln.de\/?page_id=57","title":{"rendered":"Gemeinde St. Antonius Loikum"},"content":{"rendered":"<p>Die Urspr\u00fcnge der Kirche lassen sich urkundlich bis ins 16. Jh. zur\u00fcckverfolgen. 1541 wurde Loikum eine selbstst\u00e4ndige Pfarrgemeinde<span style=\"font-family: Verdana; font-size: small;\">.<\/span><\/p>\n<p><a href=\"http:\/\/mariafrieden-hamminkeln.de\/wp-content\/uploads\/2015\/01\/DSC_0205neu.jpg\"><img loading=\"lazy\" decoding=\"async\" class=\"size-medium wp-image-1106 alignleft\" src=\"http:\/\/mariafrieden-hamminkeln.de\/wp-content\/uploads\/2015\/01\/DSC_0205neu-199x300.jpg\" alt=\"Der dreigeschossige Turm mit Spitzhaube ist weithin zu sehen und \u00fcberragt das Dorf.\" width=\"199\" height=\"300\" srcset=\"https:\/\/mariafrieden-hamminkeln.de\/wp-content\/uploads\/2015\/01\/DSC_0205neu-199x300.jpg 199w, https:\/\/mariafrieden-hamminkeln.de\/wp-content\/uploads\/2015\/01\/DSC_0205neu.jpg 425w\" sizes=\"(max-width: 199px) 100vw, 199px\" \/><\/a><\/p>\n<p>Patronat der Kirche: St. Antonius<\/p>\n<p>Anzahl der katholischen Christen in Loikum:<br \/>\n833 (Stand Dez. 2010)<\/p>\n<p>Zust\u00e4ndig f\u00fcr den Gemeindeausschuss:<br \/>\n<a href=\"https:\/\/mariafrieden-hamminkeln.de\/?page_id=41\">Pastor Thomas Linsen<\/a><\/p>\n<p>Weitere Links:<br \/>\n<a title=\"Im Portr\u00e4t: \u201cDie Loikumer sind katholisch geblieben\u201d\" href=\"http:\/\/mariafrieden-hamminkeln.de\/?page_id=1100\">&#8222;Die Loikumer sind katholisch geblieben&#8220; (KIrchenportr\u00e4t aus dem Pfarrbrief)<\/a><br \/>\n<a href=\"https:\/\/www.uni-due.de\/collcart\/christ\/kini\/weskreis\/hammink\/loikum\/loikum00.htm\" target=\"_blank\" rel=\"noopener noreferrer\">Architektur der Kirche<\/a><br \/>\n<a href=\"http:\/\/www.derwesten.de\/staedte\/nachrichten-aus-wesel-hamminkeln-und-schermbeck\/475-geburtstag-als-familienfeier-aimp-id8733409.html\" target=\"_blank\" rel=\"noopener noreferrer\">NRZ-Artikel zum 475-j\u00e4hrigen Jubil\u00e4um im Jahr 2016<\/a><\/p>\n<p>Die Kirche ist zu den Gottesdiensten und w\u00e4hrend des Wochenmarktes am Freitag ge\u00f6ffnet!<\/p>\n<p>&#8222;Die Loikumer Kirche steht unter Denkmalschutz. Ihre Urspr\u00fcnge lassen sich nachweislich bis ins 16. Jahrhundert zur\u00fcckverfolgen, \u00e4ltere Vorl\u00e4uferbauten sind wahrscheinlich. In einer Urkunde von 1541 wird erstmalig die Existenz einer Kapelle in Loikum erw\u00e4hnt. Die Kirchengemeinde geh\u00f6rte bis dahin zur Mutterpfarrkirche St. Cyriakus in Hamminkeln, wurde aber in der Reformation selbst\u00e4ndige Pfarrei, als die Hamminkelner Gemeinde der neuen Lehre Luthers folgte. Baugeschichtlich lassen sich mehrere Erweiterungs- und Sanierungsma\u00dfnahmen erkennen. Die letzten gro\u00dfen Renovierungsarbeiten an der Kirche fanden 1985\/86 statt. Aus dieser Zeit stammt auch die Neugestaltung des Kirchplatzes, die mit Mitteln des Bistums M\u00fcnster und des Landes Nordrhein-Westfalen finanziert wurde. Das Kircheninnere ist mit verschiedenen Kunstwerken nicht zu prunkvoll geschm\u00fcckt und wird von den Loikumerinnen und Loikumern und auch von vielen G\u00e4sten als harmonisch und sch\u00f6n empfunden.&#8220; (Quelle: <a href=\"http:\/\/www.loikum.de\" target=\"_blank\" rel=\"noopener noreferrer\">www.loikum.de<\/a>)<\/p>\n ","protected":false},"excerpt":{"rendered":"<p>Die Urspr\u00fcnge der Kirche lassen sich urkundlich bis ins 16. Jh. zur\u00fcckverfolgen. 1541 wurde Loikum eine selbstst\u00e4ndige Pfarrgemeinde. Patronat der Kirche: St. Antonius Anzahl der katholischen Christen in Loikum: 833 (Stand Dez. 2010) Zust\u00e4ndig f\u00fcr den Gemeindeausschuss: Pastor Thomas Linsen Weitere Links: &#8222;Die Loikumer sind katholisch geblieben&#8220; (KIrchenportr\u00e4t aus dem Pfarrbrief) Architektur der Kirche NRZ-Artikel [&hellip;]<\/p>\n","protected":false},"author":1,"featured_media":0,"parent":7,"menu_order":0,"comment_status":"closed","ping_status":"closed","template":"","meta":{"footnotes":""},"_links":{"self":[{"href":"https:\/\/mariafrieden-hamminkeln.de\/index.php?rest_route=\/wp\/v2\/pages\/57"}],"collection":[{"href":"https:\/\/mariafrieden-hamminkeln.de\/index.php?rest_route=\/wp\/v2\/pages"}],"about":[{"href":"https:\/\/mariafrieden-hamminkeln.de\/index.php?rest_route=\/wp\/v2\/types\/page"}],"author":[{"embeddable":true,"href":"https:\/\/mariafrieden-hamminkeln.de\/index.php?rest_route=\/wp\/v2\/users\/1"}],"replies":[{"embeddable":true,"href":"https:\/\/mariafrieden-hamminkeln.de\/index.php?rest_route=%2Fwp%2Fv2%2Fcomments&post=57"}],"version-history":[{"count":18,"href":"https:\/\/mariafrieden-hamminkeln.de\/index.php?rest_route=\/wp\/v2\/pages\/57\/revisions"}],"predecessor-version":[{"id":16851,"href":"https:\/\/mariafrieden-hamminkeln.de\/index.php?rest_route=\/wp\/v2\/pages\/57\/revisions\/16851"}],"up":[{"embeddable":true,"href":"https:\/\/mariafrieden-hamminkeln.de\/index.php?rest_route=\/wp\/v2\/pages\/7"}],"wp:attachment":[{"href":"https:\/\/mariafrieden-hamminkeln.de\/index.php?rest_route=%2Fwp%2Fv2%2Fmedia&parent=57"}],"curies":[{"name":"wp","href":"https:\/\/api.w.org\/{rel}","templated":true}]}}