{"id":61,"date":"2014-03-29T10:34:16","date_gmt":"2014-03-29T10:34:16","guid":{"rendered":"http:\/\/mariafrieden-hamminkeln.de\/?page_id=61"},"modified":"2026-01-08T12:01:11","modified_gmt":"2026-01-08T12:01:11","slug":"christus-koenig-ringenberg","status":"publish","type":"page","link":"https:\/\/mariafrieden-hamminkeln.de\/?page_id=61","title":{"rendered":"Gemeinde Christus K\u00f6nig Ringenberg"},"content":{"rendered":"<p>Die Kirche wurde 1936 vom K\u00f6lner Architekten Dominikus B\u00f6hm erbaut. Markant ist nicht nur das Geb\u00e4ude, sondern auch die neben der Kirche errichteten Glocken.<\/p>\n<p><img loading=\"lazy\" decoding=\"async\" class=\"alignleft size-full wp-image-328\" src=\"http:\/\/mariafrieden-hamminkeln.de\/wp-content\/uploads\/2014\/03\/ringenberg2.jpg\" alt=\"ringenberg2\" width=\"250\" height=\"333\" srcset=\"https:\/\/mariafrieden-hamminkeln.de\/wp-content\/uploads\/2014\/03\/ringenberg2.jpg 250w, https:\/\/mariafrieden-hamminkeln.de\/wp-content\/uploads\/2014\/03\/ringenberg2-225x300.jpg 225w\" sizes=\"(max-width: 250px) 100vw, 250px\" \/><\/p>\n<p>Patronat der Kirche: Christus K\u00f6nig<\/p>\n<p>Anzahl der katholischen Christen in Ringenberg:<br \/>\n921 (Stand Dez. 2010)<\/p>\n<p>Zust\u00e4ndig f\u00fcr den Gemeindeausschuss:<br \/>\n<a href=\"https:\/\/mariafrieden-hamminkeln.de\/?page_id=41\">Pastor Abraham Manalil<\/a><\/p>\n<p>Weitere Links:<br \/>\n<a href=\"https:\/\/www.uni-due.de\/collcart\/christ\/kini\/weskreis\/hammink\/ringchri\/rinchr00.htm\" target=\"_blank\" rel=\"noopener noreferrer\">Architektur der Kirche<\/a><br \/>\n<a href=\"http:\/\/www.sven-joosten.de\/Orgeldatenbank\/Ringenberg.htm\" target=\"_blank\" rel=\"noopener noreferrer\">Die Orgel der Kirche<\/a><\/p>\n<p>Die Kirche ist zu den Gottesdiensten, sonntags bis 18 Uhr sowie tags\u00fcber bei gutem Wetter und w\u00e4hrend der B\u00fcrozeiten des Pfarrb\u00fcros ge\u00f6ffnet!<\/p>\n ","protected":false},"excerpt":{"rendered":"<p>Die Kirche wurde 1936 vom K\u00f6lner Architekten Dominikus B\u00f6hm erbaut. Markant ist nicht nur das Geb\u00e4ude, sondern auch die neben der Kirche errichteten Glocken. Patronat der Kirche: Christus K\u00f6nig Anzahl der katholischen Christen in Ringenberg: 921 (Stand Dez. 2010) Zust\u00e4ndig f\u00fcr den Gemeindeausschuss: Pastor Abraham Manalil Weitere Links: Architektur der Kirche Die Orgel der Kirche [&hellip;]<\/p>\n","protected":false},"author":1,"featured_media":0,"parent":7,"menu_order":0,"comment_status":"closed","ping_status":"closed","template":"","meta":{"footnotes":""},"_links":{"self":[{"href":"https:\/\/mariafrieden-hamminkeln.de\/index.php?rest_route=\/wp\/v2\/pages\/61"}],"collection":[{"href":"https:\/\/mariafrieden-hamminkeln.de\/index.php?rest_route=\/wp\/v2\/pages"}],"about":[{"href":"https:\/\/mariafrieden-hamminkeln.de\/index.php?rest_route=\/wp\/v2\/types\/page"}],"author":[{"embeddable":true,"href":"https:\/\/mariafrieden-hamminkeln.de\/index.php?rest_route=\/wp\/v2\/users\/1"}],"replies":[{"embeddable":true,"href":"https:\/\/mariafrieden-hamminkeln.de\/index.php?rest_route=%2Fwp%2Fv2%2Fcomments&post=61"}],"version-history":[{"count":14,"href":"https:\/\/mariafrieden-hamminkeln.de\/index.php?rest_route=\/wp\/v2\/pages\/61\/revisions"}],"predecessor-version":[{"id":16852,"href":"https:\/\/mariafrieden-hamminkeln.de\/index.php?rest_route=\/wp\/v2\/pages\/61\/revisions\/16852"}],"up":[{"embeddable":true,"href":"https:\/\/mariafrieden-hamminkeln.de\/index.php?rest_route=\/wp\/v2\/pages\/7"}],"wp:attachment":[{"href":"https:\/\/mariafrieden-hamminkeln.de\/index.php?rest_route=%2Fwp%2Fv2%2Fmedia&parent=61"}],"curies":[{"name":"wp","href":"https:\/\/api.w.org\/{rel}","templated":true}]}}