{"id":8621,"date":"2020-05-23T11:52:42","date_gmt":"2020-05-23T11:52:42","guid":{"rendered":"https:\/\/mariafrieden-hamminkeln.de\/?page_id=8621"},"modified":"2021-03-20T10:06:49","modified_gmt":"2021-03-20T10:06:49","slug":"familiengottesdienst-fuer-zuhause-pfingsten-31-mai-2020","status":"publish","type":"page","link":"https:\/\/mariafrieden-hamminkeln.de\/?page_id=8621","title":{"rendered":"Familiengottesdienst f\u00fcr Zuhause (Pfingsten 31. Mai 2020)"},"content":{"rendered":"<table style=\"border-collapse: collapse; width: 100%;\">\n<tbody>\n<tr>\n<td style=\"width: 100%; background-color: #c8c8c8;\">\n<h1 style=\"text-align: center;\"><span style=\"font-size: 14pt; color: #ff6600;\">Gebrauchsanweisung: Familiengottesdienste f\u00fcr Zuhause<\/span><\/h1>\n<ul style=\"list-style-type: square;\">\n<li><span style=\"font-size: 10pt; color: #000000;\">\u00dcberlegen Sie sich gemeinsam, zu welcher Uhrzeit Sie diesen Gottesdienst feiern m\u00f6chten. Vielleicht nehmen Sie die Gottesdienstzeit Ihrer Kirche.<\/span><\/li>\n<li><span style=\"font-size: 10pt; color: #000000;\">Suchen Sie sich gemeinsam einen Ort, an dem Sie gut diesen Gottesdienst feiern k\u00f6nnen. Das kann der Esstisch, die Couch im Wohnzimmer sein oder auch auf dem Teppichboden sitzend im Kinderzimmer.<\/span><\/li>\n<li><span style=\"font-size: 10pt; color: #000000;\">Schauen Sie, wie Sie diesen Ort gestalten. Wenn m\u00f6glich, z\u00fcnden Sie ein Kerze an und stellen Sie diese in die Mitte, legen eine (Kinder-) Bibel und evtl. eine kleines Wandkreuz dazu.<\/span><\/li>\n<li><span style=\"font-size: 10pt; color: #000000;\">Sie k\u00f6nnen alle Texte selber lesen bzw. beten. Sie k\u00f6nnen sich aber auch einige anh\u00f6ren.<\/span><\/li>\n<\/ul>\n<\/td>\n<\/tr>\n<\/tbody>\n<\/table>\n<h1><span style=\"color: #ff0000; font-size: 18pt;\">Familiengottesdienst zu Pfingsten<\/span><\/h1>\n<div id=\"attachment_8628\" style=\"width: 310px\" class=\"wp-caption alignright\"><img loading=\"lazy\" decoding=\"async\" aria-describedby=\"caption-attachment-8628\" class=\"wp-image-8628 size-medium\" src=\"https:\/\/mariafrieden-hamminkeln.de\/wp-content\/uploads\/2020\/05\/https___www.pfarrbriefservice.de_sites_default_files_atoms_image_8785_pfingsten_02b_foto_friedbert_simon_kuenstler_polykarp_uehlein_pfarrbriefservice-300x208.jpg\" alt=\"\" width=\"300\" height=\"208\" srcset=\"https:\/\/mariafrieden-hamminkeln.de\/wp-content\/uploads\/2020\/05\/https___www.pfarrbriefservice.de_sites_default_files_atoms_image_8785_pfingsten_02b_foto_friedbert_simon_kuenstler_polykarp_uehlein_pfarrbriefservice-300x208.jpg 300w, https:\/\/mariafrieden-hamminkeln.de\/wp-content\/uploads\/2020\/05\/https___www.pfarrbriefservice.de_sites_default_files_atoms_image_8785_pfingsten_02b_foto_friedbert_simon_kuenstler_polykarp_uehlein_pfarrbriefservice-1024x709.jpg 1024w, https:\/\/mariafrieden-hamminkeln.de\/wp-content\/uploads\/2020\/05\/https___www.pfarrbriefservice.de_sites_default_files_atoms_image_8785_pfingsten_02b_foto_friedbert_simon_kuenstler_polykarp_uehlein_pfarrbriefservice-768x532.jpg 768w, https:\/\/mariafrieden-hamminkeln.de\/wp-content\/uploads\/2020\/05\/https___www.pfarrbriefservice.de_sites_default_files_atoms_image_8785_pfingsten_02b_foto_friedbert_simon_kuenstler_polykarp_uehlein_pfarrbriefservice-1536x1063.jpg 1536w, https:\/\/mariafrieden-hamminkeln.de\/wp-content\/uploads\/2020\/05\/https___www.pfarrbriefservice.de_sites_default_files_atoms_image_8785_pfingsten_02b_foto_friedbert_simon_kuenstler_polykarp_uehlein_pfarrbriefservice-2048x1418.jpg 2048w, https:\/\/mariafrieden-hamminkeln.de\/wp-content\/uploads\/2020\/05\/https___www.pfarrbriefservice.de_sites_default_files_atoms_image_8785_pfingsten_02b_foto_friedbert_simon_kuenstler_polykarp_uehlein_pfarrbriefservice-624x432.jpg 624w\" sizes=\"(max-width: 300px) 100vw, 300px\" \/><p id=\"caption-attachment-8628\" class=\"wp-caption-text\">Bild: Friedbert Simon \/ K\u00fcnstler: Polykarp \u00dchlein In: Pfarrbriefservice.de<\/p><\/div>\n<p><span style=\"color: #008000;\"><strong>Stille<\/strong><\/span><br \/>\nWir haben uns nun versammelt. Wir wollen zur Ruhe kommen um uns auf die Begegnung mit Gott einzulassen. Dazu legen wir die Hand auf unser Herz und atmen f\u00fcnfmal, ganz bewusst, ein und aus.<\/p>\n<p><span style=\"color: #008000;\"><strong>Beginn<\/strong><\/span><br \/>\n<span style=\"color: #3366ff;\"><em>Wir machen das Kreuzzeichen und sprechen gemeinsam:<\/em><\/span><br \/>\n<strong>Im Namen des Vaters und des Sohnes und des Heiligen Geistes. Amen<\/strong><\/p>\n<p><span style=\"color: #3366ff;\"><i>Per Mausklick auf den Pfeil die Audio-Datei abspielen, n<\/i><em style=\"font-size: 1rem;\">ach dem Gebet antworten wir gemeinsam mit \u201eAmen\u201c<\/em><i style=\"font-size: 1rem;\">:<\/i><\/span><\/p>\n<!--[if lt IE 9]><script>document.createElement('audio');<\/script><![endif]-->\n<audio class=\"wp-audio-shortcode\" id=\"audio-8621-1\" preload=\"none\" style=\"width: 100%;\" controls=\"controls\"><source type=\"audio\/mpeg\" src=\"https:\/\/mariafrieden-hamminkeln.de\/wp-content\/uploads\/2020\/05\/Gebet-Pfingsten-2020.mp3?_=1\" \/><a href=\"https:\/\/mariafrieden-hamminkeln.de\/wp-content\/uploads\/2020\/05\/Gebet-Pfingsten-2020.mp3\">https:\/\/mariafrieden-hamminkeln.de\/wp-content\/uploads\/2020\/05\/Gebet-Pfingsten-2020.mp3<\/a><\/audio>\n<p style=\"padding-left: 40px;\"><span style=\"color: #008000;\"><strong>Gebet<\/strong><\/span><br \/>\nJesus, wir sind hier mit allem was uns besch\u00e4ftigt. Mit unseren Sorgen und N\u00f6ten, unserer Freude und unseren Dank. Du hast gesagt, du l\u00e4sst uns nicht allein. Du schickst uns deinen Heiligen Geist, deinen Helfer. Wir k\u00f6nnen ihn nicht sehen, aber wir k\u00f6nnen ihn sp\u00fcren. Danke, Jesus, dass du jetzt und immer bei uns bist. Amen<\/p>\n<p><span style=\"color: #3366ff;\"><i>Per Mausklick auf den Pfeil die Audio-Datei abspielen:<\/i><\/span><\/p>\n<audio class=\"wp-audio-shortcode\" id=\"audio-8621-2\" preload=\"none\" style=\"width: 100%;\" controls=\"controls\"><source type=\"audio\/mpeg\" src=\"https:\/\/mariafrieden-hamminkeln.de\/wp-content\/uploads\/2020\/05\/Lesung-Pfingsten-2020.mp3?_=2\" \/><a href=\"https:\/\/mariafrieden-hamminkeln.de\/wp-content\/uploads\/2020\/05\/Lesung-Pfingsten-2020.mp3\">https:\/\/mariafrieden-hamminkeln.de\/wp-content\/uploads\/2020\/05\/Lesung-Pfingsten-2020.mp3<\/a><\/audio>\n<p style=\"padding-left: 40px;\"><span style=\"color: #008000;\"><strong>Lesung<\/strong><\/span><br \/>\nAn Pfingsten feiern wir den Heiligen Geist, den Jesus uns versprochen hat. Der Heilige Geist der uns zur Seite steht, der uns in Bewegung setzt, uns Mut macht und uns st\u00e4rkt. Wir h\u00f6ren nun wie es vielleicht damals gewesen ist, als der Heilige Geist zu den J\u00fcngern kam.<br \/>\nJ\u00fcnger A: Als Jesus mit uns durch das Land gezogen ist, was war das eine tolle Zeit. Leider viel zu kurz.<br \/>\nJ\u00fcnger B: Das stimmt!\u00a0 Seitdem\u00a0 Jesus nicht mehr da ist, wissen wir nicht, was wir machen sollen. Es ist nichts mehr los, seit Jesus weg ist. Unser Leben ist richtig farblos und trostlos. Mir fehlt der Antrieb! Jesus fehlt mir.<br \/>\nJ\u00fcnger A: Ich vermisse ihn auch!\u00a0 Seit Jesus nicht mehr da ist, bin ich oft traurig. Er fehlt mir so!<br \/>\nJ\u00fcnger B: Manchmal hab ich sogar richtig Angst. Ich wei\u00df nicht, wie es weitergehen soll. Ich habe Angst, dass auch wir gefangen genommen werden. Darum treffen wir uns ja heimlich und schlie\u00dfen die T\u00fcren zu.<br \/>\nJ\u00fcnger A: Irgendwie gibt es keine richtige Gemeinschaft mehr. Die n\u00f6tige Begeisterung fehlt. Es bewegt sich nichts mehr. Jesus fehlt einfach!<br \/>\nJ\u00fcnger B: So ist es uns damals ergangen. Wir f\u00fchlten uns wie gel\u00e4hmt und sa\u00dfen traurig und mit schwerem Herzen zusammen. Es war so als ob alles stehen bliebe. Wir wollen nun h\u00f6ren was dann passiert ist.<\/p>\n<p><span style=\"color: #008000;\"><strong>Lesung aus der Apostelgeschichte<\/strong><\/span><\/p>\n<div id=\"attachment_8629\" style=\"width: 310px\" class=\"wp-caption alignleft\"><img loading=\"lazy\" decoding=\"async\" aria-describedby=\"caption-attachment-8629\" class=\"size-medium wp-image-8629\" src=\"https:\/\/mariafrieden-hamminkeln.de\/wp-content\/uploads\/2020\/05\/https___www.pfarrbriefservice.de_sites_default_files_atoms_image_11918_pfingsten_01a_kleinostheim_by_friedbert_simon_pfarrbriefservice-300x294.jpg\" alt=\"\" width=\"300\" height=\"294\" srcset=\"https:\/\/mariafrieden-hamminkeln.de\/wp-content\/uploads\/2020\/05\/https___www.pfarrbriefservice.de_sites_default_files_atoms_image_11918_pfingsten_01a_kleinostheim_by_friedbert_simon_pfarrbriefservice-300x294.jpg 300w, https:\/\/mariafrieden-hamminkeln.de\/wp-content\/uploads\/2020\/05\/https___www.pfarrbriefservice.de_sites_default_files_atoms_image_11918_pfingsten_01a_kleinostheim_by_friedbert_simon_pfarrbriefservice-1024x1004.jpg 1024w, https:\/\/mariafrieden-hamminkeln.de\/wp-content\/uploads\/2020\/05\/https___www.pfarrbriefservice.de_sites_default_files_atoms_image_11918_pfingsten_01a_kleinostheim_by_friedbert_simon_pfarrbriefservice-768x753.jpg 768w, https:\/\/mariafrieden-hamminkeln.de\/wp-content\/uploads\/2020\/05\/https___www.pfarrbriefservice.de_sites_default_files_atoms_image_11918_pfingsten_01a_kleinostheim_by_friedbert_simon_pfarrbriefservice-1536x1506.jpg 1536w, https:\/\/mariafrieden-hamminkeln.de\/wp-content\/uploads\/2020\/05\/https___www.pfarrbriefservice.de_sites_default_files_atoms_image_11918_pfingsten_01a_kleinostheim_by_friedbert_simon_pfarrbriefservice-624x612.jpg 624w, https:\/\/mariafrieden-hamminkeln.de\/wp-content\/uploads\/2020\/05\/https___www.pfarrbriefservice.de_sites_default_files_atoms_image_11918_pfingsten_01a_kleinostheim_by_friedbert_simon_pfarrbriefservice.jpg 1642w\" sizes=\"(max-width: 300px) 100vw, 300px\" \/><p id=\"caption-attachment-8629\" class=\"wp-caption-text\">Bild: Friedbert Simon<br \/>In: Pfarrbriefservice.de<\/p><\/div>\n<p>Es ist Pfingsten. Die Freunde Jesu und auch seine Mutter Maria sitzen beisammen. T\u00fcren und Fenster sind verschlossen.<br \/>\nDie Freunde Jesu haben Angst, weil Jesus nicht mehr da ist.<br \/>\nSie sind traurig, weil Jesus zum Vater heimgekehrt ist.<br \/>\nSie f\u00fchlen sich allein, darum halten sie einander fest.<br \/>\nSo sitzen die Freunde Jesu da und warten. Schweren Herzens sitzen sie da. Sie denken an Jesus, der versprochen hatte: \u201cIch lasse euch nicht allein! Wenn ich beim Vater bin, schicke ich euch einen, der tr\u00f6stet, der euch Mut macht, der euch Kraft und Freude schenkt. Das ist der Heilige Geist.\u201c<br \/>\nSo sitzen sie da und warten.<br \/>\nAuf einmal ist das Haus mit einem Brausen erf\u00fcllt.<br \/>\nEs ist, wie wenn ein starker Sturm weht, ein Sturm, der alles hinwegfegt: auch die Angst und die Traurigkeit.<br \/>\nEs ist nicht nur das Sturmesbrausen. Es ist, als w\u00e4re das Haus erf\u00fcllt von Zungen wie von Feuer; von einem Feuer das das Dunkle verjagt, das durch alles hindurchleuchtet, durch T\u00fcren und Fenster und Mauern.<br \/>\nEin Feuer, das die Gesichter der Menschen hell macht.<br \/>\nDie Menschen im Haus werden mit Freud erf\u00fcllt.<br \/>\nSie f\u00fchlen Kraft und Mut.<br \/>\nAngst und Traurigkeit sind weg.<br \/>\nSie sp\u00fcren: Gott ist in uns!<br \/>\nDer Heilige Geist ist in uns.<br \/>\nDie Freunde \u00f6ffnen nun ihr Haus,<br \/>\ndie Fenster, die T\u00fcren.<br \/>\nSie gehen hinaus zu den Menschen und erz\u00e4hlen ihnen voll Freude von Gott.<\/p>\n<p><strong><span style=\"color: #008000;\">Lied<\/span><br \/>\n<\/strong>Dein Geist weht wo er will<br \/>\n<a href=\"https:\/\/www.youtube.com\/watch?v=GX3E0zGUQ4k&amp;list=RDGX3E0zGUQ4k&amp;start_radio=1&amp;t=20\">https:\/\/www.youtube.com\/watch?v=GX3E0zGUQ4k&amp;list=RDGX3E0zGUQ4k&amp;start_radio=1&amp;t=20<\/a><\/p>\n<p><span style=\"color: #3366ff;\"><i>Per Mausklick auf den Pfeil die Audio-Datei abspielen:<br \/>\n<\/i><\/span><\/p>\n<audio class=\"wp-audio-shortcode\" id=\"audio-8621-3\" preload=\"none\" style=\"width: 100%;\" controls=\"controls\"><source type=\"audio\/mpeg\" src=\"https:\/\/mariafrieden-hamminkeln.de\/wp-content\/uploads\/2020\/05\/Zum-Nachdenken-Pfingsten-2020.mp3?_=3\" \/><a href=\"https:\/\/mariafrieden-hamminkeln.de\/wp-content\/uploads\/2020\/05\/Zum-Nachdenken-Pfingsten-2020.mp3\">https:\/\/mariafrieden-hamminkeln.de\/wp-content\/uploads\/2020\/05\/Zum-Nachdenken-Pfingsten-2020.mp3<\/a><\/audio>\n<div id=\"attachment_8630\" style=\"width: 310px\" class=\"wp-caption alignright\"><img loading=\"lazy\" decoding=\"async\" aria-describedby=\"caption-attachment-8630\" class=\"wp-image-8630 size-medium\" src=\"https:\/\/mariafrieden-hamminkeln.de\/wp-content\/uploads\/2020\/05\/https___www.pfarrbriefservice.de_sites_default_files_atoms_image_16915_kunstfenster_05_by_martin_manigatterer_pfarrbriefservice-300x300.jpg\" alt=\"\" width=\"300\" height=\"300\" srcset=\"https:\/\/mariafrieden-hamminkeln.de\/wp-content\/uploads\/2020\/05\/https___www.pfarrbriefservice.de_sites_default_files_atoms_image_16915_kunstfenster_05_by_martin_manigatterer_pfarrbriefservice-300x300.jpg 300w, https:\/\/mariafrieden-hamminkeln.de\/wp-content\/uploads\/2020\/05\/https___www.pfarrbriefservice.de_sites_default_files_atoms_image_16915_kunstfenster_05_by_martin_manigatterer_pfarrbriefservice-1024x1020.jpg 1024w, https:\/\/mariafrieden-hamminkeln.de\/wp-content\/uploads\/2020\/05\/https___www.pfarrbriefservice.de_sites_default_files_atoms_image_16915_kunstfenster_05_by_martin_manigatterer_pfarrbriefservice-150x150.jpg 150w, https:\/\/mariafrieden-hamminkeln.de\/wp-content\/uploads\/2020\/05\/https___www.pfarrbriefservice.de_sites_default_files_atoms_image_16915_kunstfenster_05_by_martin_manigatterer_pfarrbriefservice-768x765.jpg 768w, https:\/\/mariafrieden-hamminkeln.de\/wp-content\/uploads\/2020\/05\/https___www.pfarrbriefservice.de_sites_default_files_atoms_image_16915_kunstfenster_05_by_martin_manigatterer_pfarrbriefservice-1536x1530.jpg 1536w, https:\/\/mariafrieden-hamminkeln.de\/wp-content\/uploads\/2020\/05\/https___www.pfarrbriefservice.de_sites_default_files_atoms_image_16915_kunstfenster_05_by_martin_manigatterer_pfarrbriefservice-2048x2040.jpg 2048w, https:\/\/mariafrieden-hamminkeln.de\/wp-content\/uploads\/2020\/05\/https___www.pfarrbriefservice.de_sites_default_files_atoms_image_16915_kunstfenster_05_by_martin_manigatterer_pfarrbriefservice-624x622.jpg 624w\" sizes=\"(max-width: 300px) 100vw, 300px\" \/><p id=\"caption-attachment-8630\" class=\"wp-caption-text\">Bild: Martin Manigatterer \/ Kunst: Glaswerkst\u00e4tten im Stift Schlierbach \/ Standort: Fatimakapelle Schardenberg In: Pfarrbriefservice.de<\/p><\/div>\n<p style=\"padding-left: 40px;\"><strong><span style=\"color: #008000;\">Zum Nachdenken und miteinander Reden<\/span><br \/>\n<\/strong>Letzte Woche war wieder so ein Tag, an dem ich nicht so recht wusste was ich machen sollte. Fast alle Termine waren abgesagt. Die Fenster waren auch schon geputzt und Freunde treffen war ja auch nicht m\u00f6glich. Aus lauter Langeweile kramte ich im Schrank zwischen alten Fotoalben herum und entdeckte dazwischen mein altes Briefpapier. Wirklich altes Briefpapier mit passenden Briefumschl\u00e4gen. Ich wei\u00df gar nicht, ob man sowas heute noch kaufen kann. Auf einmal kam mir die Idee, Ich hatte einer meiner Freundinnen, die ich schon lange nicht mehr gesehen hatte, einen Brief zu schreiben. Gesagt getan. Da war mir nicht mehr langweilig und mit diesem Brief habe ich meiner Freundin eine wirklich gro\u00dfe Freude gemacht.<br \/>\nIn solchen Situationen glaube ich, hat der Heilige Geist seine Finger im Spiel.<br \/>\nDen heiligen Geist kann ich nicht sehen, aber ich kann ihn sp\u00fcren. Er macht was mit mir. Er setzt mich in Bewegung. Er hilft mir etwas im Sinne Jesu zum guten Leben beizutragen.<br \/>\nWenn ich gefragt werde, was f\u00fcr mich der Heilige Geist ist, dann vergleiche ich ihn \u00a0oft mit dem \u201eHerzschlag\u201c oder ich sage, er ist f\u00fcr mich wie die Energie.<br \/>\nDie J\u00fcnger haben auch neue Energie bekommen. Der Geist hat aus ihnen sogar mutige und starke Menschen gemacht, die hinausgegangen sind um allen Menschen ganz begeistert von Jesus und seiner Botschaft zu erz\u00e4hlen. Sie brannten daf\u00fcr.<br \/>\nDieser Heilige Geist bringt unser Herz in Bewegung und macht auch uns zu mutigen und starken Menschen, die sich mit ihren F\u00e4higkeiten und Begabungen f\u00fcr etwas einzusetzen. In unserer Gemeinde fallen mir die vielen Menschen ein, die f\u00fcr etwas brennen. Die vielen Ehrenamtlichen die t\u00e4glich f\u00fcr \u201eEssen auf R\u00e4dern\u201c unterwegs sind &#8211; oder f\u00fcr Mehrhoog hilft. Aber auch die vielen Kinder die \u00a0zum Jahresanfang als Sternsinger oder die, die in den letzten Wochen als Zeichen der Hoffnung einen Regenbogen gemalt haben.<br \/>\nBei all dem ist ein guter Geist und f\u00fcr mich der Heilige Geist sp\u00fcrbar.<br \/>\nDa wird f\u00fcr mich das Wirken des Heiligen Geistes sichtbar.<\/p>\n<ul>\n<li>Was ist f\u00fcr dich, was ist f\u00fcr euch der Heilige Geist?<\/li>\n<li>Erz\u00e4hlt euch gegenseitig Situationen, in den ihr schon mal das Wirken des heiligen Geistes gesp\u00fcrt habt.<\/li>\n<\/ul>\n<p><span style=\"color: #008000;\"><strong>Aktion<\/strong><\/span><\/p>\n<ul>\n<li><strong>Der Heilige Geist ist, \u00e4hnlich wie der Wind, nicht sichtbar aber sp\u00fcrbar.<\/strong><br \/>\nWenn du mit deiner Hand wie mit einem F\u00e4cher wedelst, sp\u00fcrst du den Wind?<br \/>\nOder puste ganz vorsichtig in die Kerzenflamme. Siehst du wie sie flackert?<br \/>\nVielleicht hast du noch andere Ideen, den Wind (Luft) sichtbar oder sp\u00fcrbar zu machen.<\/li>\n<li><strong>Der Heilige Geist gibt neue Energie.<\/strong> Nehmt einen Luftballon zur Hand und haltet ihn zwischen Daumen und Zeigefinger. Er h\u00e4ngt matt herunter. So \u00e4hnlich f\u00fchlen sich die J\u00fcnger zum Beginn der Geschichte- traurig, niedergeschlagen und mutlos. Dann kommt der Heilige Geist.<br \/>\nPuste nun Luft in den Ballon. Er kommt in Bewegung. Halte ihn zu und dr\u00fccke ihn vorsichtig. Da ist jetzt Schwung und Spannkraft drin.<br \/>\nKannst du dir vorstellen, wie sich die J\u00fcnger gef\u00fchlt haben?<\/li>\n<li><strong>Wie den Wind, kann man den Heiligen Geist nicht sehen, aber man kann sehen, was er bewegt.<\/strong> Hier findest du eine Anleitung zum Basteln eines Windrades <a href=\"https:\/\/www.pfarrbriefservice.de\/topicpage\/ein-windrad-basteln\">https:\/\/www.pfarrbriefservice.de\/topicpage\/ein-windrad-basteln<\/a><\/li>\n<\/ul>\n<p><span style=\"color: #0000ff;\"><i><span style=\"color: #3366ff;\">Per Mausklick auf den Pfeil die Audio-Datei abspielen, Nach jeder Bitte antworten wir: \u201eKomm Heiliger Geist\u201c:<\/span><br \/>\n<\/i><\/span><\/p>\n<audio class=\"wp-audio-shortcode\" id=\"audio-8621-4\" preload=\"none\" style=\"width: 100%;\" controls=\"controls\"><source type=\"audio\/mpeg\" src=\"https:\/\/mariafrieden-hamminkeln.de\/wp-content\/uploads\/2020\/05\/F\u00fcrbitten-Pfingsten-2020.mp3?_=4\" \/><a href=\"https:\/\/mariafrieden-hamminkeln.de\/wp-content\/uploads\/2020\/05\/F\u00fcrbitten-Pfingsten-2020.mp3\">https:\/\/mariafrieden-hamminkeln.de\/wp-content\/uploads\/2020\/05\/F\u00fcrbitten-Pfingsten-2020.mp3<\/a><\/audio>\n<p style=\"padding-left: 40px;\"><span style=\"color: #008000;\"><strong>F\u00fcrbitten<\/strong><\/span><\/p>\n<p style=\"padding-left: 40px;\">Gott, mit dem was uns besch\u00e4ftigt d\u00fcrfen wir uns an dich wenden.<\/p>\n<ul>\n<li style=\"list-style-type: none;\">\n<ul>\n<li>F\u00fcr alle, die sich in jetzt in der Zeit der Corona-Pandemie oft schlapp und mutlos f\u00fchlen. Gib ihnen neuen Schwung.<\/li>\n<li>F\u00fcr alle, die in diesen Tagen traurig sind. Gib ihnen Trost.<\/li>\n<li>F\u00fcr alle, die anderen Menschen helfen und sich f\u00fcr sie einsetzten. Gib ihnen die n\u00f6tige Kraft.<\/li>\n<li>F\u00fcr alle, die sich f\u00fcr die Botschaft Jesu einsetzen. Lass sie Begeisterung ausstrahlen.<\/li>\n<li>F\u00fcr alle, die an ihren F\u00e4higkeiten und Begabungen zweifeln. St\u00e4rke sie durch deine Liebe.<\/li>\n<\/ul>\n<\/li>\n<\/ul>\n<p><strong><span style=\"color: #008000;\">Wir beten das Vater unser<\/span><br \/>\n<\/strong>Vater unser im Himmel,<br \/>\ngeheiligt werde dein Name.<br \/>\nDein Reich komme.<br \/>\nDein Wille geschehe,<br \/>\nwie im Himmel so auf Erden.<br \/>\nUnser t\u00e4gliches Brot gib uns heute.<br \/>\nUnd vergib uns unsere Schuld,<br \/>\nwie auch wir vergeben unserem Schuldigern.<br \/>\nUnd f\u00fchre uns nicht in Versuchung,<br \/>\nsondern erl\u00f6se uns von dem B\u00f6sen.<br \/>\nDenn dein ist das Reich und die Kraft<br \/>\nund die Herrlichkeit in Ewigkeit. Amen<\/p>\n<p><strong><span style=\"color: #008000;\">Schlusssegen<\/span><br \/>\n<\/strong><span style=\"color: #3366ff;\"><em>Wir beenden unseren Gottesdienst\u00a0mit den Worten:<\/em><\/span><br \/>\n<strong>\u201eEs segne uns der Vater, der Sohn und der Heilige Geist. Amen.&#8220;<\/strong><\/p>\n<p><span style=\"color: #3366ff;\"><em>Dabei k\u00f6nnen wir wieder das Kreuzzeichen machen wie am Anfang oder wir zeichnen uns gegenseitig ein Kreuz auf die Stirn.<\/em><\/span><\/p>\n<p><span style=\"text-decoration: underline;\">Ein Dank gilt den Mitwirkenden:<\/span> Heike, Ina, Thea, Max, Raimund, Luzi, Levin und Ilona<\/p>\n<p>Hier der <a href=\"https:\/\/mariafrieden-hamminkeln.de\/wp-content\/uploads\/2020\/05\/Kompletter-Ablauf-Pfingsten-2020.pdf\">gesamte Ablauf als PDF zum Download<\/a>.<\/p>\n ","protected":false},"excerpt":{"rendered":"<p>Gebrauchsanweisung: Familiengottesdienste f\u00fcr Zuhause \u00dcberlegen Sie sich gemeinsam, zu welcher Uhrzeit Sie diesen Gottesdienst feiern m\u00f6chten. Vielleicht nehmen Sie die Gottesdienstzeit Ihrer Kirche. Suchen Sie sich gemeinsam einen Ort, an dem Sie gut diesen Gottesdienst feiern k\u00f6nnen. Das kann der Esstisch, die Couch im Wohnzimmer sein oder auch auf dem Teppichboden sitzend im Kinderzimmer. Schauen [&hellip;]<\/p>\n","protected":false},"author":1,"featured_media":0,"parent":8615,"menu_order":0,"comment_status":"closed","ping_status":"closed","template":"","meta":{"footnotes":""},"_links":{"self":[{"href":"https:\/\/mariafrieden-hamminkeln.de\/index.php?rest_route=\/wp\/v2\/pages\/8621"}],"collection":[{"href":"https:\/\/mariafrieden-hamminkeln.de\/index.php?rest_route=\/wp\/v2\/pages"}],"about":[{"href":"https:\/\/mariafrieden-hamminkeln.de\/index.php?rest_route=\/wp\/v2\/types\/page"}],"author":[{"embeddable":true,"href":"https:\/\/mariafrieden-hamminkeln.de\/index.php?rest_route=\/wp\/v2\/users\/1"}],"replies":[{"embeddable":true,"href":"https:\/\/mariafrieden-hamminkeln.de\/index.php?rest_route=%2Fwp%2Fv2%2Fcomments&post=8621"}],"version-history":[{"count":8,"href":"https:\/\/mariafrieden-hamminkeln.de\/index.php?rest_route=\/wp\/v2\/pages\/8621\/revisions"}],"predecessor-version":[{"id":8638,"href":"https:\/\/mariafrieden-hamminkeln.de\/index.php?rest_route=\/wp\/v2\/pages\/8621\/revisions\/8638"}],"up":[{"embeddable":true,"href":"https:\/\/mariafrieden-hamminkeln.de\/index.php?rest_route=\/wp\/v2\/pages\/8615"}],"wp:attachment":[{"href":"https:\/\/mariafrieden-hamminkeln.de\/index.php?rest_route=%2Fwp%2Fv2%2Fmedia&parent=8621"}],"curies":[{"name":"wp","href":"https:\/\/api.w.org\/{rel}","templated":true}]}}