{"id":8925,"date":"2020-08-15T11:21:36","date_gmt":"2020-08-15T11:21:36","guid":{"rendered":"https:\/\/mariafrieden-hamminkeln.de\/?page_id=8925"},"modified":"2021-07-04T10:26:47","modified_gmt":"2021-07-04T10:26:47","slug":"unser-schutzkonzept","status":"publish","type":"page","link":"https:\/\/mariafrieden-hamminkeln.de\/?page_id=8925","title":{"rendered":"ISK &#8211; Schutzkonzept"},"content":{"rendered":"<h3><span style=\"color: #cc99ff;\">EINLEITUNG<\/span><\/h3>\n<p><img loading=\"lazy\" decoding=\"async\" class=\"alignright size-medium wp-image-8927\" src=\"https:\/\/mariafrieden-hamminkeln.de\/wp-content\/uploads\/2020\/08\/https___www.pfarrbriefservice.de_sites_default_files_atoms_image_hands-4628979_by_alles_pixabay_pfarrbriefservice-300x191.jpg\" alt=\"\" width=\"300\" height=\"191\" srcset=\"https:\/\/mariafrieden-hamminkeln.de\/wp-content\/uploads\/2020\/08\/https___www.pfarrbriefservice.de_sites_default_files_atoms_image_hands-4628979_by_alles_pixabay_pfarrbriefservice-300x191.jpg 300w, https:\/\/mariafrieden-hamminkeln.de\/wp-content\/uploads\/2020\/08\/https___www.pfarrbriefservice.de_sites_default_files_atoms_image_hands-4628979_by_alles_pixabay_pfarrbriefservice-1024x653.jpg 1024w, https:\/\/mariafrieden-hamminkeln.de\/wp-content\/uploads\/2020\/08\/https___www.pfarrbriefservice.de_sites_default_files_atoms_image_hands-4628979_by_alles_pixabay_pfarrbriefservice-768x490.jpg 768w, https:\/\/mariafrieden-hamminkeln.de\/wp-content\/uploads\/2020\/08\/https___www.pfarrbriefservice.de_sites_default_files_atoms_image_hands-4628979_by_alles_pixabay_pfarrbriefservice-1536x980.jpg 1536w, https:\/\/mariafrieden-hamminkeln.de\/wp-content\/uploads\/2020\/08\/https___www.pfarrbriefservice.de_sites_default_files_atoms_image_hands-4628979_by_alles_pixabay_pfarrbriefservice-2048x1307.jpg 2048w, https:\/\/mariafrieden-hamminkeln.de\/wp-content\/uploads\/2020\/08\/https___www.pfarrbriefservice.de_sites_default_files_atoms_image_hands-4628979_by_alles_pixabay_pfarrbriefservice-624x398.jpg 624w\" sizes=\"(max-width: 300px) 100vw, 300px\" \/>Die in den letzten Jahren unvorstellbare gro\u00dfe Anzahl von bekanntgewordenen sexuell motivierten Straftaten, von \u00dcbergriffen, Misshandlungen und Grenzverletzungen auch in Einrichtungen der katholischen Kirche\u00a0 f\u00fchrte bundesweit zu Pr\u00e4ventionsma\u00dfnahmen zum Schutz vor sexualisierter Gewalt. \u201eAugen auf \u2013 hinsehen und sch\u00fctzen\u201c, unter dieses Leitwort hat das Bistum M\u00fcnster seine Anstrengungen und Ma\u00dfnahmen zum Schutz vor sexualisierter Gewalt gestellt. Aus diesem Leitwort wird deutlich, dass bereits das verst\u00e4rkte Hinsehen &#8211; also das Nicht-Wegschauen &#8211; einen aktiven Schutz vor sexualisierter Gewalt darstellen kann!<\/p>\n<p><a href=\"https:\/\/mariafrieden-hamminkeln.de\/wp-content\/uploads\/2021\/07\/ISK-Maria-Frieden-Endfassung-2020-06-akt.-2021-07.pdf\" target=\"_blank\" rel=\"noopener\"><img loading=\"lazy\" decoding=\"async\" class=\"alignleft size-medium wp-image-8928\" src=\"https:\/\/mariafrieden-hamminkeln.de\/wp-content\/uploads\/2020\/08\/isk-titel-213x300.jpg\" alt=\"\" width=\"213\" height=\"300\" srcset=\"https:\/\/mariafrieden-hamminkeln.de\/wp-content\/uploads\/2020\/08\/isk-titel-213x300.jpg 213w, https:\/\/mariafrieden-hamminkeln.de\/wp-content\/uploads\/2020\/08\/isk-titel-624x879.jpg 624w, https:\/\/mariafrieden-hamminkeln.de\/wp-content\/uploads\/2020\/08\/isk-titel.jpg 644w\" sizes=\"(max-width: 213px) 100vw, 213px\" \/><\/a>Um als Kirche f\u00fcr den Schutz uns anvertrauter Menschen nachzukommen, hat Bischof Felix Genn zum 1. Mai 2014 die Ordnung zur Pr\u00e4vention von sexualisierter Gewalt an Minderj\u00e4hrigen und schutz- \u00adoder hilfebed\u00fcrftigen Erwachsenen in Kraft gesetzt. <strong><span style=\"color: #008000;\">Darum sehen wir auch in unserer Pfarrei Maria Frieden eine besondere Verantwortung darin, uns f\u00fcr das Wohl\u00a0 und die Sicherheit vor allem von Kindern und Jugendlichen in unseren Gemeinder\u00e4umen, in unseren Einrichtungen und bei Veranstaltungen einzusetzen.<\/span><\/strong> Kirche soll f\u00fcr Kinder und Jugendliche ein gesch\u00fctzter Raum sein, in dem sie sich sicher f\u00fchlen und sich gesund entwickeln k\u00f6nnen. Dieses Institutionelle Schutzkonzept (ISK) ist verbindlich f\u00fcr alle hauptamtlichen Mitarbeitenden und f\u00fcr alle ehrenamtlich T\u00e4tigen, die regelm\u00e4\u00dfig Kontakt zu Kindern und Jugendlichen und schutzbed\u00fcrftigen Erwachsenen\u00a0haben.<\/p>\n<p>Dieses Institutionelle Schutzkonzept ist in der Zeit von Mai 2019 bis Juni 2020 in Zusammenarbeit mit den Kindertageseinrichtungen, dem Jugendtreff \u201eNext Generation\u201c und einigen Gruppen unserer Pfarrei unter Leitung einer Projektgruppe erarbeitet worden.<\/p>\n<h3><span style=\"color: #0000ff;\">DER GANZE TEXT: UNSER INSTITUTIONELLES SCHUTZKONZEPT<\/span><\/h3>\n<p>Hier kann der gesamte Text als PDF geladen und gelesen werden: <a href=\"https:\/\/mariafrieden-hamminkeln.de\/wp-content\/uploads\/2021\/07\/ISK-Maria-Frieden-Endfassung-2020-06-akt.-2021-07.pdf\" target=\"_blank\" rel=\"noopener noreferrer\">LINK<\/a><\/p>\n<h3><span style=\"color: #ff0000;\">FORMULARE\/DOWNLOADS<\/span><\/h3>\n<ul style=\"list-style-type: square;\">\n<li><a href=\"https:\/\/mariafrieden-hamminkeln.de\/wp-content\/uploads\/2020\/08\/ISK-Selbstauskunftserkl\u00e4rung.pdf\" target=\"_blank\" rel=\"noopener noreferrer\">Selbstauskunftserkl\u00e4rung<\/a><\/li>\n<li><a href=\"https:\/\/mariafrieden-hamminkeln.de\/wp-content\/uploads\/2020\/08\/ISK-Verhaltenskodex.pdf\" target=\"_blank\" rel=\"noopener noreferrer\">Verhaltenskodex<\/a><\/li>\n<li><a href=\"https:\/\/mariafrieden-hamminkeln.de\/wp-content\/uploads\/2020\/08\/ISK-Handlungsleitfaden.pdf\" target=\"_blank\" rel=\"noopener noreferrer\">Handlungsleitfaden<\/a><\/li>\n<li><a href=\"https:\/\/mariafrieden-hamminkeln.de\/wp-content\/uploads\/2020\/08\/ISK-Grenzverletzungen.pdf\" target=\"_blank\" rel=\"noopener noreferrer\">Grenzverletzungen unter Teilnehmenden<\/a><\/li>\n<li><a href=\"https:\/\/mariafrieden-hamminkeln.de\/wp-content\/uploads\/2020\/08\/ISK-Mitteilungsfall.pdf\" target=\"_blank\" rel=\"noopener noreferrer\">Mitteilungsfall<\/a><\/li>\n<li><a href=\"https:\/\/mariafrieden-hamminkeln.de\/wp-content\/uploads\/2020\/08\/ISK-Vermutungsfall.pdf\" target=\"_blank\" rel=\"noopener noreferrer\">Vermutungsfall<\/a><\/li>\n<li><a href=\"https:\/\/mariafrieden-hamminkeln.de\/wp-content\/uploads\/2020\/08\/ISK-Dokumentationsbogen.pdf\" target=\"_blank\" rel=\"noopener noreferrer\">Dokumentationsbogen<\/a><\/li>\n<\/ul>\n<h3><span style=\"color: #ff9900;\">ANSPRECHPARTNER<\/span><\/h3>\n<p>Hier finden Sie die Ansprechpartner (PDF): <a href=\"https:\/\/mariafrieden-hamminkeln.de\/wp-content\/uploads\/2021\/07\/ISK-Ansprechpartner-07-21.pdf\" target=\"_blank\" rel=\"noopener noreferrer\">LINK<\/a><\/p>\n ","protected":false},"excerpt":{"rendered":"<p>EINLEITUNG Die in den letzten Jahren unvorstellbare gro\u00dfe Anzahl von bekanntgewordenen sexuell motivierten Straftaten, von \u00dcbergriffen, Misshandlungen und Grenzverletzungen auch in Einrichtungen der katholischen Kirche\u00a0 f\u00fchrte bundesweit zu Pr\u00e4ventionsma\u00dfnahmen zum Schutz vor sexualisierter Gewalt. \u201eAugen auf \u2013 hinsehen und sch\u00fctzen\u201c, unter dieses Leitwort hat das Bistum M\u00fcnster seine Anstrengungen und Ma\u00dfnahmen zum Schutz vor sexualisierter [&hellip;]<\/p>\n","protected":false},"author":1,"featured_media":0,"parent":22,"menu_order":0,"comment_status":"closed","ping_status":"closed","template":"","meta":{"footnotes":""},"_links":{"self":[{"href":"https:\/\/mariafrieden-hamminkeln.de\/index.php?rest_route=\/wp\/v2\/pages\/8925"}],"collection":[{"href":"https:\/\/mariafrieden-hamminkeln.de\/index.php?rest_route=\/wp\/v2\/pages"}],"about":[{"href":"https:\/\/mariafrieden-hamminkeln.de\/index.php?rest_route=\/wp\/v2\/types\/page"}],"author":[{"embeddable":true,"href":"https:\/\/mariafrieden-hamminkeln.de\/index.php?rest_route=\/wp\/v2\/users\/1"}],"replies":[{"embeddable":true,"href":"https:\/\/mariafrieden-hamminkeln.de\/index.php?rest_route=%2Fwp%2Fv2%2Fcomments&post=8925"}],"version-history":[{"count":10,"href":"https:\/\/mariafrieden-hamminkeln.de\/index.php?rest_route=\/wp\/v2\/pages\/8925\/revisions"}],"predecessor-version":[{"id":11068,"href":"https:\/\/mariafrieden-hamminkeln.de\/index.php?rest_route=\/wp\/v2\/pages\/8925\/revisions\/11068"}],"up":[{"embeddable":true,"href":"https:\/\/mariafrieden-hamminkeln.de\/index.php?rest_route=\/wp\/v2\/pages\/22"}],"wp:attachment":[{"href":"https:\/\/mariafrieden-hamminkeln.de\/index.php?rest_route=%2Fwp%2Fv2%2Fmedia&parent=8925"}],"curies":[{"name":"wp","href":"https:\/\/api.w.org\/{rel}","templated":true}]}}