{"id":94,"date":"2015-06-19T07:47:18","date_gmt":"2015-06-19T07:47:18","guid":{"rendered":"http:\/\/mariafrieden-hamminkeln.de\/?page_id=94"},"modified":"2026-05-07T14:10:58","modified_gmt":"2026-05-07T14:10:58","slug":"gemeindenachrichten","status":"publish","type":"page","link":"https:\/\/mariafrieden-hamminkeln.de\/?page_id=94","title":{"rendered":"Pfarrnachrichten"},"content":{"rendered":"<p><a href=\"https:\/\/mariafrieden-hamminkeln.de\/wp-content\/uploads\/2026\/05\/Pfarrnachrichten-der-Pfarrei-Maria-Frieden-zum-10.05.2026.pdf\">Pfarrnachrichten der Pfarrei Maria Frieden zum 10.05.2026<\/a><\/p>\n<p><strong><span style=\"font-size: 14pt;\">Pfarrnachrichten als \u201eABO\u201c<br \/>\n<\/span><\/strong>Es besteht die M\u00f6glichkeit, die Pfarrnachrichten w\u00f6chentlich per E-Mail zu erhalten. Wenn Sie daran interessiert sind, k\u00f6nnen Sie sich unter folgenden E-Mail-Adresse anmelden:<br \/>\n<a href=\"mailto:mariafrieden-hamminkeln@bistum-muenster.de\">mariafrieden-hamminkeln@bistum-muenster.de<\/a><\/p>\n ","protected":false},"excerpt":{"rendered":"<p>Pfarrnachrichten der Pfarrei Maria Frieden zum 10.05.2026 Pfarrnachrichten als \u201eABO\u201c Es besteht die M\u00f6glichkeit, die Pfarrnachrichten w\u00f6chentlich per E-Mail zu erhalten. Wenn Sie daran interessiert sind, k\u00f6nnen Sie sich unter folgenden E-Mail-Adresse anmelden: mariafrieden-hamminkeln@bistum-muenster.de<\/p>\n","protected":false},"author":1,"featured_media":0,"parent":7,"menu_order":0,"comment_status":"closed","ping_status":"closed","template":"","meta":{"footnotes":""},"_links":{"self":[{"href":"https:\/\/mariafrieden-hamminkeln.de\/index.php?rest_route=\/wp\/v2\/pages\/94"}],"collection":[{"href":"https:\/\/mariafrieden-hamminkeln.de\/index.php?rest_route=\/wp\/v2\/pages"}],"about":[{"href":"https:\/\/mariafrieden-hamminkeln.de\/index.php?rest_route=\/wp\/v2\/types\/page"}],"author":[{"embeddable":true,"href":"https:\/\/mariafrieden-hamminkeln.de\/index.php?rest_route=\/wp\/v2\/users\/1"}],"replies":[{"embeddable":true,"href":"https:\/\/mariafrieden-hamminkeln.de\/index.php?rest_route=%2Fwp%2Fv2%2Fcomments&post=94"}],"version-history":[{"count":1221,"href":"https:\/\/mariafrieden-hamminkeln.de\/index.php?rest_route=\/wp\/v2\/pages\/94\/revisions"}],"predecessor-version":[{"id":17148,"href":"https:\/\/mariafrieden-hamminkeln.de\/index.php?rest_route=\/wp\/v2\/pages\/94\/revisions\/17148"}],"up":[{"embeddable":true,"href":"https:\/\/mariafrieden-hamminkeln.de\/index.php?rest_route=\/wp\/v2\/pages\/7"}],"wp:attachment":[{"href":"https:\/\/mariafrieden-hamminkeln.de\/index.php?rest_route=%2Fwp%2Fv2%2Fmedia&parent=94"}],"curies":[{"name":"wp","href":"https:\/\/api.w.org\/{rel}","templated":true}]}}