{"id":9726,"date":"2021-01-02T10:31:04","date_gmt":"2021-01-02T10:31:04","guid":{"rendered":"https:\/\/mariafrieden-hamminkeln.de\/?page_id=9726"},"modified":"2025-11-05T15:44:25","modified_gmt":"2025-11-05T15:44:25","slug":"live-gottesdienste-aus-st-pankratius-dingden","status":"publish","type":"page","link":"https:\/\/mariafrieden-hamminkeln.de\/?page_id=9726","title":{"rendered":"Live-Gottesdienste aus St. Pankratius Dingden"},"content":{"rendered":"<p><span style=\"font-size: 12pt;\"><strong>Regelm\u00e4\u00dfige \u00dcbertragung der Hl. Messe:<\/strong><\/span><\/p>\n<p><img loading=\"lazy\" decoding=\"async\" class=\"alignleft wp-image-12142 \" src=\"https:\/\/mariafrieden-hamminkeln.de\/wp-content\/uploads\/2022\/03\/Live-Stream.jpg\" alt=\"\" width=\"319\" height=\"227\" srcset=\"https:\/\/mariafrieden-hamminkeln.de\/wp-content\/uploads\/2022\/03\/Live-Stream.jpg 595w, https:\/\/mariafrieden-hamminkeln.de\/wp-content\/uploads\/2022\/03\/Live-Stream-300x214.jpg 300w\" sizes=\"(max-width: 319px) 100vw, 319px\" \/><\/p>\n<p>&nbsp;<\/p>\n<p>&nbsp;<\/p>\n<p>Den Livestream erreichen Sie \u00fcber unsere YouTube-Seite: <a href=\"https:\/\/www.youtube.com\/channel\/UC4NI8jg6cU-0oHtSTMqSa8g\/featured\" target=\"_blank\" rel=\"noopener\">LINK HIER<\/a><\/p>\n<p>&nbsp;<\/p>\n<p>&nbsp;<\/p>\n<p>&nbsp;<\/p>\n<p>&nbsp;<\/p>\n ","protected":false},"excerpt":{"rendered":"<p>Regelm\u00e4\u00dfige \u00dcbertragung der Hl. Messe: &nbsp; &nbsp; Den Livestream erreichen Sie \u00fcber unsere YouTube-Seite: LINK HIER &nbsp; &nbsp; &nbsp; &nbsp;<\/p>\n","protected":false},"author":1,"featured_media":0,"parent":0,"menu_order":0,"comment_status":"closed","ping_status":"closed","template":"","meta":{"footnotes":""},"_links":{"self":[{"href":"https:\/\/mariafrieden-hamminkeln.de\/index.php?rest_route=\/wp\/v2\/pages\/9726"}],"collection":[{"href":"https:\/\/mariafrieden-hamminkeln.de\/index.php?rest_route=\/wp\/v2\/pages"}],"about":[{"href":"https:\/\/mariafrieden-hamminkeln.de\/index.php?rest_route=\/wp\/v2\/types\/page"}],"author":[{"embeddable":true,"href":"https:\/\/mariafrieden-hamminkeln.de\/index.php?rest_route=\/wp\/v2\/users\/1"}],"replies":[{"embeddable":true,"href":"https:\/\/mariafrieden-hamminkeln.de\/index.php?rest_route=%2Fwp%2Fv2%2Fcomments&post=9726"}],"version-history":[{"count":24,"href":"https:\/\/mariafrieden-hamminkeln.de\/index.php?rest_route=\/wp\/v2\/pages\/9726\/revisions"}],"predecessor-version":[{"id":16711,"href":"https:\/\/mariafrieden-hamminkeln.de\/index.php?rest_route=\/wp\/v2\/pages\/9726\/revisions\/16711"}],"wp:attachment":[{"href":"https:\/\/mariafrieden-hamminkeln.de\/index.php?rest_route=%2Fwp%2Fv2%2Fmedia&parent=9726"}],"curies":[{"name":"wp","href":"https:\/\/api.w.org\/{rel}","templated":true}]}}