{"id":9752,"date":"2021-01-05T09:03:55","date_gmt":"2021-01-05T09:03:55","guid":{"rendered":"https:\/\/mariafrieden-hamminkeln.de\/?page_id=9752"},"modified":"2021-04-08T09:02:06","modified_gmt":"2021-04-08T09:02:06","slug":"ehejubilaeen","status":"publish","type":"page","link":"https:\/\/mariafrieden-hamminkeln.de\/?page_id=9752","title":{"rendered":"Ehejubil\u00e4en"},"content":{"rendered":"<p>Terminabsprache und Anmeldung im <a href=\"https:\/\/mariafrieden-hamminkeln.de\/?page_id=135\"><u>Pfarrb\u00fcro<\/u><\/a> (auch telefonisch m\u00f6glich). Einer der Seelsorger wird sich melden zur Vorbereitung des Gottesdienstes. Auch hier gilt wie bei der Trauung, m\u00f6glichst fr\u00fchzeitig einen Termin zu vereinbaren, da manche Termine oft schon ein Jahr im Voraus vergeben sind.<\/p>\n<p>Kosten: keine. Wenn die Jubil\u00e4umsfeier in einer Messfeier erfolgen soll, dann wird wie \u00fcblich eine Messspende von 2,50 \u20ac erbeten.<\/p>\n<p>&nbsp;<\/p>\n ","protected":false},"excerpt":{"rendered":"<p>Terminabsprache und Anmeldung im Pfarrb\u00fcro (auch telefonisch m\u00f6glich). Einer der Seelsorger wird sich melden zur Vorbereitung des Gottesdienstes. Auch hier gilt wie bei der Trauung, m\u00f6glichst fr\u00fchzeitig einen Termin zu vereinbaren, da manche Termine oft schon ein Jahr im Voraus vergeben sind. Kosten: keine. Wenn die Jubil\u00e4umsfeier in einer Messfeier erfolgen soll, dann wird wie [&hellip;]<\/p>\n","protected":false},"author":1,"featured_media":0,"parent":198,"menu_order":0,"comment_status":"closed","ping_status":"closed","template":"","meta":{"footnotes":""},"_links":{"self":[{"href":"https:\/\/mariafrieden-hamminkeln.de\/index.php?rest_route=\/wp\/v2\/pages\/9752"}],"collection":[{"href":"https:\/\/mariafrieden-hamminkeln.de\/index.php?rest_route=\/wp\/v2\/pages"}],"about":[{"href":"https:\/\/mariafrieden-hamminkeln.de\/index.php?rest_route=\/wp\/v2\/types\/page"}],"author":[{"embeddable":true,"href":"https:\/\/mariafrieden-hamminkeln.de\/index.php?rest_route=\/wp\/v2\/users\/1"}],"replies":[{"embeddable":true,"href":"https:\/\/mariafrieden-hamminkeln.de\/index.php?rest_route=%2Fwp%2Fv2%2Fcomments&post=9752"}],"version-history":[{"count":3,"href":"https:\/\/mariafrieden-hamminkeln.de\/index.php?rest_route=\/wp\/v2\/pages\/9752\/revisions"}],"predecessor-version":[{"id":9766,"href":"https:\/\/mariafrieden-hamminkeln.de\/index.php?rest_route=\/wp\/v2\/pages\/9752\/revisions\/9766"}],"up":[{"embeddable":true,"href":"https:\/\/mariafrieden-hamminkeln.de\/index.php?rest_route=\/wp\/v2\/pages\/198"}],"wp:attachment":[{"href":"https:\/\/mariafrieden-hamminkeln.de\/index.php?rest_route=%2Fwp%2Fv2%2Fmedia&parent=9752"}],"curies":[{"name":"wp","href":"https:\/\/api.w.org\/{rel}","templated":true}]}}