{"id":9756,"date":"2021-01-05T09:06:54","date_gmt":"2021-01-05T09:06:54","guid":{"rendered":"https:\/\/mariafrieden-hamminkeln.de\/?page_id=9756"},"modified":"2021-06-02T10:28:30","modified_gmt":"2021-06-02T10:28:30","slug":"wiedereintritt","status":"publish","type":"page","link":"https:\/\/mariafrieden-hamminkeln.de\/?page_id=9756","title":{"rendered":"Wiedereintritt"},"content":{"rendered":"<p>Was soll ich tun, wenn ich wieder zur Kirche zur\u00fcck m\u00f6chte?<\/p>\n<p>Wer aus der Kirche ausgetreten ist, hat keine unwiderrufliche Entscheidung getroffen. Immer wieder m\u00f6chten Menschen in die Gemeinschaft der Kirche zur\u00fcckkehren.<\/p>\n<p>Wenn Sie auch den Wunsch haben wieder aufgenommen zu werden, sprechen Sie gerne direkt mit einem <a href=\"https:\/\/mariafrieden-hamminkeln.de\/?page_id=41\"><u>Seelsorger<\/u><\/a> oder wenden sich an unser <a href=\"https:\/\/mariafrieden-hamminkeln.de\/?page_id=135\"><u>Pfarrb\u00fcro<\/u><\/a>.<\/p>\n<blockquote class=\"wp-embedded-content\" data-secret=\"QovSm95TsL\"><p><a href=\"https:\/\/mariafrieden-hamminkeln.de\/?p=10782\">Gedenken der Ausgetretenen<\/a><\/p><\/blockquote>\n<p><iframe class=\"wp-embedded-content\" sandbox=\"allow-scripts\" security=\"restricted\" style=\"position: absolute; clip: rect(1px, 1px, 1px, 1px);\" title=\"&#8222;Gedenken der Ausgetretenen&#8220; &#8212; Pfarrei Maria Frieden Hamminkeln\" src=\"https:\/\/mariafrieden-hamminkeln.de\/?p=10782&#038;embed=true#?secret=QovSm95TsL\" data-secret=\"QovSm95TsL\" width=\"600\" height=\"338\" frameborder=\"0\" marginwidth=\"0\" marginheight=\"0\" scrolling=\"no\"><\/iframe><\/p>\n ","protected":false},"excerpt":{"rendered":"<p>Was soll ich tun, wenn ich wieder zur Kirche zur\u00fcck m\u00f6chte? Wer aus der Kirche ausgetreten ist, hat keine unwiderrufliche Entscheidung getroffen. Immer wieder m\u00f6chten Menschen in die Gemeinschaft der Kirche zur\u00fcckkehren. Wenn Sie auch den Wunsch haben wieder aufgenommen zu werden, sprechen Sie gerne direkt mit einem Seelsorger oder wenden sich an unser Pfarrb\u00fcro. [&hellip;]<\/p>\n","protected":false},"author":1,"featured_media":0,"parent":20,"menu_order":7,"comment_status":"closed","ping_status":"closed","template":"","meta":{"footnotes":""},"_links":{"self":[{"href":"https:\/\/mariafrieden-hamminkeln.de\/index.php?rest_route=\/wp\/v2\/pages\/9756"}],"collection":[{"href":"https:\/\/mariafrieden-hamminkeln.de\/index.php?rest_route=\/wp\/v2\/pages"}],"about":[{"href":"https:\/\/mariafrieden-hamminkeln.de\/index.php?rest_route=\/wp\/v2\/types\/page"}],"author":[{"embeddable":true,"href":"https:\/\/mariafrieden-hamminkeln.de\/index.php?rest_route=\/wp\/v2\/users\/1"}],"replies":[{"embeddable":true,"href":"https:\/\/mariafrieden-hamminkeln.de\/index.php?rest_route=%2Fwp%2Fv2%2Fcomments&post=9756"}],"version-history":[{"count":6,"href":"https:\/\/mariafrieden-hamminkeln.de\/index.php?rest_route=\/wp\/v2\/pages\/9756\/revisions"}],"predecessor-version":[{"id":10826,"href":"https:\/\/mariafrieden-hamminkeln.de\/index.php?rest_route=\/wp\/v2\/pages\/9756\/revisions\/10826"}],"up":[{"embeddable":true,"href":"https:\/\/mariafrieden-hamminkeln.de\/index.php?rest_route=\/wp\/v2\/pages\/20"}],"wp:attachment":[{"href":"https:\/\/mariafrieden-hamminkeln.de\/index.php?rest_route=%2Fwp%2Fv2%2Fmedia&parent=9756"}],"curies":[{"name":"wp","href":"https:\/\/api.w.org\/{rel}","templated":true}]}}